{"id":113,"date":"2018-11-29T12:16:30","date_gmt":"2018-11-29T11:16:30","guid":{"rendered":"https:\/\/beta.spei.cz\/?page_id=113"},"modified":"2026-04-07T09:46:11","modified_gmt":"2026-04-07T07:46:11","slug":"kontakt-autoservis","status":"publish","type":"page","link":"https:\/\/spei.cz\/index.php\/kontakt-autoservis\/","title":{"rendered":"Autoservis"},"content":{"rendered":"\t\t<div data-elementor-type=\"wp-post\" data-elementor-id=\"113\" class=\"elementor elementor-113\" data-elementor-post-type=\"page\">\n\t\t\t\t\t\t<section class=\"elementor-section elementor-top-section elementor-element elementor-element-ab69ad2 elementor-section-boxed elementor-section-height-default elementor-section-height-default\" data-id=\"ab69ad2\" data-element_type=\"section\" data-e-type=\"section\">\n\t\t\t\t\t\t<div class=\"elementor-container elementor-column-gap-default\">\n\t\t\t\t\t<div class=\"elementor-column elementor-col-50 elementor-top-column elementor-element elementor-element-14a1a77\" data-id=\"14a1a77\" data-element_type=\"column\" data-e-type=\"column\">\n\t\t\t<div class=\"elementor-widget-wrap elementor-element-populated\">\n\t\t\t\t\t\t<div class=\"elementor-element elementor-element-5b0f528 elementor-widget elementor-widget-heading\" data-id=\"5b0f528\" data-element_type=\"widget\" data-e-type=\"widget\" data-widget_type=\"heading.default\">\n\t\t\t\t<div class=\"elementor-widget-container\">\n\t\t\t\t\t<h3 class=\"elementor-heading-title elementor-size-default\">Prosek<\/h3>\t\t\t\t<\/div>\n\t\t\t\t<\/div>\n\t\t\t\t<div class=\"elementor-element elementor-element-2c1a6c1 elementor-widget elementor-widget-text-editor\" data-id=\"2c1a6c1\" data-element_type=\"widget\" data-e-type=\"widget\" data-widget_type=\"text-editor.default\">\n\t\t\t\t<div class=\"elementor-widget-container\">\n\t\t\t\t\t\t\t\t\t<p id=\"prosek\">Na Vyhl\u00eddce 814\/17<br \/>190 00 Praha 9<\/p>\n<p><!-- \/wp:heading --><\/p>\n<p><!-- wp:paragraph --><!-- \/wp:paragraph --><\/p>\n<p><!-- wp:list --><\/p>\n<ul>\n<li>PO &#8211; 07:00 &#8211; 17:00<\/li>\n<li>\u00daT &#8211; 07:00 &#8211; 17:00<\/li>\n<li>ST &#8211; 07:00 &#8211; 17:00<\/li>\n<li>\u010cT &#8211; 07:00 &#8211; 17:00<\/li>\n<li>P\u00c1 &#8211; 07:00 &#8211; 16:00<\/li>\n<li>SO &#8211; ZAV\u0158ENO<\/li>\n<li>NE &#8211; ZAV\u0158ENO<\/li>\n<\/ul>\n<p>* do odvol\u00e1n\u00ed<\/p>\n<p><!-- \/wp:list --><\/p>\n<p><!-- wp:paragraph --><\/p>\n<p><strong>Telefonn\u00ed kontakt:<\/strong><br \/>pevn\u00e1 linka: +420\u00a0286 891 223<br \/>mobiln\u00ed telefon: +420\u00a0602 363 819<\/p>\n<p><!-- \/wp:paragraph --><\/p>\n<p><!-- wp:paragraph --><\/p>\n<p><strong>Email:<\/strong><br \/><a href=\"prosek@spei.cz\">pros<\/a><a href=\"mailto:prosek@spei.cz\">ek@spei.cz<\/a><\/p>\n<p><!-- \/wp:paragraph --><\/p>\n<p><!-- wp:heading {\"level\":4} --><!-- \/wp:paragraph --><\/p>\t\t\t\t\t\t\t\t<\/div>\n\t\t\t\t<\/div>\n\t\t\t\t<div class=\"elementor-element elementor-element-ccad3e7 elementor-widget elementor-widget-google_maps\" data-id=\"ccad3e7\" data-element_type=\"widget\" data-e-type=\"widget\" data-widget_type=\"google_maps.default\">\n\t\t\t\t<div class=\"elementor-widget-container\">\n\t\t\t\t\t\t\t<div class=\"elementor-custom-embed\">\n\t\t\t<iframe loading=\"lazy\"\n\t\t\t\t\tsrc=\"https:\/\/maps.google.com\/maps?q=SPEI%20SERVIS%2C%20spol.%20s%20r.%20o.%20Prosek&#038;t=m&#038;z=15&#038;output=embed&#038;iwloc=near\"\n\t\t\t\t\ttitle=\"SPEI SERVIS, spol. s r. o. Prosek\"\n\t\t\t\t\taria-label=\"SPEI SERVIS, spol. s r. o. Prosek\"\n\t\t\t><\/iframe>\n\t\t<\/div>\n\t\t\t\t\t\t<\/div>\n\t\t\t\t<\/div>\n\t\t\t\t\t<\/div>\n\t\t<\/div>\n\t\t\t\t<div class=\"elementor-column elementor-col-50 elementor-top-column elementor-element elementor-element-2fce268\" data-id=\"2fce268\" data-element_type=\"column\" data-e-type=\"column\">\n\t\t\t<div class=\"elementor-widget-wrap elementor-element-populated\">\n\t\t\t\t\t\t<div class=\"elementor-element elementor-element-5fa0cd2 elementor-widget elementor-widget-heading\" data-id=\"5fa0cd2\" data-element_type=\"widget\" data-e-type=\"widget\" data-widget_type=\"heading.default\">\n\t\t\t\t<div class=\"elementor-widget-container\">\n\t\t\t\t\t<h3 class=\"elementor-heading-title elementor-size-default\">Vinohradsk\u00e1<\/h3>\t\t\t\t<\/div>\n\t\t\t\t<\/div>\n\t\t\t\t<div class=\"elementor-element elementor-element-7878ce4 elementor-widget elementor-widget-text-editor\" data-id=\"7878ce4\" data-element_type=\"widget\" data-e-type=\"widget\" data-widget_type=\"text-editor.default\">\n\t\t\t\t<div class=\"elementor-widget-container\">\n\t\t\t\t\t\t\t\t\t<p><strong>ST\u011aHUJEME SE NA PROSEK<\/strong><\/p>\n<p>V\u00e1\u017een\u00ed z\u00e1kazn\u00edci,<\/p>\n<p>dovolujeme si V\u00e1m ozn\u00e1mit, \u017ee od <strong>06.12.2021 do\u0161lo k uzav\u0159en\u00ed na\u0161\u00ed pobo\u010dky Vinohradsk\u00e1.<\/strong><\/p>\n<p>Ve\u0161ker\u00e9 slu\u017eby, na kter\u00e9 jste zvykl\u00ed, V\u00e1m budou poskytov\u00e1ny na na\u0161\u00ed centr\u00e1le&nbsp;<strong>Na Vyhl\u00eddce 814\/17, 190 00 Praha 9.<\/strong><\/p>\t\t\t\t\t\t\t\t<\/div>\n\t\t\t\t<\/div>\n\t\t\t\t<div class=\"elementor-element elementor-element-efea628 elementor-widget elementor-widget-text-editor\" data-id=\"efea628\" data-element_type=\"widget\" data-e-type=\"widget\" data-widget_type=\"text-editor.default\">\n\t\t\t\t<div class=\"elementor-widget-container\">\n\t\t\t\t\t\t\t\t\t<p>S p\u0159\u00edpadn\u00fdmi dotazy se obracejte na Va\u0161eho st\u00e1vaj\u00edc\u00edho technika p\u0159\u00edjmu zak\u00e1zek (p. Krumphansl).<\/p>\n<p><span style=\"font-family: 'Open Sans', serif; font-size: 16px; font-style: normal; font-variant-ligatures: normal; font-variant-caps: normal; font-weight: 400; color: var( --e-global-color-text );\">mobiln\u00ed telefon<\/span>: 602\u00a0222 507<\/p>\n<p><strong>D\u011bkujeme za pochopen\u00ed a t\u011b\u0161\u00edme se na nov\u00e9 adrese!<\/strong><\/p>\t\t\t\t\t\t\t\t<\/div>\n\t\t\t\t<\/div>\n\t\t\t\t\t<\/div>\n\t\t<\/div>\n\t\t\t\t\t<\/div>\n\t\t<\/section>\n\t\t\t\t<\/div>\n\t\t","protected":false},"excerpt":{"rendered":"<p>Prosek Na Vyhl\u00eddce 814\/17190 00 Praha 9 PO &#8211; 07:00 &#8211; 17:00 \u00daT &#8211; 07:00 &#8211; 17:00 ST &#8211; 07:00<\/p>\n","protected":false},"author":1,"featured_media":0,"parent":0,"menu_order":0,"comment_status":"closed","ping_status":"closed","template":"","meta":{"colormag_page_container_layout":"no_sidebar_full_width","colormag_page_sidebar_layout":"no_sidebar","footnotes":""},"class_list":["post-113","page","type-page","status-publish","hentry"],"yoast_head":"<!-- This site is optimized with the Yoast SEO plugin v27.5 - https:\/\/yoast.com\/product\/yoast-seo-wordpress\/ -->\r\n<title>Autoservis - SPEI SERVIS<\/title>\r\n<meta name=\"robots\" content=\"index, follow, max-snippet:-1, max-image-preview:large, max-video-preview:-1\" \/>\r\n<link rel=\"canonical\" href=\"https:\/\/spei.cz\/index.php\/kontakt-autoservis\/\" \/>\r\n<meta property=\"og:locale\" content=\"cs_CZ\" \/>\r\n<meta property=\"og:type\" content=\"article\" \/>\r\n<meta property=\"og:title\" content=\"Autoservis - SPEI SERVIS\" \/>\r\n<meta property=\"og:description\" content=\"Prosek Na Vyhl\u00eddce 814\/17190 00 Praha 9 PO &#8211; 07:00 &#8211; 17:00 \u00daT &#8211; 07:00 &#8211; 17:00 ST &#8211; 07:00\" \/>\r\n<meta property=\"og:url\" content=\"https:\/\/spei.cz\/index.php\/kontakt-autoservis\/\" \/>\r\n<meta property=\"og:site_name\" content=\"SPEI SERVIS\" \/>\r\n<meta property=\"article:publisher\" content=\"https:\/\/www.facebook.com\/spei.servis\" \/>\r\n<meta property=\"article:modified_time\" content=\"2026-04-07T07:46:11+00:00\" \/>\r\n<meta name=\"twitter:card\" content=\"summary_large_image\" \/>\r\n<meta name=\"twitter:label1\" content=\"Odhadovan\u00e1 doba \u010dten\u00ed\" \/>\n\t<meta name=\"twitter:data1\" content=\"1 minuta\" \/>\r\n<script type=\"application\/ld+json\" class=\"yoast-schema-graph\">{\"@context\":\"https:\\\/\\\/schema.org\",\"@graph\":[{\"@type\":\"WebPage\",\"@id\":\"https:\\\/\\\/spei.cz\\\/index.php\\\/kontakt-autoservis\\\/\",\"url\":\"https:\\\/\\\/spei.cz\\\/index.php\\\/kontakt-autoservis\\\/\",\"name\":\"Autoservis - SPEI SERVIS\",\"isPartOf\":{\"@id\":\"https:\\\/\\\/spei.cz\\\/#website\"},\"datePublished\":\"2018-11-29T11:16:30+00:00\",\"dateModified\":\"2026-04-07T07:46:11+00:00\",\"breadcrumb\":{\"@id\":\"https:\\\/\\\/spei.cz\\\/index.php\\\/kontakt-autoservis\\\/#breadcrumb\"},\"inLanguage\":\"cs\",\"potentialAction\":[{\"@type\":\"ReadAction\",\"target\":[\"https:\\\/\\\/spei.cz\\\/index.php\\\/kontakt-autoservis\\\/\"]}]},{\"@type\":\"BreadcrumbList\",\"@id\":\"https:\\\/\\\/spei.cz\\\/index.php\\\/kontakt-autoservis\\\/#breadcrumb\",\"itemListElement\":[{\"@type\":\"ListItem\",\"position\":1,\"name\":\"Dom\u016f\",\"item\":\"https:\\\/\\\/spei.cz\\\/\"},{\"@type\":\"ListItem\",\"position\":2,\"name\":\"Autoservis\"}]},{\"@type\":\"WebSite\",\"@id\":\"https:\\\/\\\/spei.cz\\\/#website\",\"url\":\"https:\\\/\\\/spei.cz\\\/\",\"name\":\"SPEI SERVIS\",\"description\":\"Autoservis v\u0161ech zna\u010dek!\",\"publisher\":{\"@id\":\"https:\\\/\\\/spei.cz\\\/#organization\"},\"potentialAction\":[{\"@type\":\"SearchAction\",\"target\":{\"@type\":\"EntryPoint\",\"urlTemplate\":\"https:\\\/\\\/spei.cz\\\/?s={search_term_string}\"},\"query-input\":{\"@type\":\"PropertyValueSpecification\",\"valueRequired\":true,\"valueName\":\"search_term_string\"}}],\"inLanguage\":\"cs\"},{\"@type\":\"Organization\",\"@id\":\"https:\\\/\\\/spei.cz\\\/#organization\",\"name\":\"SPEI SERVIS\",\"url\":\"https:\\\/\\\/spei.cz\\\/\",\"logo\":{\"@type\":\"ImageObject\",\"inLanguage\":\"cs\",\"@id\":\"https:\\\/\\\/spei.cz\\\/#\\\/schema\\\/logo\\\/image\\\/\",\"url\":\"https:\\\/\\\/spei.cz\\\/wp-content\\\/uploads\\\/2020\\\/01\\\/cropped-big_logo_SPEI30_high.png\",\"contentUrl\":\"https:\\\/\\\/spei.cz\\\/wp-content\\\/uploads\\\/2020\\\/01\\\/cropped-big_logo_SPEI30_high.png\",\"width\":3615,\"height\":851,\"caption\":\"SPEI SERVIS\"},\"image\":{\"@id\":\"https:\\\/\\\/spei.cz\\\/#\\\/schema\\\/logo\\\/image\\\/\"},\"sameAs\":[\"https:\\\/\\\/www.facebook.com\\\/spei.servis\"]}]}<\/script>\r\n<!-- \/ Yoast SEO plugin. -->","yoast_head_json":{"title":"Autoservis - SPEI SERVIS","robots":{"index":"index","follow":"follow","max-snippet":"max-snippet:-1","max-image-preview":"max-image-preview:large","max-video-preview":"max-video-preview:-1"},"canonical":"https:\/\/spei.cz\/index.php\/kontakt-autoservis\/","og_locale":"cs_CZ","og_type":"article","og_title":"Autoservis - SPEI SERVIS","og_description":"Prosek Na Vyhl\u00eddce 814\/17190 00 Praha 9 PO &#8211; 07:00 &#8211; 17:00 \u00daT &#8211; 07:00 &#8211; 17:00 ST &#8211; 07:00","og_url":"https:\/\/spei.cz\/index.php\/kontakt-autoservis\/","og_site_name":"SPEI SERVIS","article_publisher":"https:\/\/www.facebook.com\/spei.servis","article_modified_time":"2026-04-07T07:46:11+00:00","twitter_card":"summary_large_image","twitter_misc":{"Odhadovan\u00e1 doba \u010dten\u00ed":"1 minuta"},"schema":{"@context":"https:\/\/schema.org","@graph":[{"@type":"WebPage","@id":"https:\/\/spei.cz\/index.php\/kontakt-autoservis\/","url":"https:\/\/spei.cz\/index.php\/kontakt-autoservis\/","name":"Autoservis - SPEI SERVIS","isPartOf":{"@id":"https:\/\/spei.cz\/#website"},"datePublished":"2018-11-29T11:16:30+00:00","dateModified":"2026-04-07T07:46:11+00:00","breadcrumb":{"@id":"https:\/\/spei.cz\/index.php\/kontakt-autoservis\/#breadcrumb"},"inLanguage":"cs","potentialAction":[{"@type":"ReadAction","target":["https:\/\/spei.cz\/index.php\/kontakt-autoservis\/"]}]},{"@type":"BreadcrumbList","@id":"https:\/\/spei.cz\/index.php\/kontakt-autoservis\/#breadcrumb","itemListElement":[{"@type":"ListItem","position":1,"name":"Dom\u016f","item":"https:\/\/spei.cz\/"},{"@type":"ListItem","position":2,"name":"Autoservis"}]},{"@type":"WebSite","@id":"https:\/\/spei.cz\/#website","url":"https:\/\/spei.cz\/","name":"SPEI SERVIS","description":"Autoservis v\u0161ech zna\u010dek!","publisher":{"@id":"https:\/\/spei.cz\/#organization"},"potentialAction":[{"@type":"SearchAction","target":{"@type":"EntryPoint","urlTemplate":"https:\/\/spei.cz\/?s={search_term_string}"},"query-input":{"@type":"PropertyValueSpecification","valueRequired":true,"valueName":"search_term_string"}}],"inLanguage":"cs"},{"@type":"Organization","@id":"https:\/\/spei.cz\/#organization","name":"SPEI SERVIS","url":"https:\/\/spei.cz\/","logo":{"@type":"ImageObject","inLanguage":"cs","@id":"https:\/\/spei.cz\/#\/schema\/logo\/image\/","url":"https:\/\/spei.cz\/wp-content\/uploads\/2020\/01\/cropped-big_logo_SPEI30_high.png","contentUrl":"https:\/\/spei.cz\/wp-content\/uploads\/2020\/01\/cropped-big_logo_SPEI30_high.png","width":3615,"height":851,"caption":"SPEI SERVIS"},"image":{"@id":"https:\/\/spei.cz\/#\/schema\/logo\/image\/"},"sameAs":["https:\/\/www.facebook.com\/spei.servis"]}]}},"_links":{"self":[{"href":"https:\/\/spei.cz\/index.php\/wp-json\/wp\/v2\/pages\/113","targetHints":{"allow":["GET"]}}],"collection":[{"href":"https:\/\/spei.cz\/index.php\/wp-json\/wp\/v2\/pages"}],"about":[{"href":"https:\/\/spei.cz\/index.php\/wp-json\/wp\/v2\/types\/page"}],"author":[{"embeddable":true,"href":"https:\/\/spei.cz\/index.php\/wp-json\/wp\/v2\/users\/1"}],"replies":[{"embeddable":true,"href":"https:\/\/spei.cz\/index.php\/wp-json\/wp\/v2\/comments?post=113"}],"version-history":[{"count":130,"href":"https:\/\/spei.cz\/index.php\/wp-json\/wp\/v2\/pages\/113\/revisions"}],"predecessor-version":[{"id":2893,"href":"https:\/\/spei.cz\/index.php\/wp-json\/wp\/v2\/pages\/113\/revisions\/2893"}],"wp:attachment":[{"href":"https:\/\/spei.cz\/index.php\/wp-json\/wp\/v2\/media?parent=113"}],"curies":[{"name":"wp","href":"https:\/\/api.w.org\/{rel}","templated":true}]}}