{"id":1284,"date":"2020-08-04T13:41:50","date_gmt":"2020-08-04T11:41:50","guid":{"rendered":"https:\/\/spei.cz\/?page_id=1284"},"modified":"2024-03-21T16:43:03","modified_gmt":"2024-03-21T15:43:03","slug":"vyfukove-systemy","status":"publish","type":"page","link":"https:\/\/spei.cz\/index.php\/vyfukove-systemy\/","title":{"rendered":"V\u00fdfukov\u00e9 syst\u00e9my"},"content":{"rendered":"\t\t<div data-elementor-type=\"wp-page\" data-elementor-id=\"1284\" class=\"elementor elementor-1284\" data-elementor-post-type=\"page\">\n\t\t\t\t\t\t<section class=\"elementor-section elementor-top-section elementor-element elementor-element-4d6222f elementor-section-boxed elementor-section-height-default elementor-section-height-default\" data-id=\"4d6222f\" data-element_type=\"section\" data-e-type=\"section\">\n\t\t\t\t\t\t<div class=\"elementor-container elementor-column-gap-default\">\n\t\t\t\t\t<div class=\"elementor-column elementor-col-100 elementor-top-column elementor-element elementor-element-1c7faea\" data-id=\"1c7faea\" data-element_type=\"column\" data-e-type=\"column\">\n\t\t\t<div class=\"elementor-widget-wrap elementor-element-populated\">\n\t\t\t\t\t\t<div class=\"elementor-element elementor-element-60b9d46 elementor-widget elementor-widget-heading\" data-id=\"60b9d46\" data-element_type=\"widget\" data-e-type=\"widget\" data-widget_type=\"heading.default\">\n\t\t\t\t<div class=\"elementor-widget-container\">\n\t\t\t\t\t<h4 class=\"elementor-heading-title elementor-size-default\">V\u00fdfukov\u00e9 syst\u00e9my<\/h4>\t\t\t\t<\/div>\n\t\t\t\t<\/div>\n\t\t\t\t\t<\/div>\n\t\t<\/div>\n\t\t\t\t\t<\/div>\n\t\t<\/section>\n\t\t\t\t<section class=\"elementor-section elementor-top-section elementor-element elementor-element-5110781 elementor-section-boxed elementor-section-height-default elementor-section-height-default\" data-id=\"5110781\" data-element_type=\"section\" data-e-type=\"section\">\n\t\t\t\t\t\t<div class=\"elementor-container elementor-column-gap-default\">\n\t\t\t\t\t<div class=\"elementor-column elementor-col-100 elementor-top-column elementor-element elementor-element-eff622a\" data-id=\"eff622a\" data-element_type=\"column\" data-e-type=\"column\">\n\t\t\t<div class=\"elementor-widget-wrap elementor-element-populated\">\n\t\t\t\t\t\t<div class=\"elementor-element elementor-element-1123bd5 elementor-widget elementor-widget-text-editor\" data-id=\"1123bd5\" data-element_type=\"widget\" data-e-type=\"widget\" data-widget_type=\"text-editor.default\">\n\t\t\t\t<div class=\"elementor-widget-container\">\n\t\t\t\t\t\t\t\t\t<h5><strong>Na\u0161e spole\u010dnost nab\u00edz\u00ed v\u00fdfukov\u00e9 syst\u00e9my t\u011bchto renomovan\u00fdch v\u00fdrobc\u016f:<\/strong><\/h5><h6>WALKER<\/h6><div>Spole\u010dnost byla\u00a0zalo\u017eena v Belgii\u00a0roku 1963. Nyn\u00ed\u00a0vyr\u00e1b\u00ed nejkvalitn\u011bj\u0161\u00ed v\u00fdfuky s antikorozn\u00ed ochranou a vylep\u0161en\u00fdm tlum\u00edc\u00edm vl\u00e1knem zamezuj\u00edc\u00edm vyl\u00e9t\u00e1v\u00e1n\u00ed ven z\u00a0v\u00fdfukov\u00fdch tlumi\u010d\u016f. Stejn\u011b jako\u00a0spole\u010dnost Bosal se \u0159ad\u00ed na prvn\u00ed pozice v\u00a0kvalit\u011b v\u00fdfukov\u00fdch syst\u00e9m\u016f.\u00a0Spole\u010dnost zam\u011bstn\u00e1v\u00e1 v\u00edce ne\u017e 13.000 lid\u00ed a\u00a0jej\u00ed ro\u010dn\u00ed obrat dosahuje\u00a04.4 miliardy dolar\u016f. Z\u00e1rove\u0148 je\u00a0dr\u017eitelem mnoha ocen\u011bn\u00ed a certifik\u00e1t\u016f kvality\u00a0jako\u00a0<strong>ISO\u00a09001 a\u00a0QS-9000<\/strong>.\u00a0V jej\u00ed nab\u00eddce jsou v\u00fdfukov\u00e9 syst\u00e9my, rezon\u00e1tory, trubky, tlumi\u010de, spony, z\u00e1v\u011bsy a katalyz\u00e1tory \u010di v\u00fdfuky zam\u011b\u0159en\u00e9 na zv\u00fd\u0161en\u00ed v\u00fdkonu. Celkov\u011b nab\u00edz\u00ed obrovsk\u00fd sortiment v\u00edce\u00a0ne\u017e 11.000 polo\u017eek.<strong>\u00a0<\/strong><\/div><p>Firma Walker je zna\u010dka pat\u0159\u00edc\u00ed do nadn\u00e1rodn\u00ed skupiny Tenneco automotive, sv\u011btov\u00e9 \u0161pi\u010dky mezi v\u00fdrobci a dodavateli d\u00edl\u016f \u0159\u00edzen\u00ed a v\u00fdfukov\u00fdch syst\u00e9m\u016f. D\u00edky\u00a0postaven\u00ed Tenneco automotive jak celosv\u011btov\u011b, tak p\u0159edev\u0161\u00edm v Americe je dnes spole\u010dnost Walker nejv\u011bt\u0161\u00edm v\u00fdrobcem v\u00fdfukov\u00fdch syst\u00e9m\u016f- vyr\u00e1b\u00ed ka\u017ed\u00fd \u010dtvrt\u00fd prodan\u00fd v\u00fdfukov\u00fd syst\u00e9m na sv\u011bt\u011b.<\/p><h6>BOSAL<\/h6><div>Spole\u010dnost\u00a0Bosal je sv\u011btov\u00fd l\u00eddr ve v\u00fdrob\u011b v\u00fdfuk\u016f a v\u00fdfukov\u00fdch syst\u00e9m\u016f, dod\u00e1v\u00e1 v\u00fdfuky\u00a0jak v\u00fdrobc\u016fm automobil\u016f, tak\u00a0na trh s n\u00e1hradn\u00edmi d\u00edly.\u00a0Spole\u010dnost Bosal je\u00a0rovn\u011b\u017e \u0161pi\u010dkou ve v\u00fdrob\u011b katalyz\u00e1tor\u016f. Je registrov\u00e1na v\u00a0Holandsku, ale\u00a0jej\u00ed\u00a0centr\u00e1la\u00a0s\u00eddl\u00ed v\u00a0Belgii.\u00a0Spole\u010dnost byla zalo\u017eena v\u00a0roce 1923 v\u00a0Alkmaaru v\u00a0Holandsku a nyn\u00ed celosv\u011btov\u011b zam\u011bstn\u00e1v\u00e1 v\u00edce\u00a0ne\u017e 6700 lid\u00ed v 42 v\u00fdrobn\u00edch z\u00e1vodech a 27 distribu\u010dn\u00edch centrech a\u00a0st\u00e1le expanduje.\u00a0Bosal je jedn\u00edm z nejd\u016fle\u017eit\u011bj\u0161\u00edch partner\u016f automobilek ve v\u00fdvoji a designu v\u00fdfukov\u00fdch syst\u00e9m\u016f, jej\u00ed v\u00fdzkum pom\u00e1h\u00e1 v zav\u00e1d\u011bn\u00ed nov\u00fdch technologi\u00ed umo\u017e\u0148uje zlep\u0161en\u00ed kvality a vlastnost\u00ed v\u00fdfuk\u016f a jejich konstrukc\u00ed.<\/div><div>V\u00fdsledkem \u010dinnosti spole\u010dnosti Bosal je nap\u0159\u00edklad v\u00fdfukov\u00fd syst\u00e9m, kter\u00fd je \u00fasporn\u011bj\u0161\u00ed, leh\u010d\u00ed a odoln\u011bj\u0161\u00ed ne\u017e ten, kter\u00fd byl u voz\u016f p\u0159edchoz\u00ed generace- jedn\u00e1 se o pr\u016fkopnick\u00fd naftov\u00fd\u00a0<strong>Oxicat Filter<\/strong>\u00a0Bosal, d\u00e1le v nab\u00eddce nalezneme nap\u0159\u00edklad\u00a0katalyz\u00e1tor s radi\u00e1ln\u00edm proud\u011bn\u00edm a dal\u0161\u00ed.\u00a0Vysok\u00e9 zku\u0161enosti spole\u010dnosti Bosal ve v\u00fdvoji a dod\u00e1vk\u00e1ch v\u00fdfukov\u00fdch syst\u00e9m\u016f j\u00ed d\u00e1vaj\u00ed v\u00fdznamn\u00e9 vedouc\u00ed postaven\u00ed v t\u00e9to oblasti.<\/div><div>\u00a0<\/div><div>Kvalita d\u00edl\u016f je zaru\u010dena certifik\u00e1ty\u00a0<strong>ISO\u00a09000 a\u00a0QS 9000<\/strong>.<\/div><div>\u00a0<\/div><h6>ULTER SPORT<\/h6><p>Mal\u00e1 spole\u010dnost vznikl\u00e1 roku 1986 se specializovala na regeneraci a v\u00fdm\u011bn\u011b v\u00fdfukov\u00fdch syst\u00e9m\u016f. Se zvy\u0161uj\u00edc\u00ed se popt\u00e1vkou po sportovn\u00edch v\u00fdfuc\u00edch se roku 1990 p\u0159etransformovala na Obchodn\u011b &#8211; v\u00fdrobn\u00ed z\u00e1vod \u201eULTER\u201c a za\u010dala se zab\u00fdvat v\u00fdrobou sportovn\u00edch v\u00fdfuk\u016f na v\u011bt\u0161inu v Evrop\u011b dostupn\u00fdch druh\u016f vozidel.<\/p><div><p>Vysok\u00e9 n\u00e1roky,\u00a0kter\u00e9 p\u0159ed v\u00fdrobci sportovn\u00edch tlumi\u010d\u016f kladou z\u00e1kazn\u00edci, rozhodli o zaveden\u00ed v\u00edce nov\u00fdch technologi\u00ed a vysoko-kvalitn\u00edch materi\u00e1l\u016f.\u00a0V d\u016fsledku tohoto z\u00edskala od polsk\u00e9ho certifika\u010dn\u00edho \u00fa\u0159adu &#8222;PIMoT&#8220; certifikaci pod\u00a0bezpe\u010dnostn\u00ed zna\u010dkou \u201eB\u201c.<\/p><\/div><p>Roku 2001 vznikl \u201eUlter-Sport\u201c s.r.o.<strong>\u00a0<\/strong>kter\u00e9ho \u00falohou\u00a0je vytvo\u0159it obchodn\u00ed s\u00edt a realizovat pl\u00e1n v\u00fdstavby modern\u00edho z\u00e1vodu, schopn\u00e9ho splnit po\u017eadavky z\u00e1padoevropsk\u00fdch trh\u016f. Roku\u00a02003 se tento pl\u00e1n poda\u0159ilo splnit, v d\u016fsledku\u00a0toho byl otev\u0159en nov\u00fd v\u00fdrobn\u00ed podnik v obci Wegierska Gorka p\u0159i Zywci s technologick\u00fdm z\u00e1zem\u00edm dovoluj\u00edc\u00edm vstoupit na trhy Evropsk\u00e9 Unie.\u00a0V roce 2004\u00a0z\u00edskal podnik\u00a0<strong>certifikaci ISO 9001 : 2000<\/strong>.<\/p><p>Ji\u017e p\u0159es dvacet let zku\u0161enost\u00ed\u00a0a testov\u00e1n\u00ed produkt\u016f v extr\u00e9mn\u00edch podm\u00ednk\u00e1ch vede k\u00a0tomu, \u017ee mnoho z\u00e1vodn\u00edch t\u00fdm\u016f pou\u017e\u00edv\u00e1 v\u00fdrobky Ulter-sport.<\/p><p>V nab\u00eddce spole\u010dnosti jsou\u00a0sportovn\u00ed v\u00fdfuky na konkr\u00e9tn\u00ed automobil,\u00a0univerz\u00e1ln\u00ed v\u00fdfuky a v\u00fdfuky na motocykly a koncovky v\u00fdfuk\u016f. Koncovky v\u00fdfuk\u016f a u n\u011bkter\u00fdch typ\u016f i cel\u00e9 tlumi\u010de jsou z kvalitn\u00ed nerezov\u00e9 oceli.<\/p><h6>SUPERSPRINT<\/h6><div>Italsk\u00e1 spole\u010dnost Supersprint vznikla roku 1955 a p\u016fsob\u00ed na trhu s v\u00fdfukov\u00fdmi syst\u00e9my ji\u017e v\u00edce ne\u017e 55 let. Jej\u00edm c\u00edlem a specializac\u00ed\u00a0je v\u00fdvoj, design a dod\u00e1vky\u00a0kompletn\u00edch sportovn\u00edch v\u00fdfukov\u00fdch syst\u00e9m\u016f ur\u010den\u00fdch pro zv\u00fd\u0161en\u00ed v\u00fdkonu vozu. V\u00fdfukov\u00e9 syst\u00e9my Supersprint jsou\u00a0vyr\u00e1b\u011bny z vysoce kvalitn\u00edch druh\u016f nerezov\u00e9 oceli. Velk\u00e1 \u010d\u00e1st v\u00fdrobc\u016f sportovn\u00edch v\u00fdfuk\u016f produkuje v\u00fdfukov\u00e9 syst\u00e9my kter\u00e9 maj\u00ed pouze mal\u00e9 rozd\u00edly mezi jednotliv\u00fdmi typy, \u010d\u00edm\u017e nast\u00e1v\u00e1 situace \u017ee nejsou optimalizov\u00e1ny pro dan\u00fd v\u00fdkon a typ motoru. Tohoto se s v\u00fdfukov\u00fdm syst\u00e9mem vyvarujete. V nab\u00eddce sortimentu Supersprint nalezneme v\u00fdfukov\u00e9 svody, v\u00fdfukov\u00e9 tlumi\u010de,\u00a0trubky a\u00a0sportovn\u00ed katalyz\u00e1tory. Prioritou p\u0159i v\u00fdvoji v\u00fdfukov\u00fdch syst\u00e9mu je nejen zv\u00fd\u0161en\u00ed v\u00fdkonu vozu, ale tak\u00e9 p\u0159\u00edjemn\u00fd sportovn\u00ed zvuk kter\u00fd v\u0161ak nesm\u00ed b\u00fdt p\u0159\u00edli\u0161 hlasit\u00fd. V\u0161echny vyv\u00edjen\u00e9 v\u00fdfukov\u00e9 syst\u00e9my jsou dlouze testov\u00e1ny ne\u017e je schv\u00e1lena jejich definitivn\u00ed verze. Spole\u010dnost nab\u00edz\u00ed jak v\u00fdfukov\u00e9 syst\u00e9my homologovan\u00e9 pro b\u011b\u017en\u00fd silni\u010dn\u00ed provoz, tak i v\u00fdfukov\u00e9 syst\u00e9my pro \u010dist\u011b sportovn\u00ed a z\u00e1vodn\u00ed vyu\u017eit\u00ed.<\/div><div>\u00a0<\/div><div>Nab\u00edzen\u00fd sortiment pokr\u00fdv\u00e1 v\u011bt\u0161inu \u0161k\u00e1ly u n\u00e1s b\u011b\u017en\u011b dostupn\u00fdch vozidel. V\u00fdfukov\u00e9 syst\u00e9my pro milovn\u00edky rychl\u00fdch aut, to je Supersprint.<\/div><div>\u00a0<\/div><h6>REMUS<\/h6><div>Jako dopl\u0148kov\u00fd sortiment V\u00e1m nab\u00edz\u00edme sportovn\u00ed v\u00fdfuky Rakousk\u00e9 spole\u010dnosti Remus zalo\u017een\u00e9 roku 1950. Stejn\u011b jako Ulter-Sport, i\u00a0origin\u00e1ln\u00ed sportovn\u00ed v\u00fdfuky Remus\u00a0jsou homologov\u00e1ny pro pou\u017eit\u00ed v \u010cR.<\/div><div>\u00a0<\/div><h4><strong>Funkce v\u00fdfukov\u00e9ho syst\u00e9mu<\/strong><\/h4><p>V\u00fdfukov\u00fd syst\u00e9m odv\u00e1d\u00ed od motoru plyny vznikaj\u00edc\u00ed p\u0159i spalov\u00e1n\u00ed sm\u011bsi paliva. Hladk\u00fdm odvodem v\u00fdfukov\u00fdch plyn\u016f je dosahov\u00e1no vy\u0161\u0161\u00edho v\u00fdkonu vozu. Krom\u011b toho m\u00e1\u00a0<strong>v\u00fdfuk<\/strong>\u00a0p\u0159\u00edm\u00fd vliv na hlu\u010dnost a redukci emis\u00ed a nav\u00edc chr\u00e1n\u00ed zdrav\u00ed pasa\u017e\u00e9r\u016f t\u00edm, \u017ee odv\u00e1d\u00ed nebezpe\u010dn\u00e9 emisn\u00ed plyny a\u017e za vozidlo.<\/p><h4><strong>Na\u0161e nab\u00eddka<\/strong><\/h4><p><strong>Prod\u00e1v\u00e1me a montujeme v\u00fdfuky pro popul\u00e1rn\u00ed vozy \u0160koda, Volkswagen, Peugeot, Opel, Fiat, Renault, Ford, BMW, Audi ale i pro v\u0161echny ostatn\u00ed typy voz\u016f.<\/strong>\u00a0Jsme p\u0159\u00edm\u00fdm dovozcem v\u00fdfuk\u016f do \u010cesk\u00e9 republiky. V oblasti v\u00fdfukov\u00fdch syst\u00e9m\u016f jsme dlouholet\u00fdm specialistou. Nab\u00edz\u00edme v\u00fdfuky homologovan\u00e9 dle evropsk\u00fdch norem, kter\u00e9 upravuj\u00ed emisn\u00ed limity i \u00farove\u0148 hlu\u010dnosti, vzhledem k dosa\u017een\u00e9mu v\u00fdkonu vozu. Specifick\u00e9 modely v\u00fdfuk\u016f pro auta, lod\u011b \u010di stroje vyrob\u00edme na zak\u00e1zku.\u00a0<strong>Opravy a mont\u00e1\u017ee v\u00fdfuk\u016f prov\u00e1d\u00edme bez objedn\u00e1n\u00ed a na po\u010dk\u00e1n\u00ed.<\/strong>\u00a0Nen\u00ed auto, na kter\u00e9 u n\u00e1s nen\u00ed v\u00fdfuk!<\/p><h3><strong>\u010c\u00e1sti v\u00fdfukov\u00e9ho syst\u00e9mu<\/strong><\/h3><p><strong>V\u00fdfukov\u00e9 svody<\/strong> odv\u00e1d\u011bj\u00ed v\u00fdfukov\u00e9 plyny p\u0159\u00edmo od hlav v\u00e1lc\u016f motoru. Teplota odv\u00e1d\u011bn\u00fdch plyn\u016f je vy\u0161\u0161\u00ed ne\u017e 1 300\u00b0C, proto jsou vyrobeny z litiny, jsou namontov\u00e1ny a pevn\u011b uchyceny p\u0159esn\u011b na hlavy v\u00e1lc\u016f. P\u0159edn\u00ed \u010d\u00e1st tvo\u0159\u00ed n\u011bkolik \u00fazk\u00fdch trubek sveden\u00fdch do jedn\u00e9, kter\u00e1 sm\u011b\u0159uje k p\u0159edn\u00edmu v\u00fdfukov\u00e9mu potrub\u00ed.<\/p><p><strong>P\u0159edn\u00ed potrub\u00ed<\/strong>\u00a0vede plyny ke katalyz\u00e1toru. Novinkou pro nov\u011bj\u0161\u00ed modely voz\u016f jsou dvojit\u00e9 p\u0159edn\u00ed trubky se vzduchovou izola\u010dn\u00ed komorou. Ta chr\u00e1n\u00ed pl\u00e1\u0161\u0165 trubky a podvozek a nav\u00edc zlep\u0161uje funkci katalyz\u00e1toru jeho rychlej\u0161\u00edm zah\u0159\u00e1t\u00edm.<\/p><p><strong>Filtr pevn\u00fdch \u010d\u00e1stic<\/strong>\u00a0funguje jako pohlcova\u010d karcinogenn\u00edch pevn\u00fdch \u010d\u00e1stic, tedy s\u00e1n\u00ed z v\u00fdfukov\u00fdch plyn\u016f. Filtr pevn\u00fdch \u010d\u00e1stic je sou\u010d\u00e1st\u00ed v\u00fdfukov\u00e9ho potrub\u00ed v\u011bt\u0161iny nov\u011b vyr\u00e1b\u011bn\u00fdch voz\u016f, respektive tam, kde se p\u0159edpokl\u00e1d\u00e1 spln\u011bn\u00ed po\u017eadavk\u016f emisn\u00ed normy Euro 4.<\/p><p><strong>Tlumi\u010de v\u00fdfuku<\/strong> jsou soustavou ohebn\u00fdch perforovan\u00fdch \u010di pln\u00fdch trubek a komor s p\u0159ep\u00e1\u017ekami. Vedou plyny, redukuj\u00ed hlukov\u00e9 impulsy vznikl\u00e9 jejich ohybem a hluk z ho\u0159en\u00ed paliva. V\u011bt\u0161ina v\u00fdfukov\u00fdch syst\u00e9m\u016f se skl\u00e1d\u00e1 ze dvou a\u017e t\u0159\u00ed tlumi\u010d\u016f. Jejich dutiny jsou vypln\u011bny absorp\u010dn\u00edmi materi\u00e1ly, kter\u00e9 \u00fa\u010dinn\u011b redukuj\u00ed hluky.<\/p><p><strong>P\u0159edn\u00ed tlumi\u010d<\/strong>\u00a0odol\u00e1v\u00e1 teplot\u00e1m a\u017e 1 000\u00b0C. Nej\u010dast\u011bj\u0161\u00edm d\u016fvodem jeho po\u0161kozen\u00ed jsou vibrace.<\/p><p><strong>St\u0159edn\u00ed tlumi\u010d<\/strong>\u00a0je vzhledem i funkc\u00ed podobn\u00fd p\u0159edn\u00edmu tlumi\u010di, teplota zde je ni\u017e\u0161\u00ed, p\u0159ibli\u017en\u011b 800\u00b0C.<\/p><p><strong>Zadn\u00ed tlumi\u010d<\/strong> je vzhledem podobn\u00fd, ale jeho konstrukce je zcela odli\u0161n\u00e1. Nejv\u00edc ze v\u0161ech tlumi\u010d\u016f redukuje hluk. Teplota zde dosahuje u\u017e jen zhruba 350\u00b0C, co\u017e zejm\u00e9na p\u0159i kr\u00e1tk\u00fdch po-poj\u00ed\u017e\u010fk\u00e1ch vede k nedostate\u010dn\u00e9mu odpa\u0159ov\u00e1n\u00ed par a m\u016f\u017ee b\u00fdt p\u0159\u00ed\u010dinou p\u0159ed\u010dasn\u00e9 koroze.<\/p><p><strong>Koncov\u00e1 trubka<\/strong>\u00a0zaji\u0161\u0165uje odvod v\u00fdfukov\u00fdch plyn\u016f mimo karoserii vozu, zamezuje jejich vniknut\u00ed do vozu, chr\u00e1n\u00ed cestuj\u00edc\u00ed a zavazadlov\u00fd prostor, je velmi d\u016fle\u017eitou sou\u010d\u00e1st\u00ed v\u00fdfukov\u00e9ho syst\u00e9mu.<\/p><p><strong>Mont\u00e1\u017en\u00ed materi\u00e1l a p\u0159\u00edslu\u0161enstv\u00ed<\/strong>\u00a0p\u0159edstavuje \u0161irokou paletu d\u00edl\u016f. Ty v\u00fdznamn\u011b ovliv\u0148uj\u00ed \u017eivotnost v\u00fdfuku. Je nezbytn\u00e9 je pravideln\u011b kontrolovat a m\u011bnit p\u0159i ka\u017ed\u00e9 v\u00fdm\u011bn\u011b v\u00fdfuku.<\/p><h4><strong>Rady a doporu\u010den\u00ed<\/strong><\/h4><h5>Kontrola v\u00fdfuku<\/h5><p>Zajist\u011bte pravidelnou kontrolu stavu v\u00fdfuku odborn\u00fdm servisem. Koroze a opot\u0159eben\u00ed m\u016f\u017ee zp\u016fsobit upadnut\u00ed v\u00fdfuku, kter\u00e9 je nejen nep\u0159\u00edjemn\u00e9, ale m\u016f\u017ee zp\u016fsobit i dopravn\u00ed nehodu nebo po\u0161kodit podvozek vozu.<br \/>V na\u0161em servise V\u00e1m zprost\u0159edkujeme fantasticky p\u0159esn\u00fd obr\u00e1zek o vnit\u0159n\u00edm opot\u0159eben\u00ed v\u00fdfuku Va\u0161eho vozu prost\u0159ednictv\u00edm speci\u00e1ln\u00edho diagnostick\u00e9ho p\u0159\u00edstroje\u00a0&#8211; endoskopu.<\/p><h5>Kontrola mont\u00e1\u017en\u00edch d\u00edl\u016f<\/h5><p>Doporu\u010dujeme zajistit pravidelnou kontrolu stavu mont\u00e1\u017en\u00edch d\u00edl\u016f odborn\u00fdm servisem. Po\u0161kozen\u00e9 mont\u00e1\u017en\u00ed d\u00edly maj\u00ed vliv na \u017eivotnost a funkci d\u00edl\u016f v\u00fdfuku.Ty p\u0159i opot\u0159eben\u00ed mont\u00e1\u017en\u00edch d\u00edl\u016f h\u016f\u0159e odol\u00e1vaj\u00ed vibrac\u00edm a tlak\u016fm v\u00fdfukov\u00fdch plyn\u016f.<\/p>\t\t\t\t\t\t\t\t<\/div>\n\t\t\t\t<\/div>\n\t\t\t\t\t<\/div>\n\t\t<\/div>\n\t\t\t\t\t<\/div>\n\t\t<\/section>\n\t\t\t\t<\/div>\n\t\t","protected":false},"excerpt":{"rendered":"<p>V\u00fdfukov\u00e9 syst\u00e9my Na\u0161e spole\u010dnost nab\u00edz\u00ed v\u00fdfukov\u00e9 syst\u00e9my t\u011bchto renomovan\u00fdch v\u00fdrobc\u016f: WALKER Spole\u010dnost byla\u00a0zalo\u017eena v Belgii\u00a0roku 1963. Nyn\u00ed\u00a0vyr\u00e1b\u00ed nejkvalitn\u011bj\u0161\u00ed v\u00fdfuky s<\/p>\n","protected":false},"author":1,"featured_media":0,"parent":0,"menu_order":0,"comment_status":"closed","ping_status":"closed","template":"","meta":{"colormag_page_container_layout":"default_layout","colormag_page_sidebar_layout":"default_layout","footnotes":""},"class_list":["post-1284","page","type-page","status-publish","hentry"],"yoast_head":"<!-- This site is optimized with the Yoast SEO plugin v27.4 - https:\/\/yoast.com\/product\/yoast-seo-wordpress\/ -->\r\n<title>V\u00fdfukov\u00e9 syst\u00e9my - SPEI SERVIS<\/title>\r\n<meta name=\"robots\" content=\"index, follow, max-snippet:-1, max-image-preview:large, max-video-preview:-1\" \/>\r\n<link rel=\"canonical\" href=\"https:\/\/spei.cz\/index.php\/vyfukove-systemy\/\" \/>\r\n<meta property=\"og:locale\" content=\"cs_CZ\" \/>\r\n<meta property=\"og:type\" content=\"article\" \/>\r\n<meta property=\"og:title\" content=\"V\u00fdfukov\u00e9 syst\u00e9my - SPEI SERVIS\" \/>\r\n<meta property=\"og:description\" content=\"V\u00fdfukov\u00e9 syst\u00e9my Na\u0161e spole\u010dnost nab\u00edz\u00ed v\u00fdfukov\u00e9 syst\u00e9my t\u011bchto renomovan\u00fdch v\u00fdrobc\u016f: WALKER Spole\u010dnost byla\u00a0zalo\u017eena v Belgii\u00a0roku 1963. Nyn\u00ed\u00a0vyr\u00e1b\u00ed nejkvalitn\u011bj\u0161\u00ed v\u00fdfuky s\" \/>\r\n<meta property=\"og:url\" content=\"https:\/\/spei.cz\/index.php\/vyfukove-systemy\/\" \/>\r\n<meta property=\"og:site_name\" content=\"SPEI SERVIS\" \/>\r\n<meta property=\"article:publisher\" content=\"https:\/\/www.facebook.com\/spei.servis\" \/>\r\n<meta property=\"article:modified_time\" content=\"2024-03-21T15:43:03+00:00\" \/>\r\n<meta name=\"twitter:card\" content=\"summary_large_image\" \/>\r\n<meta name=\"twitter:label1\" content=\"Odhadovan\u00e1 doba \u010dten\u00ed\" \/>\n\t<meta name=\"twitter:data1\" content=\"7 minut\" \/>\r\n<script type=\"application\/ld+json\" class=\"yoast-schema-graph\">{\"@context\":\"https:\\\/\\\/schema.org\",\"@graph\":[{\"@type\":\"WebPage\",\"@id\":\"https:\\\/\\\/spei.cz\\\/index.php\\\/vyfukove-systemy\\\/\",\"url\":\"https:\\\/\\\/spei.cz\\\/index.php\\\/vyfukove-systemy\\\/\",\"name\":\"V\u00fdfukov\u00e9 syst\u00e9my - SPEI SERVIS\",\"isPartOf\":{\"@id\":\"https:\\\/\\\/spei.cz\\\/#website\"},\"datePublished\":\"2020-08-04T11:41:50+00:00\",\"dateModified\":\"2024-03-21T15:43:03+00:00\",\"breadcrumb\":{\"@id\":\"https:\\\/\\\/spei.cz\\\/index.php\\\/vyfukove-systemy\\\/#breadcrumb\"},\"inLanguage\":\"cs\",\"potentialAction\":[{\"@type\":\"ReadAction\",\"target\":[\"https:\\\/\\\/spei.cz\\\/index.php\\\/vyfukove-systemy\\\/\"]}]},{\"@type\":\"BreadcrumbList\",\"@id\":\"https:\\\/\\\/spei.cz\\\/index.php\\\/vyfukove-systemy\\\/#breadcrumb\",\"itemListElement\":[{\"@type\":\"ListItem\",\"position\":1,\"name\":\"Dom\u016f\",\"item\":\"https:\\\/\\\/spei.cz\\\/\"},{\"@type\":\"ListItem\",\"position\":2,\"name\":\"V\u00fdfukov\u00e9 syst\u00e9my\"}]},{\"@type\":\"WebSite\",\"@id\":\"https:\\\/\\\/spei.cz\\\/#website\",\"url\":\"https:\\\/\\\/spei.cz\\\/\",\"name\":\"SPEI SERVIS\",\"description\":\"Autoservis v\u0161ech zna\u010dek!\",\"publisher\":{\"@id\":\"https:\\\/\\\/spei.cz\\\/#organization\"},\"potentialAction\":[{\"@type\":\"SearchAction\",\"target\":{\"@type\":\"EntryPoint\",\"urlTemplate\":\"https:\\\/\\\/spei.cz\\\/?s={search_term_string}\"},\"query-input\":{\"@type\":\"PropertyValueSpecification\",\"valueRequired\":true,\"valueName\":\"search_term_string\"}}],\"inLanguage\":\"cs\"},{\"@type\":\"Organization\",\"@id\":\"https:\\\/\\\/spei.cz\\\/#organization\",\"name\":\"SPEI SERVIS\",\"url\":\"https:\\\/\\\/spei.cz\\\/\",\"logo\":{\"@type\":\"ImageObject\",\"inLanguage\":\"cs\",\"@id\":\"https:\\\/\\\/spei.cz\\\/#\\\/schema\\\/logo\\\/image\\\/\",\"url\":\"https:\\\/\\\/spei.cz\\\/wp-content\\\/uploads\\\/2020\\\/01\\\/cropped-big_logo_SPEI30_high.png\",\"contentUrl\":\"https:\\\/\\\/spei.cz\\\/wp-content\\\/uploads\\\/2020\\\/01\\\/cropped-big_logo_SPEI30_high.png\",\"width\":3615,\"height\":851,\"caption\":\"SPEI SERVIS\"},\"image\":{\"@id\":\"https:\\\/\\\/spei.cz\\\/#\\\/schema\\\/logo\\\/image\\\/\"},\"sameAs\":[\"https:\\\/\\\/www.facebook.com\\\/spei.servis\"]}]}<\/script>\r\n<!-- \/ Yoast SEO plugin. -->","yoast_head_json":{"title":"V\u00fdfukov\u00e9 syst\u00e9my - SPEI SERVIS","robots":{"index":"index","follow":"follow","max-snippet":"max-snippet:-1","max-image-preview":"max-image-preview:large","max-video-preview":"max-video-preview:-1"},"canonical":"https:\/\/spei.cz\/index.php\/vyfukove-systemy\/","og_locale":"cs_CZ","og_type":"article","og_title":"V\u00fdfukov\u00e9 syst\u00e9my - SPEI SERVIS","og_description":"V\u00fdfukov\u00e9 syst\u00e9my Na\u0161e spole\u010dnost nab\u00edz\u00ed v\u00fdfukov\u00e9 syst\u00e9my t\u011bchto renomovan\u00fdch v\u00fdrobc\u016f: WALKER Spole\u010dnost byla\u00a0zalo\u017eena v Belgii\u00a0roku 1963. Nyn\u00ed\u00a0vyr\u00e1b\u00ed nejkvalitn\u011bj\u0161\u00ed v\u00fdfuky s","og_url":"https:\/\/spei.cz\/index.php\/vyfukove-systemy\/","og_site_name":"SPEI SERVIS","article_publisher":"https:\/\/www.facebook.com\/spei.servis","article_modified_time":"2024-03-21T15:43:03+00:00","twitter_card":"summary_large_image","twitter_misc":{"Odhadovan\u00e1 doba \u010dten\u00ed":"7 minut"},"schema":{"@context":"https:\/\/schema.org","@graph":[{"@type":"WebPage","@id":"https:\/\/spei.cz\/index.php\/vyfukove-systemy\/","url":"https:\/\/spei.cz\/index.php\/vyfukove-systemy\/","name":"V\u00fdfukov\u00e9 syst\u00e9my - SPEI SERVIS","isPartOf":{"@id":"https:\/\/spei.cz\/#website"},"datePublished":"2020-08-04T11:41:50+00:00","dateModified":"2024-03-21T15:43:03+00:00","breadcrumb":{"@id":"https:\/\/spei.cz\/index.php\/vyfukove-systemy\/#breadcrumb"},"inLanguage":"cs","potentialAction":[{"@type":"ReadAction","target":["https:\/\/spei.cz\/index.php\/vyfukove-systemy\/"]}]},{"@type":"BreadcrumbList","@id":"https:\/\/spei.cz\/index.php\/vyfukove-systemy\/#breadcrumb","itemListElement":[{"@type":"ListItem","position":1,"name":"Dom\u016f","item":"https:\/\/spei.cz\/"},{"@type":"ListItem","position":2,"name":"V\u00fdfukov\u00e9 syst\u00e9my"}]},{"@type":"WebSite","@id":"https:\/\/spei.cz\/#website","url":"https:\/\/spei.cz\/","name":"SPEI SERVIS","description":"Autoservis v\u0161ech zna\u010dek!","publisher":{"@id":"https:\/\/spei.cz\/#organization"},"potentialAction":[{"@type":"SearchAction","target":{"@type":"EntryPoint","urlTemplate":"https:\/\/spei.cz\/?s={search_term_string}"},"query-input":{"@type":"PropertyValueSpecification","valueRequired":true,"valueName":"search_term_string"}}],"inLanguage":"cs"},{"@type":"Organization","@id":"https:\/\/spei.cz\/#organization","name":"SPEI SERVIS","url":"https:\/\/spei.cz\/","logo":{"@type":"ImageObject","inLanguage":"cs","@id":"https:\/\/spei.cz\/#\/schema\/logo\/image\/","url":"https:\/\/spei.cz\/wp-content\/uploads\/2020\/01\/cropped-big_logo_SPEI30_high.png","contentUrl":"https:\/\/spei.cz\/wp-content\/uploads\/2020\/01\/cropped-big_logo_SPEI30_high.png","width":3615,"height":851,"caption":"SPEI SERVIS"},"image":{"@id":"https:\/\/spei.cz\/#\/schema\/logo\/image\/"},"sameAs":["https:\/\/www.facebook.com\/spei.servis"]}]}},"_links":{"self":[{"href":"https:\/\/spei.cz\/index.php\/wp-json\/wp\/v2\/pages\/1284","targetHints":{"allow":["GET"]}}],"collection":[{"href":"https:\/\/spei.cz\/index.php\/wp-json\/wp\/v2\/pages"}],"about":[{"href":"https:\/\/spei.cz\/index.php\/wp-json\/wp\/v2\/types\/page"}],"author":[{"embeddable":true,"href":"https:\/\/spei.cz\/index.php\/wp-json\/wp\/v2\/users\/1"}],"replies":[{"embeddable":true,"href":"https:\/\/spei.cz\/index.php\/wp-json\/wp\/v2\/comments?post=1284"}],"version-history":[{"count":15,"href":"https:\/\/spei.cz\/index.php\/wp-json\/wp\/v2\/pages\/1284\/revisions"}],"predecessor-version":[{"id":2449,"href":"https:\/\/spei.cz\/index.php\/wp-json\/wp\/v2\/pages\/1284\/revisions\/2449"}],"wp:attachment":[{"href":"https:\/\/spei.cz\/index.php\/wp-json\/wp\/v2\/media?parent=1284"}],"curies":[{"name":"wp","href":"https:\/\/api.w.org\/{rel}","templated":true}]}}