{"id":1303,"date":"2020-08-04T14:26:10","date_gmt":"2020-08-04T12:26:10","guid":{"rendered":"https:\/\/spei.cz\/?page_id=1303"},"modified":"2024-03-21T16:43:52","modified_gmt":"2024-03-21T15:43:52","slug":"vymena-autobaterie","status":"publish","type":"page","link":"https:\/\/spei.cz\/index.php\/vymena-autobaterie\/","title":{"rendered":"V\u00fdm\u011bna autobaterie"},"content":{"rendered":"\t\t<div data-elementor-type=\"wp-page\" data-elementor-id=\"1303\" class=\"elementor elementor-1303\" data-elementor-post-type=\"page\">\n\t\t\t\t\t\t<section class=\"elementor-section elementor-top-section elementor-element elementor-element-0ae8c69 elementor-section-boxed elementor-section-height-default elementor-section-height-default\" data-id=\"0ae8c69\" data-element_type=\"section\" data-e-type=\"section\">\n\t\t\t\t\t\t<div class=\"elementor-container elementor-column-gap-default\">\n\t\t\t\t\t<div class=\"elementor-column elementor-col-100 elementor-top-column elementor-element elementor-element-c1dd5ce\" data-id=\"c1dd5ce\" data-element_type=\"column\" data-e-type=\"column\">\n\t\t\t<div class=\"elementor-widget-wrap elementor-element-populated\">\n\t\t\t\t\t\t<div class=\"elementor-element elementor-element-c81f1a0 elementor-widget elementor-widget-heading\" data-id=\"c81f1a0\" data-element_type=\"widget\" data-e-type=\"widget\" data-widget_type=\"heading.default\">\n\t\t\t\t<div class=\"elementor-widget-container\">\n\t\t\t\t\t<h4 class=\"elementor-heading-title elementor-size-default\">V\u00fdm\u011bna autobaterie<\/h4>\t\t\t\t<\/div>\n\t\t\t\t<\/div>\n\t\t\t\t\t<\/div>\n\t\t<\/div>\n\t\t\t\t\t<\/div>\n\t\t<\/section>\n\t\t\t\t<section class=\"elementor-section elementor-top-section elementor-element elementor-element-a7a99d5 elementor-section-boxed elementor-section-height-default elementor-section-height-default\" data-id=\"a7a99d5\" data-element_type=\"section\" data-e-type=\"section\">\n\t\t\t\t\t\t<div class=\"elementor-container elementor-column-gap-default\">\n\t\t\t\t\t<div class=\"elementor-column elementor-col-100 elementor-top-column elementor-element elementor-element-b79653b\" data-id=\"b79653b\" data-element_type=\"column\" data-e-type=\"column\">\n\t\t\t<div class=\"elementor-widget-wrap elementor-element-populated\">\n\t\t\t\t\t\t<div class=\"elementor-element elementor-element-a95ec77 elementor-widget elementor-widget-text-editor\" data-id=\"a95ec77\" data-element_type=\"widget\" data-e-type=\"widget\" data-widget_type=\"text-editor.default\">\n\t\t\t\t<div class=\"elementor-widget-container\">\n\t\t\t\t\t\t\t\t\t<p><strong>Autobaterie<\/strong>\u00a0jsou samoz\u0159ejmou sou\u010d\u00e1st\u00ed na\u0161\u00ed nab\u00eddky. Nez\u00e1visle na ro\u010dn\u00edm obdob\u00ed &#8211; v zim\u011b i v l\u00e9t\u011b se V\u00e1m m\u016f\u017ee ne\u010dekan\u011b st\u00e1t, \u017ee autobaterie ve Va\u0161em voze bude vybit\u00e1 \u010di slab\u00e1. V takov\u00e9m p\u0159\u00edpad\u011b se m\u016f\u017eete spolehnout, \u017ee m\u00e1me vhodnou autobaterii pro V\u00e1\u0161 v\u016fz.<br \/>Prod\u00e1v\u00e1me \u0161pi\u010dkov\u00e9 autobaterie sv\u011btov\u00e9 zna\u010dky\u00a0<strong>VARTA<\/strong>, kter\u00e9 spl\u0148uj\u00ed nejn\u00e1ro\u010dn\u011bj\u0161\u00ed parametry. Nab\u00edzej\u00ed podstatn\u011b v\u00edce startovac\u00ed s\u00edly a mnohem del\u0161\u00ed \u017eivotnost ne\u017e klasick\u00e9 startovac\u00ed baterie.<br \/>Baterie dod\u00e1v\u00e1me v\u017edy nabit\u00e9 a p\u0159ipraven\u00e9 pro pou\u017eit\u00ed.<br \/><strong>Dod\u00e1v\u00e1me baterie pro osobn\u00ed a u\u017eitkov\u00e9 automobily, motockly, lod\u011b, tuning, sol\u00e1rn\u00ed soustavy a mobiln\u00ed nap\u00e1jen\u00ed.<\/strong><\/p><h3>Baterie pro osobn\u00ed automobily<\/h3><p>Baterie VARTA pro osobn\u00ed automobily jsou vysoce kvalitn\u00ed baterie odpov\u00eddaj\u00edc\u00ed nejvy\u0161\u0161\u00edm po\u017eadavk\u016fm trhu.\u00a0Nov\u00e1 technologie Power Frame\u00a0nab\u00edz\u00ed podstatn\u011b v\u011bt\u0161\u00ed startovac\u00ed v\u00fdkon a mnohem del\u0161\u00ed \u017eivotnost ne\u017e klasick\u00e1 startovac\u00ed baterie. P\u0159in\u00e1\u0161ej\u00ed vysok\u00fd v\u00fdkon i p\u0159i j\u00edzd\u011b v m\u011bstsk\u00fdch podm\u00ednk\u00e1ch a p\u0159i opakovan\u00e9m startov\u00e1n\u00ed.<\/p><p><strong>V\u00fdhody<\/strong>: del\u0161\u00ed \u017eivotnost, vy\u0161\u0161\u00ed startovac\u00ed v\u00fdkon, vysp\u011bl\u00e1 technologie, vy\u0161\u0161\u00ed startovac\u00ed s\u00edla ve studen\u00e9m po\u010das\u00ed, extr\u00e9mn\u00ed odolnost proti vibrac\u00edm, ochrana vylit\u00ed elektrolytu, v\u011bt\u0161\u00ed bezpe\u010dnost a pohodl\u00ed, vysok\u00fd u\u017eivatelsk\u00fd komfort.<\/p><h3>Baterie pro u\u017eitkov\u00e1 vozidla<\/h3><p>Baterie VARTA pro u\u017eitkov\u00e9 vozy nab\u00edzej\u00ed tu pravou s\u00edlu a v\u00fdkon pro profesion\u00e1ly. Jsou vyvinuty pro n\u00e1kladn\u00ed automobily v d\u00e1lkov\u00e9 i m\u00edstn\u00ed doprav\u011b, autokary a m\u011bstsk\u00e9 autobusy, stavebn\u00ed a zem\u011bd\u011blsk\u00e9 stroje.<br \/>A\u0165 se jedn\u00e1 o n\u00e1kladn\u00ed automobil pro m\u00edstn\u00ed a d\u00e1lkovou dopravu, stavebn\u00ed nebo zem\u011bd\u011blsk\u00fd stroj, autokar nebo m\u011bstsk\u00fd autobus: v\u00fdkon, spolehlivost a hospod\u00e1rnost pat\u0159\u00ed k nejd\u016fle\u017eit\u011bj\u0161\u00edm krit\u00e9ri\u00edm baterie p\u0159i profesion\u00e1ln\u00edm pou\u017eit\u00ed. D\u00edky optim\u00e1ln\u011b p\u0159izp\u016fsoben\u00e9mu programu typ\u016f nab\u00edz\u00ed VARTA v\u017edy spr\u00e1vnou volbu.<\/p><p><strong>V\u00fdhody<\/strong>: maxim\u00e1ln\u00ed bezpe\u010dnost, vysok\u00fd energetick\u00fd v\u00fdkon, odolnost proti vibrac\u00edm, vysok\u00e1 \u017eivotnost, vynikaj\u00edc\u00ed startovac\u00ed s\u00edla.<\/p><h3>Baterie pro motocykly<\/h3><p>Baterie VARTA pro motocykly maj\u00ed vynikaj\u00edc\u00ed v\u00fdkon. Byly vyvinuty pro v\u011bt\u0161\u00ed radost a po\u017eitek z j\u00edzdy na va\u0161em motocyklu. Jsou zaru\u010den\u011b bezpe\u010dn\u00e9 a m\u016f\u017eete je pou\u017e\u00edt tak\u00e9 pro sn\u011b\u017en\u00e9 sk\u00fatry, vodn\u00ed sk\u00fatry, pl\u00e1\u017eov\u00e1 voz\u00edtka nebo seka\u010dky na tr\u00e1vn\u00edky.<\/p><p><strong>V\u00fdhody<\/strong>: vhodn\u00e9 i pro nejtvrd\u0161\u00ed podm\u00ednky v ter\u00e9nu, bezpe\u010dn\u00e9 proti p\u0159eklopen\u00ed, \u00faniku kapaliny a vibrac\u00edm, absolutn\u011b bez\u00fadr\u017ebov\u00e9, extr\u00e9mn\u011b n\u00edzk\u00e9 samovoln\u00e9 vyb\u00edjen\u00ed, velmi vysok\u00fd startovac\u00ed v\u00fdkon.<\/p><h3>Baterie pro mobiln\u00ed nap\u00e1jen\u00ed proudem<\/h3><p>U mnoha elektrick\u00fdch spot\u0159ebi\u010d\u016f v u\u017eitkov\u00fdch vozidlech, jako klimatizace nebo hudebn\u00ed soupravy, vestav\u011bn\u00e1 kuchy\u0148ka, vyh\u0159\u00edvan\u00e1 kabina pro sp\u00e1nek nebo zvedac\u00ed plo\u0161ina, se bezpodm\u00edne\u010dn\u011b doporu\u010duje pou\u017e\u00edt ke startovac\u00ed baterii je\u0161t\u011b jednu nebo n\u011bkolik bateri\u00ed pro mobiln\u00ed nap\u00e1jen\u00ed proudem.<\/p><p><strong>V\u00fdhody<\/strong>: absolutn\u00ed bezpe\u010dnost p\u0159i p\u0159eklopen\u00ed a odolnost proti \u00faniku kapaliny, nevy\u017eaduje \u00fadr\u017ebu, 4 x del\u0161\u00ed \u017eivotnost ne\u017e b\u011b\u017en\u00e9 startovac\u00ed baterie, minim\u00e1ln\u00ed samovoln\u00e9 vyb\u00edjen\u00ed.<br \/>Baterie pro pohon a osv\u011btlen\u00ed vy\u017eaduj\u00ed minim\u00e1ln\u00ed n\u00e1roky na \u00fadr\u017ebu, jsou zaru\u010den\u011b spolehliv\u00e9, optim\u00e1ln\u011b bezpe\u010dn\u00e9 a vynikaj\u00edc\u00ed pro sez\u00f3nn\u00ed provoz. Jsou p\u0159izp\u016fsobeny v\u0161em po\u017eadavk\u016fm mobiln\u00edho nap\u00e1jen\u00ed elektrick\u00fdm proudem.<\/p><h3>Baterie pro lod\u011b<\/h3><p>Baterie VARTA pro mobiln\u00ed nap\u00e1jen\u00ed elektrick\u00fdm proudem dod\u00e1vaj\u00ed spolehliv\u011b a bezpe\u010dn\u011b energii pro lod\u011b, plachetnice a motorov\u00e9 jachty: jako osv\u011btlovac\u00ed baterie pro nap\u00e1jen\u00ed palubn\u00ed s\u00edt\u011b, jako hnac\u00ed baterie pro elektrick\u00fd p\u0159\u00edv\u011bsn\u00fd motor u men\u0161\u00edch jachet nebo jako hnac\u00ed motor pro \u010dist\u011b elektrick\u00e9 lod\u011b.<\/p><p><strong>V\u00fdhody<\/strong>: absolutn\u00ed bezpe\u010dnost p\u0159i p\u0159eklopen\u00ed a odolnost proti \u00faniku kapaliny, nevy\u017eaduje \u00fadr\u017ebu, 4 x del\u0161\u00ed \u017eivotnost ne\u017e b\u011b\u017en\u00e9 startovac\u00ed baterie, minim\u00e1ln\u00ed samovoln\u00e9 vyb\u00edjen\u00ed.<\/p><p>Pou\u017e\u00edv\u00e1te-li sv\u016fj \u010dlun pouze sez\u00f3nn\u011b, z\u016fstanou baterie VARTA pro mobiln\u00ed nap\u00e1jen\u00ed elektrick\u00fdm proudem d\u00edky sv\u00e9mu nepatrn\u00e9mu samovoln\u00e9mu vyb\u00edjen\u00ed p\u0159ipraveny k provozu i b\u011bhem zimy &#8211; baterie m\u016f\u017eete odstavit bez probl\u00e9m\u016f z provozu a\u017e na dobu \u0161esti m\u011bs\u00edc\u016f. Pro nastartov\u00e1n\u00ed p\u0159\u00edv\u011bsn\u00e9ho motoru nebo vestav\u011bn\u00e9ho motoru byste nem\u011bli z bezpe\u010dnostn\u00edch d\u016fvod\u016f pou\u017e\u00edvat baterie pro nap\u00e1jen\u00ed palubn\u00ed s\u00edt\u011b, n\u00fdbr\u017e v\u017edy samostatnou startovac\u00ed baterii.<\/p><h3>Baterie pro sol\u00e1rn\u00ed soustavy<\/h3><p>Vhodn\u00fd zdroj p\u0159\u00edrodn\u00ed energie pro va\u0161i chalupu, chatu, obytn\u00fd automobil, \u010dlun nebo mobiln\u00ed nap\u00e1jen\u00ed r\u00e1dia \u010di televize. Pou\u017eit\u00edm sol\u00e1rn\u00edho syst\u00e9mu a baterie vyu\u017eijete cenov\u011b p\u0159\u00edzniv\u00e9ho a perspektivn\u00edho \u0159e\u0161en\u00ed mobiln\u00edho nap\u00e1jen\u00ed elekt\u0159inou. A m\u00e1te i v noci nebo p\u0159i zamra\u010den\u00fdch dnech jistotu, \u017ee budete m\u00edt k dispozici spolehlivou dod\u00e1vku elektrick\u00e9ho proudu.<\/p><p><strong>V\u00fdhody<\/strong>: efektivn\u00ed zachycen\u00ed slune\u010dn\u00ed energie, vysok\u00e1 spolehlivost a minim\u00e1ln\u00ed samovoln\u00e9 vyb\u00edjen\u00ed, schopnost ulo\u017eit energii po del\u0161\u00ed \u010dasov\u00e9 obdob\u00ed, ochrana proti hlubok\u00e9mu vybit\u00ed, konstantn\u00ed nap\u00e1jen\u00ed elektrick\u00fdch spot\u0159ebi\u010d\u016f, odolnost extr\u00e9mn\u00edmu zat\u00ed\u017een\u00ed a dlouh\u00e1 \u017eivotnost.<\/p>\t\t\t\t\t\t\t\t<\/div>\n\t\t\t\t<\/div>\n\t\t\t\t\t<\/div>\n\t\t<\/div>\n\t\t\t\t\t<\/div>\n\t\t<\/section>\n\t\t\t\t<\/div>\n\t\t","protected":false},"excerpt":{"rendered":"<p>V\u00fdm\u011bna autobaterie Autobaterie\u00a0jsou samoz\u0159ejmou sou\u010d\u00e1st\u00ed na\u0161\u00ed nab\u00eddky. Nez\u00e1visle na ro\u010dn\u00edm obdob\u00ed &#8211; v zim\u011b i v l\u00e9t\u011b se V\u00e1m m\u016f\u017ee<\/p>\n","protected":false},"author":1,"featured_media":0,"parent":0,"menu_order":0,"comment_status":"closed","ping_status":"closed","template":"","meta":{"colormag_page_container_layout":"default_layout","colormag_page_sidebar_layout":"default_layout","footnotes":""},"class_list":["post-1303","page","type-page","status-publish","hentry"],"yoast_head":"<!-- This site is optimized with the Yoast SEO plugin v27.4 - https:\/\/yoast.com\/product\/yoast-seo-wordpress\/ -->\r\n<title>V\u00fdm\u011bna autobaterie - SPEI SERVIS<\/title>\r\n<meta name=\"robots\" content=\"index, follow, max-snippet:-1, max-image-preview:large, max-video-preview:-1\" \/>\r\n<link rel=\"canonical\" href=\"https:\/\/spei.cz\/index.php\/vymena-autobaterie\/\" \/>\r\n<meta property=\"og:locale\" content=\"cs_CZ\" \/>\r\n<meta property=\"og:type\" content=\"article\" \/>\r\n<meta property=\"og:title\" content=\"V\u00fdm\u011bna autobaterie - SPEI SERVIS\" \/>\r\n<meta property=\"og:description\" content=\"V\u00fdm\u011bna autobaterie Autobaterie\u00a0jsou samoz\u0159ejmou sou\u010d\u00e1st\u00ed na\u0161\u00ed nab\u00eddky. Nez\u00e1visle na ro\u010dn\u00edm obdob\u00ed &#8211; v zim\u011b i v l\u00e9t\u011b se V\u00e1m m\u016f\u017ee\" \/>\r\n<meta property=\"og:url\" content=\"https:\/\/spei.cz\/index.php\/vymena-autobaterie\/\" \/>\r\n<meta property=\"og:site_name\" content=\"SPEI SERVIS\" \/>\r\n<meta property=\"article:publisher\" content=\"https:\/\/www.facebook.com\/spei.servis\" \/>\r\n<meta property=\"article:modified_time\" content=\"2024-03-21T15:43:52+00:00\" \/>\r\n<meta name=\"twitter:card\" content=\"summary_large_image\" \/>\r\n<meta name=\"twitter:label1\" content=\"Odhadovan\u00e1 doba \u010dten\u00ed\" \/>\n\t<meta name=\"twitter:data1\" content=\"4 minuty\" \/>\r\n<script type=\"application\/ld+json\" class=\"yoast-schema-graph\">{\"@context\":\"https:\\\/\\\/schema.org\",\"@graph\":[{\"@type\":\"WebPage\",\"@id\":\"https:\\\/\\\/spei.cz\\\/index.php\\\/vymena-autobaterie\\\/\",\"url\":\"https:\\\/\\\/spei.cz\\\/index.php\\\/vymena-autobaterie\\\/\",\"name\":\"V\u00fdm\u011bna autobaterie - SPEI SERVIS\",\"isPartOf\":{\"@id\":\"https:\\\/\\\/spei.cz\\\/#website\"},\"datePublished\":\"2020-08-04T12:26:10+00:00\",\"dateModified\":\"2024-03-21T15:43:52+00:00\",\"breadcrumb\":{\"@id\":\"https:\\\/\\\/spei.cz\\\/index.php\\\/vymena-autobaterie\\\/#breadcrumb\"},\"inLanguage\":\"cs\",\"potentialAction\":[{\"@type\":\"ReadAction\",\"target\":[\"https:\\\/\\\/spei.cz\\\/index.php\\\/vymena-autobaterie\\\/\"]}]},{\"@type\":\"BreadcrumbList\",\"@id\":\"https:\\\/\\\/spei.cz\\\/index.php\\\/vymena-autobaterie\\\/#breadcrumb\",\"itemListElement\":[{\"@type\":\"ListItem\",\"position\":1,\"name\":\"Dom\u016f\",\"item\":\"https:\\\/\\\/spei.cz\\\/\"},{\"@type\":\"ListItem\",\"position\":2,\"name\":\"V\u00fdm\u011bna autobaterie\"}]},{\"@type\":\"WebSite\",\"@id\":\"https:\\\/\\\/spei.cz\\\/#website\",\"url\":\"https:\\\/\\\/spei.cz\\\/\",\"name\":\"SPEI SERVIS\",\"description\":\"Autoservis v\u0161ech zna\u010dek!\",\"publisher\":{\"@id\":\"https:\\\/\\\/spei.cz\\\/#organization\"},\"potentialAction\":[{\"@type\":\"SearchAction\",\"target\":{\"@type\":\"EntryPoint\",\"urlTemplate\":\"https:\\\/\\\/spei.cz\\\/?s={search_term_string}\"},\"query-input\":{\"@type\":\"PropertyValueSpecification\",\"valueRequired\":true,\"valueName\":\"search_term_string\"}}],\"inLanguage\":\"cs\"},{\"@type\":\"Organization\",\"@id\":\"https:\\\/\\\/spei.cz\\\/#organization\",\"name\":\"SPEI SERVIS\",\"url\":\"https:\\\/\\\/spei.cz\\\/\",\"logo\":{\"@type\":\"ImageObject\",\"inLanguage\":\"cs\",\"@id\":\"https:\\\/\\\/spei.cz\\\/#\\\/schema\\\/logo\\\/image\\\/\",\"url\":\"https:\\\/\\\/spei.cz\\\/wp-content\\\/uploads\\\/2020\\\/01\\\/cropped-big_logo_SPEI30_high.png\",\"contentUrl\":\"https:\\\/\\\/spei.cz\\\/wp-content\\\/uploads\\\/2020\\\/01\\\/cropped-big_logo_SPEI30_high.png\",\"width\":3615,\"height\":851,\"caption\":\"SPEI SERVIS\"},\"image\":{\"@id\":\"https:\\\/\\\/spei.cz\\\/#\\\/schema\\\/logo\\\/image\\\/\"},\"sameAs\":[\"https:\\\/\\\/www.facebook.com\\\/spei.servis\"]}]}<\/script>\r\n<!-- \/ Yoast SEO plugin. -->","yoast_head_json":{"title":"V\u00fdm\u011bna autobaterie - SPEI SERVIS","robots":{"index":"index","follow":"follow","max-snippet":"max-snippet:-1","max-image-preview":"max-image-preview:large","max-video-preview":"max-video-preview:-1"},"canonical":"https:\/\/spei.cz\/index.php\/vymena-autobaterie\/","og_locale":"cs_CZ","og_type":"article","og_title":"V\u00fdm\u011bna autobaterie - SPEI SERVIS","og_description":"V\u00fdm\u011bna autobaterie Autobaterie\u00a0jsou samoz\u0159ejmou sou\u010d\u00e1st\u00ed na\u0161\u00ed nab\u00eddky. Nez\u00e1visle na ro\u010dn\u00edm obdob\u00ed &#8211; v zim\u011b i v l\u00e9t\u011b se V\u00e1m m\u016f\u017ee","og_url":"https:\/\/spei.cz\/index.php\/vymena-autobaterie\/","og_site_name":"SPEI SERVIS","article_publisher":"https:\/\/www.facebook.com\/spei.servis","article_modified_time":"2024-03-21T15:43:52+00:00","twitter_card":"summary_large_image","twitter_misc":{"Odhadovan\u00e1 doba \u010dten\u00ed":"4 minuty"},"schema":{"@context":"https:\/\/schema.org","@graph":[{"@type":"WebPage","@id":"https:\/\/spei.cz\/index.php\/vymena-autobaterie\/","url":"https:\/\/spei.cz\/index.php\/vymena-autobaterie\/","name":"V\u00fdm\u011bna autobaterie - SPEI SERVIS","isPartOf":{"@id":"https:\/\/spei.cz\/#website"},"datePublished":"2020-08-04T12:26:10+00:00","dateModified":"2024-03-21T15:43:52+00:00","breadcrumb":{"@id":"https:\/\/spei.cz\/index.php\/vymena-autobaterie\/#breadcrumb"},"inLanguage":"cs","potentialAction":[{"@type":"ReadAction","target":["https:\/\/spei.cz\/index.php\/vymena-autobaterie\/"]}]},{"@type":"BreadcrumbList","@id":"https:\/\/spei.cz\/index.php\/vymena-autobaterie\/#breadcrumb","itemListElement":[{"@type":"ListItem","position":1,"name":"Dom\u016f","item":"https:\/\/spei.cz\/"},{"@type":"ListItem","position":2,"name":"V\u00fdm\u011bna autobaterie"}]},{"@type":"WebSite","@id":"https:\/\/spei.cz\/#website","url":"https:\/\/spei.cz\/","name":"SPEI SERVIS","description":"Autoservis v\u0161ech zna\u010dek!","publisher":{"@id":"https:\/\/spei.cz\/#organization"},"potentialAction":[{"@type":"SearchAction","target":{"@type":"EntryPoint","urlTemplate":"https:\/\/spei.cz\/?s={search_term_string}"},"query-input":{"@type":"PropertyValueSpecification","valueRequired":true,"valueName":"search_term_string"}}],"inLanguage":"cs"},{"@type":"Organization","@id":"https:\/\/spei.cz\/#organization","name":"SPEI SERVIS","url":"https:\/\/spei.cz\/","logo":{"@type":"ImageObject","inLanguage":"cs","@id":"https:\/\/spei.cz\/#\/schema\/logo\/image\/","url":"https:\/\/spei.cz\/wp-content\/uploads\/2020\/01\/cropped-big_logo_SPEI30_high.png","contentUrl":"https:\/\/spei.cz\/wp-content\/uploads\/2020\/01\/cropped-big_logo_SPEI30_high.png","width":3615,"height":851,"caption":"SPEI SERVIS"},"image":{"@id":"https:\/\/spei.cz\/#\/schema\/logo\/image\/"},"sameAs":["https:\/\/www.facebook.com\/spei.servis"]}]}},"_links":{"self":[{"href":"https:\/\/spei.cz\/index.php\/wp-json\/wp\/v2\/pages\/1303","targetHints":{"allow":["GET"]}}],"collection":[{"href":"https:\/\/spei.cz\/index.php\/wp-json\/wp\/v2\/pages"}],"about":[{"href":"https:\/\/spei.cz\/index.php\/wp-json\/wp\/v2\/types\/page"}],"author":[{"embeddable":true,"href":"https:\/\/spei.cz\/index.php\/wp-json\/wp\/v2\/users\/1"}],"replies":[{"embeddable":true,"href":"https:\/\/spei.cz\/index.php\/wp-json\/wp\/v2\/comments?post=1303"}],"version-history":[{"count":17,"href":"https:\/\/spei.cz\/index.php\/wp-json\/wp\/v2\/pages\/1303\/revisions"}],"predecessor-version":[{"id":2458,"href":"https:\/\/spei.cz\/index.php\/wp-json\/wp\/v2\/pages\/1303\/revisions\/2458"}],"wp:attachment":[{"href":"https:\/\/spei.cz\/index.php\/wp-json\/wp\/v2\/media?parent=1303"}],"curies":[{"name":"wp","href":"https:\/\/api.w.org\/{rel}","templated":true}]}}