{"id":1360,"date":"2020-11-27T10:03:23","date_gmt":"2020-11-27T09:03:23","guid":{"rendered":"https:\/\/spei.cz\/?page_id=1360"},"modified":"2024-03-21T16:38:57","modified_gmt":"2024-03-21T15:38:57","slug":"sportovni-vyfuky","status":"publish","type":"page","link":"https:\/\/spei.cz\/index.php\/sportovni-vyfuky\/","title":{"rendered":"Sportovn\u00ed v\u00fdfuky"},"content":{"rendered":"\t\t<div data-elementor-type=\"wp-page\" data-elementor-id=\"1360\" class=\"elementor elementor-1360\" data-elementor-post-type=\"page\">\n\t\t\t\t\t\t<section class=\"elementor-section elementor-top-section elementor-element elementor-element-b30f0ae elementor-section-boxed elementor-section-height-default elementor-section-height-default\" data-id=\"b30f0ae\" data-element_type=\"section\" data-e-type=\"section\">\n\t\t\t\t\t\t<div class=\"elementor-container elementor-column-gap-default\">\n\t\t\t\t\t<div class=\"elementor-column elementor-col-100 elementor-top-column elementor-element elementor-element-6eada51\" data-id=\"6eada51\" data-element_type=\"column\" data-e-type=\"column\">\n\t\t\t<div class=\"elementor-widget-wrap elementor-element-populated\">\n\t\t\t\t\t\t<div class=\"elementor-element elementor-element-e64fdc7 elementor-widget elementor-widget-text-editor\" data-id=\"e64fdc7\" data-element_type=\"widget\" data-e-type=\"widget\" data-widget_type=\"text-editor.default\">\n\t\t\t\t<div class=\"elementor-widget-container\">\n\t\t\t\t\t\t\t\t\t<p>SPORTOVN\u00cd V\u00ddFUKY<\/p><p>P\u0159\u00edznivci tuningu a sportovn\u00edch \u00faprav aut mohou u n\u00e1s vyb\u00edrat z \u0161irok\u00e9 nab\u00eddky kvalitn\u00edch\u00a0sportovn\u00edch v\u00fdfuk\u016f Ulter Sport, Supersprint, Remus, Akrapovi\u010d, Milltek, Jap parts, MagnaFlow\u00a0a\u00a0Fox. V\u00fdfuky \u0161pi\u010dkov\u00e9 kvality jsou vyrobeny z nerezu \u010di u\u0161lechtil\u00e9 oceli a vynikaj\u00ed dlouhou \u017eivotnost\u00ed. Krom\u011b sportovn\u00edho zvuku je v\u00fdrobcem garantov\u00e1n tak\u00e9 n\u00e1r\u016fst v\u00fdkonu motoru 3 &#8211; 5%.<br \/>Nab\u00edz\u00edme univers\u00e1ln\u00ed a origin\u00e1ln\u00ed sportovn\u00ed v\u00fdfuky pro automobily s jednou \u010di dv\u011bma koncovkami nebo v proveden\u00ed duplex. Sou\u010d\u00e1st\u00ed nab\u00eddky jsou univers\u00e1ln\u00ed v\u00fdfuky z le\u0161t\u011bn\u00e9 nerezy pro auta i pro motocykly a v\u00fdfuky \u00b4Cobra\u00b4 &#8211;\u00a0speci\u00e1ln\u00ed v\u00fdfuky\u00a0s perforovan\u00fdm opl\u00e1\u0161t\u011bn\u00edm pro veden\u00ed vn\u011b podvozku. Zaji\u0161\u0165ujeme odbornou mont\u00e1\u017e v\u0161ech typ\u016f sportovn\u00edch v\u00fdfuk\u016f.\u00a0<\/p><p>V\u00fdhody mont\u00e1\u017ee v na\u0161em servisu:<\/p><p>kvalitn\u00ed, odborn\u00fd a rychl\u00fd servis<\/p><p>kvalitn\u00ed proveden\u00ed p\u0159\u00edpadn\u00fdch z\u00e1sah\u016f do n\u00e1razn\u00edku<\/p><p>v\u00fdb\u011br vhodn\u00e9ho v\u00fdfuku a bezplatn\u00e1 konzultace bez objedn\u00e1n\u00ed<\/p><p>odborn\u00e1 mont\u00e1\u017e duplex\u016f a\u00a0zak\u00e1zek na m\u00edru\u00a0<\/p><p>v\u00fdb\u011br z katalogu a prezentace v\u010detn\u011b uk\u00e1zky na voze\u00a0<\/p><p>ORIGIN\u00c1LN\u00cd V\u00ddFUKY<\/p><p>Vyrobeny pro konkr\u00e9tn\u00ed typ vozu a motoru, dosahuj\u00ed sportovn\u00edho zvuku a zv\u00fd\u0161en\u00ed v\u00fdkonu<\/p><p>\u00a0garantovan\u00e9ho v\u00fdrobcem. Ve\u0161ker\u00e9 parametry v\u00fdfuk\u016f spl\u0148uj\u00ed vlastnosti origin\u00e1ln\u00edch v\u00fdfuk\u016f,<\/p><p>\u00a0mont\u00e1\u017e je nen\u00e1ro\u010dn\u00e1 a jednoduch\u00e1. Pro jednotliv\u00e9 typy voz\u016f lze vyb\u00edrat z \u0161ir\u0161\u00ed nab\u00eddky v\u00fdfuk\u016f &#8211; s jednou \u010di dv\u011bma koncovkami a tak\u00e9 z duplex\u016f s jednoduch\u00fdmi \u010di dvojit\u00fdmi koncovkami vlevo i vpravo.<\/p><p>Vybran\u00e9 v\u00fdfuky jsou schv\u00e1leny a certifikov\u00e1ny pro provoz v EU.<\/p><p>UNIVERS\u00c1LN\u00cd V\u00ddFUKY<\/p><p>Vyrobeny pro univers\u00e1ln\u00ed pou\u017eit\u00ed. Mont\u00e1\u017e vy\u017eaduje ur\u010ditou m\u00edru zru\u010dnosti. Nab\u00eddka typ\u016f koncovek a rozm\u011br\u016f tlumi\u010d\u016f je velmi \u0161irok\u00e1, zahrnuje v\u00fdfuky s jednou \u010di dv\u011bma koncovkami v proveden\u00ed nerez \u010di u\u0161lechtil\u00e1 ocel. Krom\u011b toho zahrnuje tak\u00e9 v\u00fdfuky v efektn\u00edm proveden\u00ed le\u0161t\u011bn\u00e1 nerez, a to v\u010detn\u011b v\u00fdfuk\u016f pro motocykly a v\u00fdfuk\u016f typu\u00a0\u00b4Cobra\u00b4.<\/p><p>Katalyz\u00e1tory\u00a0<\/p><p>\u00da\u010dinn\u00e9 katalyz\u00e1tory se vyzna\u010duj\u00ed dlouhou \u017eivotnost\u00ed a odolnost\u00ed proti mechanick\u00e9mu po\u0161kozen\u00ed. V\u00fdrobce garantuje n\u00e1r\u016fst v\u00fdkonu motoru 3 &#8211; 5%, k n\u011bmu\u017e doch\u00e1z\u00ed d\u00edky redukci zp\u011btn\u00e9ho tlaku v\u00fdfukov\u00fdch plyn\u016f.<\/p><p>Nab\u00edz\u00edme sportovn\u00ed katalyz\u00e1tory pro vozy WRC, Rallycross, Autocross a cestovn\u00ed vozy od obsahu do 2000cc.<\/p><p>ULTER SPORT<\/p><p>Mal\u00e1 spole\u010dnost vznikl\u00e1 roku 1986 se specializovala na regeneraci a v\u00fdm\u011bn\u011b v\u00fdfukov\u00fdch syst\u00e9m\u016f. Se zvy\u0161uj\u00edc\u00ed se popt\u00e1vkou po sportovn\u00edch v\u00fdfuc\u00edch se roku 1990 p\u0159etransformovala na Obchodn\u011b \u2013 v\u00fdrobn\u00ed z\u00e1vod \u201eULTER\u201c a za\u010dala se zab\u00fdvat v\u00fdrobou sportovn\u00edch v\u00fdfuk\u016f na v\u011bt\u0161inu v Evrop\u011b dostupn\u00fdch druh\u016f vozidel.<\/p><p>Vysok\u00e9 n\u00e1roky,\u00a0kter\u00e9 p\u0159ed v\u00fdrobci sportovn\u00edch tlumi\u010d\u016f kladou z\u00e1kazn\u00edci, rozhodli o zaveden\u00ed v\u00edce nov\u00fdch technologi\u00ed a vysoko-kvalitn\u00edch materi\u00e1l\u016f.\u00a0V d\u016fsledku tohoto z\u00edskala od polsk\u00e9ho certifika\u010dn\u00edho \u00fa\u0159adu \u201ePIMoT\u201c certifikaci pod\u00a0bezpe\u010dnostn\u00ed zna\u010dkou \u201eB\u201c.<\/p><p>Roku 2001 vznikl \u201eUlter-Sport\u201c s.r.o.\u00a0kter\u00e9ho \u00falohou\u00a0je vytvo\u0159it obchodn\u00ed s\u00edt a realizovat pl\u00e1n v\u00fdstavby modern\u00edho z\u00e1vodu, schopn\u00e9ho splnit po\u017eadavky z\u00e1padoevropsk\u00fdch trh\u016f. Roku\u00a02003 se tento pl\u00e1n poda\u0159ilo splnit, v d\u016fsledku\u00a0toho byl otev\u0159en nov\u00fd v\u00fdrobn\u00ed podnik v obci Wegierska Gorka p\u0159i Zywci s technologick\u00fdm z\u00e1zem\u00edm dovoluj\u00edc\u00edm vstoupit na trhy Evropsk\u00e9 Unie.\u00a0V roce 2004\u00a0z\u00edskal podnik\u00a0certifikaci ISO 9001 : 2000.<\/p><p>Ji\u017e p\u0159es dvacet let zku\u0161enost\u00ed\u00a0a testov\u00e1n\u00ed produkt\u016f v extr\u00e9mn\u00edch podm\u00ednk\u00e1ch vede k\u00a0tomu, \u017ee mnoho z\u00e1vodn\u00edch t\u00fdm\u016f pou\u017e\u00edv\u00e1 v\u00fdrobky Ulter-sport.<\/p><p>V nab\u00eddce spole\u010dnosti jsou\u00a0sportovn\u00ed v\u00fdfuky na konkr\u00e9tn\u00ed automobil,\u00a0univerz\u00e1ln\u00ed v\u00fdfuky a v\u00fdfuky na motocykly a koncovky v\u00fdfuk\u016f. Koncovky v\u00fdfuk\u016f a u n\u011bkter\u00fdch typ\u016f i cel\u00e9 tlumi\u010de jsou z kvalitn\u00ed nerezov\u00e9 oceli.<\/p><p>SUPERSPRINT<\/p><p>Italsk\u00e1 spole\u010dnost Supersprint vznikla roku 1955 a p\u016fsob\u00ed na trhu s v\u00fdfukov\u00fdmi syst\u00e9my ji\u017e v\u00edce ne\u017e 55 let. Jej\u00edm c\u00edlem a specializac\u00ed\u00a0je v\u00fdvoj, design a dod\u00e1vky\u00a0kompletn\u00edch sportovn\u00edch v\u00fdfukov\u00fdch syst\u00e9m\u016f ur\u010den\u00fdch pro zv\u00fd\u0161en\u00ed v\u00fdkonu vozu. V\u00fdfukov\u00e9 syst\u00e9my Supersprint jsou\u00a0vyr\u00e1b\u011bny z vysoce kvalitn\u00edch druh\u016f nerezov\u00e9 oceli. Velk\u00e1 \u010d\u00e1st v\u00fdrobc\u016f sportovn\u00edch v\u00fdfuk\u016f produkuje v\u00fdfukov\u00e9 syst\u00e9my kter\u00e9 maj\u00ed pouze mal\u00e9 rozd\u00edly mezi jednotliv\u00fdmi typy, \u010d\u00edm\u017e nast\u00e1v\u00e1 situace \u017ee nejsou optimalizov\u00e1ny pro dan\u00fd v\u00fdkon a typ motoru. Tohoto se s v\u00fdfukov\u00fdm syst\u00e9mem vyvarujete. V nab\u00eddce sortimentu Supersprint nalezneme v\u00fdfukov\u00e9 svody, v\u00fdfukov\u00e9 tlumi\u010de,\u00a0trubky a\u00a0sportovn\u00ed katalyz\u00e1tory. Prioritou p\u0159i v\u00fdvoji v\u00fdfukov\u00fdch syst\u00e9mu je nejen zv\u00fd\u0161en\u00ed v\u00fdkonu vozu, ale tak\u00e9 p\u0159\u00edjemn\u00fd sportovn\u00ed zvuk kter\u00fd v\u0161ak nesm\u00ed b\u00fdt p\u0159\u00edli\u0161 hlasit\u00fd. V\u0161echny vyv\u00edjen\u00e9 v\u00fdfukov\u00e9 syst\u00e9my jsou dlouze testov\u00e1ny ne\u017e je schv\u00e1lena jejich definitivn\u00ed verze. Spole\u010dnost nab\u00edz\u00ed jak v\u00fdfukov\u00e9 syst\u00e9my homologovan\u00e9 pro b\u011b\u017en\u00fd silni\u010dn\u00ed provoz, tak i v\u00fdfukov\u00e9 syst\u00e9my pro \u010dist\u011b sportovn\u00ed a z\u00e1vodn\u00ed vyu\u017eit\u00ed.<\/p><p>Nab\u00edzen\u00fd sortiment pokr\u00fdv\u00e1 v\u011bt\u0161inu \u0161k\u00e1ly u n\u00e1s b\u011b\u017en\u011b dostupn\u00fdch vozidel. V\u00fdfukov\u00e9 syst\u00e9my pro milovn\u00edky rychl\u00fdch aut, to je Supersprint.<\/p><p>REMUS<\/p><p>Jako dopl\u0148kov\u00fd sortiment V\u00e1m nab\u00edz\u00edme sportovn\u00ed v\u00fdfuky Rakousk\u00e9 spole\u010dnosti Remus zalo\u017een\u00e9 roku 1950. Stejn\u011b jako Ulter-Sport, i\u00a0origin\u00e1ln\u00ed sportovn\u00ed v\u00fdfuky Remus\u00a0jsou homologov\u00e1ny pro pou\u017eit\u00ed v \u010cR.<\/p>\t\t\t\t\t\t\t\t<\/div>\n\t\t\t\t<\/div>\n\t\t\t\t\t<\/div>\n\t\t<\/div>\n\t\t\t\t\t<\/div>\n\t\t<\/section>\n\t\t\t\t<\/div>\n\t\t","protected":false},"excerpt":{"rendered":"<p>SPORTOVN\u00cd V\u00ddFUKY P\u0159\u00edznivci tuningu a sportovn\u00edch \u00faprav aut mohou u n\u00e1s vyb\u00edrat z \u0161irok\u00e9 nab\u00eddky kvalitn\u00edch\u00a0sportovn\u00edch v\u00fdfuk\u016f Ulter Sport, Supersprint,<\/p>\n","protected":false},"author":1,"featured_media":0,"parent":0,"menu_order":0,"comment_status":"closed","ping_status":"closed","template":"","meta":{"colormag_page_container_layout":"default_layout","colormag_page_sidebar_layout":"default_layout","footnotes":""},"class_list":["post-1360","page","type-page","status-publish","hentry"],"yoast_head":"<!-- This site is optimized with the Yoast SEO plugin v27.5 - https:\/\/yoast.com\/product\/yoast-seo-wordpress\/ -->\r\n<title>Sportovn\u00ed v\u00fdfuky - SPEI SERVIS<\/title>\r\n<meta name=\"robots\" content=\"index, follow, max-snippet:-1, max-image-preview:large, max-video-preview:-1\" \/>\r\n<link rel=\"canonical\" href=\"https:\/\/spei.cz\/index.php\/sportovni-vyfuky\/\" \/>\r\n<meta property=\"og:locale\" content=\"cs_CZ\" \/>\r\n<meta property=\"og:type\" content=\"article\" \/>\r\n<meta property=\"og:title\" content=\"Sportovn\u00ed v\u00fdfuky - SPEI SERVIS\" \/>\r\n<meta property=\"og:description\" content=\"SPORTOVN\u00cd V\u00ddFUKY P\u0159\u00edznivci tuningu a sportovn\u00edch \u00faprav aut mohou u n\u00e1s vyb\u00edrat z \u0161irok\u00e9 nab\u00eddky kvalitn\u00edch\u00a0sportovn\u00edch v\u00fdfuk\u016f Ulter Sport, Supersprint,\" \/>\r\n<meta property=\"og:url\" content=\"https:\/\/spei.cz\/index.php\/sportovni-vyfuky\/\" \/>\r\n<meta property=\"og:site_name\" content=\"SPEI SERVIS\" \/>\r\n<meta property=\"article:publisher\" content=\"https:\/\/www.facebook.com\/spei.servis\" \/>\r\n<meta property=\"article:modified_time\" content=\"2024-03-21T15:38:57+00:00\" \/>\r\n<meta name=\"twitter:card\" content=\"summary_large_image\" \/>\r\n<meta name=\"twitter:label1\" content=\"Odhadovan\u00e1 doba \u010dten\u00ed\" \/>\n\t<meta name=\"twitter:data1\" content=\"4 minuty\" \/>\r\n<script type=\"application\/ld+json\" class=\"yoast-schema-graph\">{\"@context\":\"https:\\\/\\\/schema.org\",\"@graph\":[{\"@type\":\"WebPage\",\"@id\":\"https:\\\/\\\/spei.cz\\\/index.php\\\/sportovni-vyfuky\\\/\",\"url\":\"https:\\\/\\\/spei.cz\\\/index.php\\\/sportovni-vyfuky\\\/\",\"name\":\"Sportovn\u00ed v\u00fdfuky - SPEI SERVIS\",\"isPartOf\":{\"@id\":\"https:\\\/\\\/spei.cz\\\/#website\"},\"datePublished\":\"2020-11-27T09:03:23+00:00\",\"dateModified\":\"2024-03-21T15:38:57+00:00\",\"breadcrumb\":{\"@id\":\"https:\\\/\\\/spei.cz\\\/index.php\\\/sportovni-vyfuky\\\/#breadcrumb\"},\"inLanguage\":\"cs\",\"potentialAction\":[{\"@type\":\"ReadAction\",\"target\":[\"https:\\\/\\\/spei.cz\\\/index.php\\\/sportovni-vyfuky\\\/\"]}]},{\"@type\":\"BreadcrumbList\",\"@id\":\"https:\\\/\\\/spei.cz\\\/index.php\\\/sportovni-vyfuky\\\/#breadcrumb\",\"itemListElement\":[{\"@type\":\"ListItem\",\"position\":1,\"name\":\"Dom\u016f\",\"item\":\"https:\\\/\\\/spei.cz\\\/\"},{\"@type\":\"ListItem\",\"position\":2,\"name\":\"Sportovn\u00ed v\u00fdfuky\"}]},{\"@type\":\"WebSite\",\"@id\":\"https:\\\/\\\/spei.cz\\\/#website\",\"url\":\"https:\\\/\\\/spei.cz\\\/\",\"name\":\"SPEI SERVIS\",\"description\":\"Autoservis v\u0161ech zna\u010dek!\",\"publisher\":{\"@id\":\"https:\\\/\\\/spei.cz\\\/#organization\"},\"potentialAction\":[{\"@type\":\"SearchAction\",\"target\":{\"@type\":\"EntryPoint\",\"urlTemplate\":\"https:\\\/\\\/spei.cz\\\/?s={search_term_string}\"},\"query-input\":{\"@type\":\"PropertyValueSpecification\",\"valueRequired\":true,\"valueName\":\"search_term_string\"}}],\"inLanguage\":\"cs\"},{\"@type\":\"Organization\",\"@id\":\"https:\\\/\\\/spei.cz\\\/#organization\",\"name\":\"SPEI SERVIS\",\"url\":\"https:\\\/\\\/spei.cz\\\/\",\"logo\":{\"@type\":\"ImageObject\",\"inLanguage\":\"cs\",\"@id\":\"https:\\\/\\\/spei.cz\\\/#\\\/schema\\\/logo\\\/image\\\/\",\"url\":\"https:\\\/\\\/spei.cz\\\/wp-content\\\/uploads\\\/2020\\\/01\\\/cropped-big_logo_SPEI30_high.png\",\"contentUrl\":\"https:\\\/\\\/spei.cz\\\/wp-content\\\/uploads\\\/2020\\\/01\\\/cropped-big_logo_SPEI30_high.png\",\"width\":3615,\"height\":851,\"caption\":\"SPEI SERVIS\"},\"image\":{\"@id\":\"https:\\\/\\\/spei.cz\\\/#\\\/schema\\\/logo\\\/image\\\/\"},\"sameAs\":[\"https:\\\/\\\/www.facebook.com\\\/spei.servis\"]}]}<\/script>\r\n<!-- \/ Yoast SEO plugin. -->","yoast_head_json":{"title":"Sportovn\u00ed v\u00fdfuky - SPEI SERVIS","robots":{"index":"index","follow":"follow","max-snippet":"max-snippet:-1","max-image-preview":"max-image-preview:large","max-video-preview":"max-video-preview:-1"},"canonical":"https:\/\/spei.cz\/index.php\/sportovni-vyfuky\/","og_locale":"cs_CZ","og_type":"article","og_title":"Sportovn\u00ed v\u00fdfuky - SPEI SERVIS","og_description":"SPORTOVN\u00cd V\u00ddFUKY P\u0159\u00edznivci tuningu a sportovn\u00edch \u00faprav aut mohou u n\u00e1s vyb\u00edrat z \u0161irok\u00e9 nab\u00eddky kvalitn\u00edch\u00a0sportovn\u00edch v\u00fdfuk\u016f Ulter Sport, Supersprint,","og_url":"https:\/\/spei.cz\/index.php\/sportovni-vyfuky\/","og_site_name":"SPEI SERVIS","article_publisher":"https:\/\/www.facebook.com\/spei.servis","article_modified_time":"2024-03-21T15:38:57+00:00","twitter_card":"summary_large_image","twitter_misc":{"Odhadovan\u00e1 doba \u010dten\u00ed":"4 minuty"},"schema":{"@context":"https:\/\/schema.org","@graph":[{"@type":"WebPage","@id":"https:\/\/spei.cz\/index.php\/sportovni-vyfuky\/","url":"https:\/\/spei.cz\/index.php\/sportovni-vyfuky\/","name":"Sportovn\u00ed v\u00fdfuky - SPEI SERVIS","isPartOf":{"@id":"https:\/\/spei.cz\/#website"},"datePublished":"2020-11-27T09:03:23+00:00","dateModified":"2024-03-21T15:38:57+00:00","breadcrumb":{"@id":"https:\/\/spei.cz\/index.php\/sportovni-vyfuky\/#breadcrumb"},"inLanguage":"cs","potentialAction":[{"@type":"ReadAction","target":["https:\/\/spei.cz\/index.php\/sportovni-vyfuky\/"]}]},{"@type":"BreadcrumbList","@id":"https:\/\/spei.cz\/index.php\/sportovni-vyfuky\/#breadcrumb","itemListElement":[{"@type":"ListItem","position":1,"name":"Dom\u016f","item":"https:\/\/spei.cz\/"},{"@type":"ListItem","position":2,"name":"Sportovn\u00ed v\u00fdfuky"}]},{"@type":"WebSite","@id":"https:\/\/spei.cz\/#website","url":"https:\/\/spei.cz\/","name":"SPEI SERVIS","description":"Autoservis v\u0161ech zna\u010dek!","publisher":{"@id":"https:\/\/spei.cz\/#organization"},"potentialAction":[{"@type":"SearchAction","target":{"@type":"EntryPoint","urlTemplate":"https:\/\/spei.cz\/?s={search_term_string}"},"query-input":{"@type":"PropertyValueSpecification","valueRequired":true,"valueName":"search_term_string"}}],"inLanguage":"cs"},{"@type":"Organization","@id":"https:\/\/spei.cz\/#organization","name":"SPEI SERVIS","url":"https:\/\/spei.cz\/","logo":{"@type":"ImageObject","inLanguage":"cs","@id":"https:\/\/spei.cz\/#\/schema\/logo\/image\/","url":"https:\/\/spei.cz\/wp-content\/uploads\/2020\/01\/cropped-big_logo_SPEI30_high.png","contentUrl":"https:\/\/spei.cz\/wp-content\/uploads\/2020\/01\/cropped-big_logo_SPEI30_high.png","width":3615,"height":851,"caption":"SPEI SERVIS"},"image":{"@id":"https:\/\/spei.cz\/#\/schema\/logo\/image\/"},"sameAs":["https:\/\/www.facebook.com\/spei.servis"]}]}},"_links":{"self":[{"href":"https:\/\/spei.cz\/index.php\/wp-json\/wp\/v2\/pages\/1360","targetHints":{"allow":["GET"]}}],"collection":[{"href":"https:\/\/spei.cz\/index.php\/wp-json\/wp\/v2\/pages"}],"about":[{"href":"https:\/\/spei.cz\/index.php\/wp-json\/wp\/v2\/types\/page"}],"author":[{"embeddable":true,"href":"https:\/\/spei.cz\/index.php\/wp-json\/wp\/v2\/users\/1"}],"replies":[{"embeddable":true,"href":"https:\/\/spei.cz\/index.php\/wp-json\/wp\/v2\/comments?post=1360"}],"version-history":[{"count":7,"href":"https:\/\/spei.cz\/index.php\/wp-json\/wp\/v2\/pages\/1360\/revisions"}],"predecessor-version":[{"id":2443,"href":"https:\/\/spei.cz\/index.php\/wp-json\/wp\/v2\/pages\/1360\/revisions\/2443"}],"wp:attachment":[{"href":"https:\/\/spei.cz\/index.php\/wp-json\/wp\/v2\/media?parent=1360"}],"curies":[{"name":"wp","href":"https:\/\/api.w.org\/{rel}","templated":true}]}}