{"id":1709,"date":"2022-01-20T09:21:45","date_gmt":"2022-01-20T08:21:45","guid":{"rendered":"https:\/\/spei.cz\/?page_id=1709"},"modified":"2026-02-10T15:42:18","modified_gmt":"2026-02-10T14:42:18","slug":"pojistne-udalosti","status":"publish","type":"page","link":"https:\/\/spei.cz\/index.php\/pojistne-udalosti\/","title":{"rendered":"Pojistn\u00e9 ud\u00e1losti"},"content":{"rendered":"\t\t<div data-elementor-type=\"wp-page\" data-elementor-id=\"1709\" class=\"elementor elementor-1709\" data-elementor-post-type=\"page\">\n\t\t\t\t\t\t<section class=\"elementor-section elementor-top-section elementor-element elementor-element-34c15fb elementor-section-boxed elementor-section-height-default elementor-section-height-default\" data-id=\"34c15fb\" data-element_type=\"section\" data-e-type=\"section\">\n\t\t\t\t\t\t<div class=\"elementor-container elementor-column-gap-default\">\n\t\t\t\t\t<div class=\"elementor-column elementor-col-100 elementor-top-column elementor-element elementor-element-5eeb909\" data-id=\"5eeb909\" data-element_type=\"column\" data-e-type=\"column\">\n\t\t\t<div class=\"elementor-widget-wrap elementor-element-populated\">\n\t\t\t\t\t\t<div class=\"elementor-element elementor-element-c114f15 elementor-widget elementor-widget-heading\" data-id=\"c114f15\" data-element_type=\"widget\" data-e-type=\"widget\" data-widget_type=\"heading.default\">\n\t\t\t\t<div class=\"elementor-widget-container\">\n\t\t\t\t\t<h4 class=\"elementor-heading-title elementor-size-default\">Pojistn\u00e9 ud\u00e1losti<\/h4>\t\t\t\t<\/div>\n\t\t\t\t<\/div>\n\t\t\t\t\t<\/div>\n\t\t<\/div>\n\t\t\t\t\t<\/div>\n\t\t<\/section>\n\t\t\t\t<section class=\"elementor-section elementor-top-section elementor-element elementor-element-f1e8b6d elementor-section-boxed elementor-section-height-default elementor-section-height-default\" data-id=\"f1e8b6d\" data-element_type=\"section\" data-e-type=\"section\">\n\t\t\t\t\t\t<div class=\"elementor-container elementor-column-gap-default\">\n\t\t\t\t\t<div class=\"elementor-column elementor-col-100 elementor-top-column elementor-element elementor-element-faf7901\" data-id=\"faf7901\" data-element_type=\"column\" data-e-type=\"column\">\n\t\t\t<div class=\"elementor-widget-wrap elementor-element-populated\">\n\t\t\t\t\t\t<div class=\"elementor-element elementor-element-406b809 elementor-widget elementor-widget-text-editor\" data-id=\"406b809\" data-element_type=\"widget\" data-e-type=\"widget\" data-widget_type=\"text-editor.default\">\n\t\t\t\t<div class=\"elementor-widget-container\">\n\t\t\t\t\t\t\t\t\t<p>V\u00a0na\u0161em autoservisu je zp\u016fsob \u0159e\u0161en\u00ed pojistn\u00e9 ud\u00e1losti pro v\u0161echny poji\u0161\u0165ovny stejn\u00fd.<br \/>Porad\u00edme, pom\u016f\u017eeme a va\u0161e auto rychle oprav\u00edme. Z\u00e1rove\u0148 si u n\u00e1s po dobu opravy va\u0161eho vozidla m\u016f\u017eete zap\u016fj\u010dit\u00a0<strong>n\u00e1hradn\u00ed vozidlo<\/strong>.<\/p>\t\t\t\t\t\t\t\t<\/div>\n\t\t\t\t<\/div>\n\t\t\t\t\t<\/div>\n\t\t<\/div>\n\t\t\t\t\t<\/div>\n\t\t<\/section>\n\t\t\t\t<section class=\"elementor-section elementor-top-section elementor-element elementor-element-df9ec84 elementor-section-boxed elementor-section-height-default elementor-section-height-default\" data-id=\"df9ec84\" data-element_type=\"section\" data-e-type=\"section\">\n\t\t\t\t\t\t<div class=\"elementor-container elementor-column-gap-default\">\n\t\t\t\t\t<div class=\"elementor-column elementor-col-100 elementor-top-column elementor-element elementor-element-5de8760\" data-id=\"5de8760\" data-element_type=\"column\" data-e-type=\"column\">\n\t\t\t<div class=\"elementor-widget-wrap elementor-element-populated\">\n\t\t\t\t\t\t<div class=\"elementor-element elementor-element-0c88e71 elementor-widget elementor-widget-heading\" data-id=\"0c88e71\" data-element_type=\"widget\" data-e-type=\"widget\" data-widget_type=\"heading.default\">\n\t\t\t\t<div class=\"elementor-widget-container\">\n\t\t\t\t\t<h6 class=\"elementor-heading-title elementor-size-default\">Jak\u00fd je spr\u00e1vn\u00fd postup \u0159e\u0161en\u00ed \u0161kody u pojistn\u00e9 ud\u00e1losti?<\/h6>\t\t\t\t<\/div>\n\t\t\t\t<\/div>\n\t\t\t\t\t<\/div>\n\t\t<\/div>\n\t\t\t\t\t<\/div>\n\t\t<\/section>\n\t\t\t\t<section class=\"elementor-section elementor-top-section elementor-element elementor-element-1ab71cd elementor-section-boxed elementor-section-height-default elementor-section-height-default\" data-id=\"1ab71cd\" data-element_type=\"section\" data-e-type=\"section\">\n\t\t\t\t\t\t<div class=\"elementor-container elementor-column-gap-default\">\n\t\t\t\t\t<div class=\"elementor-column elementor-col-100 elementor-top-column elementor-element elementor-element-a120cbc\" data-id=\"a120cbc\" data-element_type=\"column\" data-e-type=\"column\">\n\t\t\t<div class=\"elementor-widget-wrap elementor-element-populated\">\n\t\t\t\t\t\t<div class=\"elementor-element elementor-element-969dd25 elementor-widget elementor-widget-text-editor\" data-id=\"969dd25\" data-element_type=\"widget\" data-e-type=\"widget\" data-widget_type=\"text-editor.default\">\n\t\t\t\t<div class=\"elementor-widget-container\">\n\t\t\t\t\t\t\t\t\t<ol>\n<li>Nahl\u00e1s\u00edte \u0161kodu na p\u0159\u00edslu\u0161nou poji\u0161\u0165ovnu, sd\u011bl\u00edte n\u00e1m \u010d\u00edslo pojistn\u00e9 ud\u00e1losti a poji\u0161\u0165ovnu u kter\u00e9 je \u0161koda vedena.<\/li>\n<li><strong>P\u0159edlo\u017e\u00edte n\u00e1m doklady <\/strong>souvisej\u00edc\u00ed s pojistnou ud\u00e1lost\u00ed velk\u00fd a mal\u00fd technick\u00fd pr\u016fkaz, \u0159idi\u010dsk\u00fd pr\u016fkaz \u0159idi\u010de v dob\u011b nehody, z\u00e1znam o dopravn\u00ed nehod\u011b (euro formul\u00e1\u0159), p\u0159\u00edpadn\u011b z\u00e1pis P\u010cR pokud nehodu \u0159e\u0161ila.<\/li>\n<li><strong>My zajist\u00edme fotodokumentaci <\/strong>po\u0161kozen\u00e9ho vozidla, provedeme z\u00e1pis (kalkulaci opravy) v expertn\u00edm syst\u00e9mu Audatex a <strong>ode\u0161leme ke schv\u00e1len\u00ed va\u0161\u00ed poji\u0161\u0165ovn\u011b<\/strong>.<\/li>\n<li><strong>O ukon\u010den\u00ed opravy a uzav\u0159en\u00ed pojistn\u00e9 ud\u00e1losti budete ihned informov\u00e1ni.<\/strong><\/li>\n<\/ol>\n<p><strong>Zap\u016fj\u010den\u00ed n\u00e1hradn\u00edho vozidla<br \/><\/strong>Pokud jste po\u0161kozen\u00fd a jsou spln\u011bny ve\u0161ker\u00e9 n\u00e1le\u017eitosti, je hrazeno z povinn\u00e9ho ru\u010den\u00ed vin\u00edka.<\/p>\n<p>V ostatn\u00edch p\u0159\u00edpadech si n\u00e1klady na n\u00e1hradn\u00ed vozidlo hrad\u00ed z\u00e1kazn\u00edk (v\u00fdjimkou je p\u0159ipoji\u0161t\u011bn\u00ed n\u00e1hradn\u00edho vozu k havarijn\u00edmu poji\u0161t\u011bn\u00ed, zde jsou ale pevn\u011b d\u00e1ny podm\u00ednky z\u00e1p\u016fj\u010dky uveden\u00e9 ve smlouv\u011b).<\/p>\t\t\t\t\t\t\t\t<\/div>\n\t\t\t\t<\/div>\n\t\t\t\t\t<\/div>\n\t\t<\/div>\n\t\t\t\t\t<\/div>\n\t\t<\/section>\n\t\t\t\t<section class=\"elementor-section elementor-top-section elementor-element elementor-element-b64914c elementor-section-boxed elementor-section-height-default elementor-section-height-default\" data-id=\"b64914c\" data-element_type=\"section\" data-e-type=\"section\">\n\t\t\t\t\t\t<div class=\"elementor-container elementor-column-gap-default\">\n\t\t\t\t\t<div class=\"elementor-column elementor-col-100 elementor-top-column elementor-element elementor-element-faf4a36\" data-id=\"faf4a36\" data-element_type=\"column\" data-e-type=\"column\">\n\t\t\t<div class=\"elementor-widget-wrap elementor-element-populated\">\n\t\t\t\t\t\t<div class=\"elementor-element elementor-element-0024729 elementor-widget elementor-widget-heading\" data-id=\"0024729\" data-element_type=\"widget\" data-e-type=\"widget\" data-widget_type=\"heading.default\">\n\t\t\t\t<div class=\"elementor-widget-container\">\n\t\t\t\t\t<h6 class=\"elementor-heading-title elementor-size-default\">Kontakt<\/h6>\t\t\t\t<\/div>\n\t\t\t\t<\/div>\n\t\t\t\t\t<\/div>\n\t\t<\/div>\n\t\t\t\t\t<\/div>\n\t\t<\/section>\n\t\t\t\t<section class=\"elementor-section elementor-top-section elementor-element elementor-element-b822789 elementor-section-boxed elementor-section-height-default elementor-section-height-default\" data-id=\"b822789\" data-element_type=\"section\" data-e-type=\"section\">\n\t\t\t\t\t\t<div class=\"elementor-container elementor-column-gap-default\">\n\t\t\t\t\t<div class=\"elementor-column elementor-col-50 elementor-top-column elementor-element elementor-element-c815f2c\" data-id=\"c815f2c\" data-element_type=\"column\" data-e-type=\"column\">\n\t\t\t<div class=\"elementor-widget-wrap elementor-element-populated\">\n\t\t\t\t\t\t<div class=\"elementor-element elementor-element-018114e elementor-widget elementor-widget-text-editor\" data-id=\"018114e\" data-element_type=\"widget\" data-e-type=\"widget\" data-widget_type=\"text-editor.default\">\n\t\t\t\t<div class=\"elementor-widget-container\">\n\t\t\t\t\t\t\t\t\t<p><strong>Martin \u010cerven\u00fd<\/strong><\/p>\n<p><!-- \/wp:heading --><\/p>\n<p><!-- wp:paragraph --><\/p>\n<p><!-- \/wp:paragraph --><\/p>\n<p><!-- wp:list --><\/p>\n<p><!-- \/wp:list --><\/p>\n<p><!-- wp:paragraph --><\/p>\n<p><strong>Telefonn\u00ed kontakt:<\/strong><br \/>mobiln\u00ed telefon: +420 605 246 137<\/p>\n<p><!-- \/wp:paragraph --><\/p>\n<p><!-- wp:paragraph --><\/p>\n<p><strong>Email:<\/strong><br \/><a href=\"mailto:m.cerveny@spei.cz\">m.cerveny@spei.cz<\/a><\/p>\t\t\t\t\t\t\t\t<\/div>\n\t\t\t\t<\/div>\n\t\t\t\t\t<\/div>\n\t\t<\/div>\n\t\t\t\t<div class=\"elementor-column elementor-col-50 elementor-top-column elementor-element elementor-element-2a1dbbc\" data-id=\"2a1dbbc\" data-element_type=\"column\" data-e-type=\"column\">\n\t\t\t<div class=\"elementor-widget-wrap elementor-element-populated\">\n\t\t\t\t\t\t<div class=\"elementor-element elementor-element-28146a0 elementor-widget elementor-widget-text-editor\" data-id=\"28146a0\" data-element_type=\"widget\" data-e-type=\"widget\" data-widget_type=\"text-editor.default\">\n\t\t\t\t<div class=\"elementor-widget-container\">\n\t\t\t\t\t\t\t\t\t<p><strong>Andrea Brodsk\u00e1<\/strong><\/p>\n<p><!-- \/wp:heading --><\/p>\n<p><!-- wp:paragraph --><\/p>\n<p><!-- \/wp:paragraph --><\/p>\n<p><!-- wp:list --><\/p>\n<p><!-- \/wp:list --><\/p>\n<p><!-- wp:paragraph --><\/p>\n<p><strong>Telefonn\u00ed kontakt:<\/strong><br \/>mobiln\u00ed telefon: +420 777 479 202<\/p>\n<p><!-- \/wp:paragraph --><\/p>\n<p><!-- wp:paragraph --><\/p>\n<p><strong>Email:<\/strong><br \/><a href=\"mailto:pojistovny@spei.cz\">pojistovny@spei.cz<\/a><\/p>\t\t\t\t\t\t\t\t<\/div>\n\t\t\t\t<\/div>\n\t\t\t\t\t<\/div>\n\t\t<\/div>\n\t\t\t\t\t<\/div>\n\t\t<\/section>\n\t\t\t\t<section class=\"elementor-section elementor-top-section elementor-element elementor-element-0967c71 elementor-section-boxed elementor-section-height-default elementor-section-height-default\" data-id=\"0967c71\" data-element_type=\"section\" data-e-type=\"section\">\n\t\t\t\t\t\t<div class=\"elementor-container elementor-column-gap-default\">\n\t\t\t\t\t<div class=\"elementor-column elementor-col-100 elementor-top-column elementor-element elementor-element-72eb48c\" data-id=\"72eb48c\" data-element_type=\"column\" data-e-type=\"column\">\n\t\t\t<div class=\"elementor-widget-wrap elementor-element-populated\">\n\t\t\t\t\t\t<div class=\"elementor-element elementor-element-4e81686 elementor-widget elementor-widget-google_maps\" data-id=\"4e81686\" data-element_type=\"widget\" data-e-type=\"widget\" data-widget_type=\"google_maps.default\">\n\t\t\t\t<div class=\"elementor-widget-container\">\n\t\t\t\t\t\t\t<div class=\"elementor-custom-embed\">\n\t\t\t<iframe loading=\"lazy\"\n\t\t\t\t\tsrc=\"https:\/\/maps.google.com\/maps?q=SPEI%20SERVIS%2C%20spol.%20s%20r.%20o.%20Prosek&#038;t=m&#038;z=15&#038;output=embed&#038;iwloc=near\"\n\t\t\t\t\ttitle=\"SPEI SERVIS, spol. s r. o. Prosek\"\n\t\t\t\t\taria-label=\"SPEI SERVIS, spol. s r. o. Prosek\"\n\t\t\t><\/iframe>\n\t\t<\/div>\n\t\t\t\t\t\t<\/div>\n\t\t\t\t<\/div>\n\t\t\t\t\t<\/div>\n\t\t<\/div>\n\t\t\t\t\t<\/div>\n\t\t<\/section>\n\t\t\t\t<\/div>\n\t\t","protected":false},"excerpt":{"rendered":"<p>Pojistn\u00e9 ud\u00e1losti V\u00a0na\u0161em autoservisu je zp\u016fsob \u0159e\u0161en\u00ed pojistn\u00e9 ud\u00e1losti pro v\u0161echny poji\u0161\u0165ovny stejn\u00fd.Porad\u00edme, pom\u016f\u017eeme a va\u0161e auto rychle oprav\u00edme. Z\u00e1rove\u0148<\/p>\n","protected":false},"author":1,"featured_media":0,"parent":0,"menu_order":0,"comment_status":"closed","ping_status":"closed","template":"","meta":{"colormag_page_container_layout":"default_layout","colormag_page_sidebar_layout":"default_layout","footnotes":""},"class_list":["post-1709","page","type-page","status-publish","hentry"],"yoast_head":"<!-- This site is optimized with the Yoast SEO plugin v27.5 - https:\/\/yoast.com\/product\/yoast-seo-wordpress\/ -->\r\n<title>Pojistn\u00e9 ud\u00e1losti - SPEI SERVIS<\/title>\r\n<meta name=\"robots\" content=\"index, follow, max-snippet:-1, max-image-preview:large, max-video-preview:-1\" \/>\r\n<link rel=\"canonical\" href=\"https:\/\/spei.cz\/index.php\/pojistne-udalosti\/\" \/>\r\n<meta property=\"og:locale\" content=\"cs_CZ\" \/>\r\n<meta property=\"og:type\" content=\"article\" \/>\r\n<meta property=\"og:title\" content=\"Pojistn\u00e9 ud\u00e1losti - SPEI SERVIS\" \/>\r\n<meta property=\"og:description\" content=\"Pojistn\u00e9 ud\u00e1losti V\u00a0na\u0161em autoservisu je zp\u016fsob \u0159e\u0161en\u00ed pojistn\u00e9 ud\u00e1losti pro v\u0161echny poji\u0161\u0165ovny stejn\u00fd.Porad\u00edme, pom\u016f\u017eeme a va\u0161e auto rychle oprav\u00edme. Z\u00e1rove\u0148\" \/>\r\n<meta property=\"og:url\" content=\"https:\/\/spei.cz\/index.php\/pojistne-udalosti\/\" \/>\r\n<meta property=\"og:site_name\" content=\"SPEI SERVIS\" \/>\r\n<meta property=\"article:publisher\" content=\"https:\/\/www.facebook.com\/spei.servis\" \/>\r\n<meta property=\"article:modified_time\" content=\"2026-02-10T14:42:18+00:00\" \/>\r\n<meta name=\"twitter:card\" content=\"summary_large_image\" \/>\r\n<meta name=\"twitter:label1\" content=\"Odhadovan\u00e1 doba \u010dten\u00ed\" \/>\n\t<meta name=\"twitter:data1\" content=\"2 minuty\" \/>\r\n<script type=\"application\/ld+json\" class=\"yoast-schema-graph\">{\"@context\":\"https:\\\/\\\/schema.org\",\"@graph\":[{\"@type\":\"WebPage\",\"@id\":\"https:\\\/\\\/spei.cz\\\/index.php\\\/pojistne-udalosti\\\/\",\"url\":\"https:\\\/\\\/spei.cz\\\/index.php\\\/pojistne-udalosti\\\/\",\"name\":\"Pojistn\u00e9 ud\u00e1losti - SPEI SERVIS\",\"isPartOf\":{\"@id\":\"https:\\\/\\\/spei.cz\\\/#website\"},\"datePublished\":\"2022-01-20T08:21:45+00:00\",\"dateModified\":\"2026-02-10T14:42:18+00:00\",\"breadcrumb\":{\"@id\":\"https:\\\/\\\/spei.cz\\\/index.php\\\/pojistne-udalosti\\\/#breadcrumb\"},\"inLanguage\":\"cs\",\"potentialAction\":[{\"@type\":\"ReadAction\",\"target\":[\"https:\\\/\\\/spei.cz\\\/index.php\\\/pojistne-udalosti\\\/\"]}]},{\"@type\":\"BreadcrumbList\",\"@id\":\"https:\\\/\\\/spei.cz\\\/index.php\\\/pojistne-udalosti\\\/#breadcrumb\",\"itemListElement\":[{\"@type\":\"ListItem\",\"position\":1,\"name\":\"Dom\u016f\",\"item\":\"https:\\\/\\\/spei.cz\\\/\"},{\"@type\":\"ListItem\",\"position\":2,\"name\":\"Pojistn\u00e9 ud\u00e1losti\"}]},{\"@type\":\"WebSite\",\"@id\":\"https:\\\/\\\/spei.cz\\\/#website\",\"url\":\"https:\\\/\\\/spei.cz\\\/\",\"name\":\"SPEI SERVIS\",\"description\":\"Autoservis v\u0161ech zna\u010dek!\",\"publisher\":{\"@id\":\"https:\\\/\\\/spei.cz\\\/#organization\"},\"potentialAction\":[{\"@type\":\"SearchAction\",\"target\":{\"@type\":\"EntryPoint\",\"urlTemplate\":\"https:\\\/\\\/spei.cz\\\/?s={search_term_string}\"},\"query-input\":{\"@type\":\"PropertyValueSpecification\",\"valueRequired\":true,\"valueName\":\"search_term_string\"}}],\"inLanguage\":\"cs\"},{\"@type\":\"Organization\",\"@id\":\"https:\\\/\\\/spei.cz\\\/#organization\",\"name\":\"SPEI SERVIS\",\"url\":\"https:\\\/\\\/spei.cz\\\/\",\"logo\":{\"@type\":\"ImageObject\",\"inLanguage\":\"cs\",\"@id\":\"https:\\\/\\\/spei.cz\\\/#\\\/schema\\\/logo\\\/image\\\/\",\"url\":\"https:\\\/\\\/spei.cz\\\/wp-content\\\/uploads\\\/2020\\\/01\\\/cropped-big_logo_SPEI30_high.png\",\"contentUrl\":\"https:\\\/\\\/spei.cz\\\/wp-content\\\/uploads\\\/2020\\\/01\\\/cropped-big_logo_SPEI30_high.png\",\"width\":3615,\"height\":851,\"caption\":\"SPEI SERVIS\"},\"image\":{\"@id\":\"https:\\\/\\\/spei.cz\\\/#\\\/schema\\\/logo\\\/image\\\/\"},\"sameAs\":[\"https:\\\/\\\/www.facebook.com\\\/spei.servis\"]}]}<\/script>\r\n<!-- \/ Yoast SEO plugin. -->","yoast_head_json":{"title":"Pojistn\u00e9 ud\u00e1losti - SPEI SERVIS","robots":{"index":"index","follow":"follow","max-snippet":"max-snippet:-1","max-image-preview":"max-image-preview:large","max-video-preview":"max-video-preview:-1"},"canonical":"https:\/\/spei.cz\/index.php\/pojistne-udalosti\/","og_locale":"cs_CZ","og_type":"article","og_title":"Pojistn\u00e9 ud\u00e1losti - SPEI SERVIS","og_description":"Pojistn\u00e9 ud\u00e1losti V\u00a0na\u0161em autoservisu je zp\u016fsob \u0159e\u0161en\u00ed pojistn\u00e9 ud\u00e1losti pro v\u0161echny poji\u0161\u0165ovny stejn\u00fd.Porad\u00edme, pom\u016f\u017eeme a va\u0161e auto rychle oprav\u00edme. Z\u00e1rove\u0148","og_url":"https:\/\/spei.cz\/index.php\/pojistne-udalosti\/","og_site_name":"SPEI SERVIS","article_publisher":"https:\/\/www.facebook.com\/spei.servis","article_modified_time":"2026-02-10T14:42:18+00:00","twitter_card":"summary_large_image","twitter_misc":{"Odhadovan\u00e1 doba \u010dten\u00ed":"2 minuty"},"schema":{"@context":"https:\/\/schema.org","@graph":[{"@type":"WebPage","@id":"https:\/\/spei.cz\/index.php\/pojistne-udalosti\/","url":"https:\/\/spei.cz\/index.php\/pojistne-udalosti\/","name":"Pojistn\u00e9 ud\u00e1losti - SPEI SERVIS","isPartOf":{"@id":"https:\/\/spei.cz\/#website"},"datePublished":"2022-01-20T08:21:45+00:00","dateModified":"2026-02-10T14:42:18+00:00","breadcrumb":{"@id":"https:\/\/spei.cz\/index.php\/pojistne-udalosti\/#breadcrumb"},"inLanguage":"cs","potentialAction":[{"@type":"ReadAction","target":["https:\/\/spei.cz\/index.php\/pojistne-udalosti\/"]}]},{"@type":"BreadcrumbList","@id":"https:\/\/spei.cz\/index.php\/pojistne-udalosti\/#breadcrumb","itemListElement":[{"@type":"ListItem","position":1,"name":"Dom\u016f","item":"https:\/\/spei.cz\/"},{"@type":"ListItem","position":2,"name":"Pojistn\u00e9 ud\u00e1losti"}]},{"@type":"WebSite","@id":"https:\/\/spei.cz\/#website","url":"https:\/\/spei.cz\/","name":"SPEI SERVIS","description":"Autoservis v\u0161ech zna\u010dek!","publisher":{"@id":"https:\/\/spei.cz\/#organization"},"potentialAction":[{"@type":"SearchAction","target":{"@type":"EntryPoint","urlTemplate":"https:\/\/spei.cz\/?s={search_term_string}"},"query-input":{"@type":"PropertyValueSpecification","valueRequired":true,"valueName":"search_term_string"}}],"inLanguage":"cs"},{"@type":"Organization","@id":"https:\/\/spei.cz\/#organization","name":"SPEI SERVIS","url":"https:\/\/spei.cz\/","logo":{"@type":"ImageObject","inLanguage":"cs","@id":"https:\/\/spei.cz\/#\/schema\/logo\/image\/","url":"https:\/\/spei.cz\/wp-content\/uploads\/2020\/01\/cropped-big_logo_SPEI30_high.png","contentUrl":"https:\/\/spei.cz\/wp-content\/uploads\/2020\/01\/cropped-big_logo_SPEI30_high.png","width":3615,"height":851,"caption":"SPEI SERVIS"},"image":{"@id":"https:\/\/spei.cz\/#\/schema\/logo\/image\/"},"sameAs":["https:\/\/www.facebook.com\/spei.servis"]}]}},"_links":{"self":[{"href":"https:\/\/spei.cz\/index.php\/wp-json\/wp\/v2\/pages\/1709","targetHints":{"allow":["GET"]}}],"collection":[{"href":"https:\/\/spei.cz\/index.php\/wp-json\/wp\/v2\/pages"}],"about":[{"href":"https:\/\/spei.cz\/index.php\/wp-json\/wp\/v2\/types\/page"}],"author":[{"embeddable":true,"href":"https:\/\/spei.cz\/index.php\/wp-json\/wp\/v2\/users\/1"}],"replies":[{"embeddable":true,"href":"https:\/\/spei.cz\/index.php\/wp-json\/wp\/v2\/comments?post=1709"}],"version-history":[{"count":32,"href":"https:\/\/spei.cz\/index.php\/wp-json\/wp\/v2\/pages\/1709\/revisions"}],"predecessor-version":[{"id":2812,"href":"https:\/\/spei.cz\/index.php\/wp-json\/wp\/v2\/pages\/1709\/revisions\/2812"}],"wp:attachment":[{"href":"https:\/\/spei.cz\/index.php\/wp-json\/wp\/v2\/media?parent=1709"}],"curies":[{"name":"wp","href":"https:\/\/api.w.org\/{rel}","templated":true}]}}