{"id":1840,"date":"2022-04-08T08:55:13","date_gmt":"2022-04-08T06:55:13","guid":{"rendered":"https:\/\/spei.cz\/?page_id=1840"},"modified":"2024-03-21T16:31:39","modified_gmt":"2024-03-21T15:31:39","slug":"odtahova-sluzba","status":"publish","type":"page","link":"https:\/\/spei.cz\/index.php\/odtahova-sluzba\/","title":{"rendered":"Odtahov\u00e1 slu\u017eba"},"content":{"rendered":"\t\t<div data-elementor-type=\"wp-page\" data-elementor-id=\"1840\" class=\"elementor elementor-1840\" data-elementor-post-type=\"page\">\n\t\t\t\t\t\t<section class=\"elementor-section elementor-top-section elementor-element elementor-element-392545d elementor-section-boxed elementor-section-height-default elementor-section-height-default\" data-id=\"392545d\" data-element_type=\"section\" data-e-type=\"section\">\n\t\t\t\t\t\t<div class=\"elementor-container elementor-column-gap-default\">\n\t\t\t\t\t<div class=\"elementor-column elementor-col-100 elementor-top-column elementor-element elementor-element-aabc2d5\" data-id=\"aabc2d5\" data-element_type=\"column\" data-e-type=\"column\">\n\t\t\t<div class=\"elementor-widget-wrap elementor-element-populated\">\n\t\t\t\t\t\t<div class=\"elementor-element elementor-element-2f549b7 elementor-widget elementor-widget-heading\" data-id=\"2f549b7\" data-element_type=\"widget\" data-e-type=\"widget\" data-widget_type=\"heading.default\">\n\t\t\t\t<div class=\"elementor-widget-container\">\n\t\t\t\t\t<h4 class=\"elementor-heading-title elementor-size-default\">Odtahov\u00e1 slu\u017eba<\/h4>\t\t\t\t<\/div>\n\t\t\t\t<\/div>\n\t\t\t\t\t<\/div>\n\t\t<\/div>\n\t\t\t\t\t<\/div>\n\t\t<\/section>\n\t\t\t\t<section class=\"elementor-section elementor-top-section elementor-element elementor-element-cfc16b0 elementor-section-boxed elementor-section-height-default elementor-section-height-default\" data-id=\"cfc16b0\" data-element_type=\"section\" data-e-type=\"section\">\n\t\t\t\t\t\t<div class=\"elementor-container elementor-column-gap-default\">\n\t\t\t\t\t<div class=\"elementor-column elementor-col-50 elementor-top-column elementor-element elementor-element-d72edd4\" data-id=\"d72edd4\" data-element_type=\"column\" data-e-type=\"column\">\n\t\t\t<div class=\"elementor-widget-wrap elementor-element-populated\">\n\t\t\t\t\t\t<div class=\"elementor-element elementor-element-74fddfa elementor-widget elementor-widget-text-editor\" data-id=\"74fddfa\" data-element_type=\"widget\" data-e-type=\"widget\" data-widget_type=\"text-editor.default\">\n\t\t\t\t<div class=\"elementor-widget-container\">\n\t\t\t\t\t\t\t\t\t<p>M\u011bli jste poruchu nebo nehodu? Pot\u0159ebujete pomoc s\u00a0nepoj\u00edzdn\u00fdm vozem?<\/p>\n<p>Zajist\u00edme bezpe\u010dn\u00fd odtah nepoj\u00edzdn\u00fdch vozidel ve spolupr\u00e1ci se smluvn\u00edmi poji\u0161\u0165ovnami i bez nich. Pot\u0159ebn\u00e9 dokumenty pro jedn\u00e1n\u00ed s\u00a0poji\u0161\u0165ovnami o n\u00e1hrad\u011b \u0161kody vy\u0159\u00edd\u00edme.<\/p>\t\t\t\t\t\t\t\t<\/div>\n\t\t\t\t<\/div>\n\t\t\t\t\t<\/div>\n\t\t<\/div>\n\t\t\t\t<div class=\"elementor-column elementor-col-50 elementor-top-column elementor-element elementor-element-86ffc93\" data-id=\"86ffc93\" data-element_type=\"column\" data-e-type=\"column\">\n\t\t\t<div class=\"elementor-widget-wrap elementor-element-populated\">\n\t\t\t\t\t\t<div class=\"elementor-element elementor-element-c4af037 elementor-widget elementor-widget-image\" data-id=\"c4af037\" data-element_type=\"widget\" data-e-type=\"widget\" data-widget_type=\"image.default\">\n\t\t\t\t<div class=\"elementor-widget-container\">\n\t\t\t\t\t\t\t\t\t\t\t\t\t\t\t\t<a href=\"https:\/\/spei.cz\/wp-content\/uploads\/2022\/04\/image1.png\" data-elementor-open-lightbox=\"yes\" data-elementor-lightbox-title=\"image1\" data-e-action-hash=\"#elementor-action%3Aaction%3Dlightbox%26settings%3DeyJpZCI6MTg1OCwidXJsIjoiaHR0cHM6XC9cL3NwZWkuY3pcL3dwLWNvbnRlbnRcL3VwbG9hZHNcLzIwMjJcLzA0XC9pbWFnZTEucG5nIn0%3D\">\n\t\t\t\t\t\t\t<img fetchpriority=\"high\" decoding=\"async\" width=\"800\" height=\"600\" src=\"https:\/\/spei.cz\/wp-content\/uploads\/2022\/04\/image1.png\" class=\"attachment-large size-large wp-image-1858\" alt=\"\" srcset=\"https:\/\/spei.cz\/wp-content\/uploads\/2022\/04\/image1.png 1000w, https:\/\/spei.cz\/wp-content\/uploads\/2022\/04\/image1-300x225.png 300w, https:\/\/spei.cz\/wp-content\/uploads\/2022\/04\/image1-768x576.png 768w\" sizes=\"(max-width: 800px) 100vw, 800px\" \/>\t\t\t\t\t\t\t\t<\/a>\n\t\t\t\t\t\t\t\t\t\t\t\t\t\t\t<\/div>\n\t\t\t\t<\/div>\n\t\t\t\t\t<\/div>\n\t\t<\/div>\n\t\t\t\t\t<\/div>\n\t\t<\/section>\n\t\t\t\t<\/div>\n\t\t","protected":false},"excerpt":{"rendered":"<p>Odtahov\u00e1 slu\u017eba M\u011bli jste poruchu nebo nehodu? Pot\u0159ebujete pomoc s\u00a0nepoj\u00edzdn\u00fdm vozem? Zajist\u00edme bezpe\u010dn\u00fd odtah nepoj\u00edzdn\u00fdch vozidel ve spolupr\u00e1ci se smluvn\u00edmi<\/p>\n","protected":false},"author":1,"featured_media":0,"parent":0,"menu_order":0,"comment_status":"closed","ping_status":"closed","template":"","meta":{"colormag_page_container_layout":"default_layout","colormag_page_sidebar_layout":"default_layout","footnotes":""},"class_list":["post-1840","page","type-page","status-publish","hentry"],"yoast_head":"<!-- This site is optimized with the Yoast SEO plugin v27.3 - https:\/\/yoast.com\/product\/yoast-seo-wordpress\/ -->\r\n<title>Odtahov\u00e1 slu\u017eba - SPEI SERVIS<\/title>\r\n<meta name=\"robots\" content=\"index, follow, max-snippet:-1, max-image-preview:large, max-video-preview:-1\" \/>\r\n<link rel=\"canonical\" href=\"https:\/\/spei.cz\/index.php\/odtahova-sluzba\/\" \/>\r\n<meta property=\"og:locale\" content=\"cs_CZ\" \/>\r\n<meta property=\"og:type\" content=\"article\" \/>\r\n<meta property=\"og:title\" content=\"Odtahov\u00e1 slu\u017eba - SPEI SERVIS\" \/>\r\n<meta property=\"og:description\" content=\"Odtahov\u00e1 slu\u017eba M\u011bli jste poruchu nebo nehodu? Pot\u0159ebujete pomoc s\u00a0nepoj\u00edzdn\u00fdm vozem? Zajist\u00edme bezpe\u010dn\u00fd odtah nepoj\u00edzdn\u00fdch vozidel ve spolupr\u00e1ci se smluvn\u00edmi\" \/>\r\n<meta property=\"og:url\" content=\"https:\/\/spei.cz\/index.php\/odtahova-sluzba\/\" \/>\r\n<meta property=\"og:site_name\" content=\"SPEI SERVIS\" \/>\r\n<meta property=\"article:publisher\" content=\"https:\/\/www.facebook.com\/spei.servis\" \/>\r\n<meta property=\"article:modified_time\" content=\"2024-03-21T15:31:39+00:00\" \/>\r\n<meta property=\"og:image\" content=\"https:\/\/spei.cz\/wp-content\/uploads\/2022\/04\/image1.png\" \/>\r\n<meta name=\"twitter:card\" content=\"summary_large_image\" \/>\r\n<meta name=\"twitter:label1\" content=\"Odhadovan\u00e1 doba \u010dten\u00ed\" \/>\n\t<meta name=\"twitter:data1\" content=\"1 minuta\" \/>\r\n<script type=\"application\/ld+json\" class=\"yoast-schema-graph\">{\"@context\":\"https:\\\/\\\/schema.org\",\"@graph\":[{\"@type\":\"WebPage\",\"@id\":\"https:\\\/\\\/spei.cz\\\/index.php\\\/odtahova-sluzba\\\/\",\"url\":\"https:\\\/\\\/spei.cz\\\/index.php\\\/odtahova-sluzba\\\/\",\"name\":\"Odtahov\u00e1 slu\u017eba - SPEI SERVIS\",\"isPartOf\":{\"@id\":\"https:\\\/\\\/spei.cz\\\/#website\"},\"primaryImageOfPage\":{\"@id\":\"https:\\\/\\\/spei.cz\\\/index.php\\\/odtahova-sluzba\\\/#primaryimage\"},\"image\":{\"@id\":\"https:\\\/\\\/spei.cz\\\/index.php\\\/odtahova-sluzba\\\/#primaryimage\"},\"thumbnailUrl\":\"https:\\\/\\\/spei.cz\\\/wp-content\\\/uploads\\\/2022\\\/04\\\/image1.png\",\"datePublished\":\"2022-04-08T06:55:13+00:00\",\"dateModified\":\"2024-03-21T15:31:39+00:00\",\"breadcrumb\":{\"@id\":\"https:\\\/\\\/spei.cz\\\/index.php\\\/odtahova-sluzba\\\/#breadcrumb\"},\"inLanguage\":\"cs\",\"potentialAction\":[{\"@type\":\"ReadAction\",\"target\":[\"https:\\\/\\\/spei.cz\\\/index.php\\\/odtahova-sluzba\\\/\"]}]},{\"@type\":\"ImageObject\",\"inLanguage\":\"cs\",\"@id\":\"https:\\\/\\\/spei.cz\\\/index.php\\\/odtahova-sluzba\\\/#primaryimage\",\"url\":\"https:\\\/\\\/spei.cz\\\/wp-content\\\/uploads\\\/2022\\\/04\\\/image1.png\",\"contentUrl\":\"https:\\\/\\\/spei.cz\\\/wp-content\\\/uploads\\\/2022\\\/04\\\/image1.png\",\"width\":1000,\"height\":750},{\"@type\":\"BreadcrumbList\",\"@id\":\"https:\\\/\\\/spei.cz\\\/index.php\\\/odtahova-sluzba\\\/#breadcrumb\",\"itemListElement\":[{\"@type\":\"ListItem\",\"position\":1,\"name\":\"Dom\u016f\",\"item\":\"https:\\\/\\\/spei.cz\\\/\"},{\"@type\":\"ListItem\",\"position\":2,\"name\":\"Odtahov\u00e1 slu\u017eba\"}]},{\"@type\":\"WebSite\",\"@id\":\"https:\\\/\\\/spei.cz\\\/#website\",\"url\":\"https:\\\/\\\/spei.cz\\\/\",\"name\":\"SPEI SERVIS\",\"description\":\"Autoservis v\u0161ech zna\u010dek!\",\"publisher\":{\"@id\":\"https:\\\/\\\/spei.cz\\\/#organization\"},\"potentialAction\":[{\"@type\":\"SearchAction\",\"target\":{\"@type\":\"EntryPoint\",\"urlTemplate\":\"https:\\\/\\\/spei.cz\\\/?s={search_term_string}\"},\"query-input\":{\"@type\":\"PropertyValueSpecification\",\"valueRequired\":true,\"valueName\":\"search_term_string\"}}],\"inLanguage\":\"cs\"},{\"@type\":\"Organization\",\"@id\":\"https:\\\/\\\/spei.cz\\\/#organization\",\"name\":\"SPEI SERVIS\",\"url\":\"https:\\\/\\\/spei.cz\\\/\",\"logo\":{\"@type\":\"ImageObject\",\"inLanguage\":\"cs\",\"@id\":\"https:\\\/\\\/spei.cz\\\/#\\\/schema\\\/logo\\\/image\\\/\",\"url\":\"https:\\\/\\\/spei.cz\\\/wp-content\\\/uploads\\\/2020\\\/01\\\/cropped-big_logo_SPEI30_high.png\",\"contentUrl\":\"https:\\\/\\\/spei.cz\\\/wp-content\\\/uploads\\\/2020\\\/01\\\/cropped-big_logo_SPEI30_high.png\",\"width\":3615,\"height\":851,\"caption\":\"SPEI SERVIS\"},\"image\":{\"@id\":\"https:\\\/\\\/spei.cz\\\/#\\\/schema\\\/logo\\\/image\\\/\"},\"sameAs\":[\"https:\\\/\\\/www.facebook.com\\\/spei.servis\"]}]}<\/script>\r\n<!-- \/ Yoast SEO plugin. -->","yoast_head_json":{"title":"Odtahov\u00e1 slu\u017eba - SPEI SERVIS","robots":{"index":"index","follow":"follow","max-snippet":"max-snippet:-1","max-image-preview":"max-image-preview:large","max-video-preview":"max-video-preview:-1"},"canonical":"https:\/\/spei.cz\/index.php\/odtahova-sluzba\/","og_locale":"cs_CZ","og_type":"article","og_title":"Odtahov\u00e1 slu\u017eba - SPEI SERVIS","og_description":"Odtahov\u00e1 slu\u017eba M\u011bli jste poruchu nebo nehodu? Pot\u0159ebujete pomoc s\u00a0nepoj\u00edzdn\u00fdm vozem? Zajist\u00edme bezpe\u010dn\u00fd odtah nepoj\u00edzdn\u00fdch vozidel ve spolupr\u00e1ci se smluvn\u00edmi","og_url":"https:\/\/spei.cz\/index.php\/odtahova-sluzba\/","og_site_name":"SPEI SERVIS","article_publisher":"https:\/\/www.facebook.com\/spei.servis","article_modified_time":"2024-03-21T15:31:39+00:00","og_image":[{"url":"https:\/\/spei.cz\/wp-content\/uploads\/2022\/04\/image1.png","type":"","width":"","height":""}],"twitter_card":"summary_large_image","twitter_misc":{"Odhadovan\u00e1 doba \u010dten\u00ed":"1 minuta"},"schema":{"@context":"https:\/\/schema.org","@graph":[{"@type":"WebPage","@id":"https:\/\/spei.cz\/index.php\/odtahova-sluzba\/","url":"https:\/\/spei.cz\/index.php\/odtahova-sluzba\/","name":"Odtahov\u00e1 slu\u017eba - SPEI SERVIS","isPartOf":{"@id":"https:\/\/spei.cz\/#website"},"primaryImageOfPage":{"@id":"https:\/\/spei.cz\/index.php\/odtahova-sluzba\/#primaryimage"},"image":{"@id":"https:\/\/spei.cz\/index.php\/odtahova-sluzba\/#primaryimage"},"thumbnailUrl":"https:\/\/spei.cz\/wp-content\/uploads\/2022\/04\/image1.png","datePublished":"2022-04-08T06:55:13+00:00","dateModified":"2024-03-21T15:31:39+00:00","breadcrumb":{"@id":"https:\/\/spei.cz\/index.php\/odtahova-sluzba\/#breadcrumb"},"inLanguage":"cs","potentialAction":[{"@type":"ReadAction","target":["https:\/\/spei.cz\/index.php\/odtahova-sluzba\/"]}]},{"@type":"ImageObject","inLanguage":"cs","@id":"https:\/\/spei.cz\/index.php\/odtahova-sluzba\/#primaryimage","url":"https:\/\/spei.cz\/wp-content\/uploads\/2022\/04\/image1.png","contentUrl":"https:\/\/spei.cz\/wp-content\/uploads\/2022\/04\/image1.png","width":1000,"height":750},{"@type":"BreadcrumbList","@id":"https:\/\/spei.cz\/index.php\/odtahova-sluzba\/#breadcrumb","itemListElement":[{"@type":"ListItem","position":1,"name":"Dom\u016f","item":"https:\/\/spei.cz\/"},{"@type":"ListItem","position":2,"name":"Odtahov\u00e1 slu\u017eba"}]},{"@type":"WebSite","@id":"https:\/\/spei.cz\/#website","url":"https:\/\/spei.cz\/","name":"SPEI SERVIS","description":"Autoservis v\u0161ech zna\u010dek!","publisher":{"@id":"https:\/\/spei.cz\/#organization"},"potentialAction":[{"@type":"SearchAction","target":{"@type":"EntryPoint","urlTemplate":"https:\/\/spei.cz\/?s={search_term_string}"},"query-input":{"@type":"PropertyValueSpecification","valueRequired":true,"valueName":"search_term_string"}}],"inLanguage":"cs"},{"@type":"Organization","@id":"https:\/\/spei.cz\/#organization","name":"SPEI SERVIS","url":"https:\/\/spei.cz\/","logo":{"@type":"ImageObject","inLanguage":"cs","@id":"https:\/\/spei.cz\/#\/schema\/logo\/image\/","url":"https:\/\/spei.cz\/wp-content\/uploads\/2020\/01\/cropped-big_logo_SPEI30_high.png","contentUrl":"https:\/\/spei.cz\/wp-content\/uploads\/2020\/01\/cropped-big_logo_SPEI30_high.png","width":3615,"height":851,"caption":"SPEI SERVIS"},"image":{"@id":"https:\/\/spei.cz\/#\/schema\/logo\/image\/"},"sameAs":["https:\/\/www.facebook.com\/spei.servis"]}]}},"_links":{"self":[{"href":"https:\/\/spei.cz\/index.php\/wp-json\/wp\/v2\/pages\/1840","targetHints":{"allow":["GET"]}}],"collection":[{"href":"https:\/\/spei.cz\/index.php\/wp-json\/wp\/v2\/pages"}],"about":[{"href":"https:\/\/spei.cz\/index.php\/wp-json\/wp\/v2\/types\/page"}],"author":[{"embeddable":true,"href":"https:\/\/spei.cz\/index.php\/wp-json\/wp\/v2\/users\/1"}],"replies":[{"embeddable":true,"href":"https:\/\/spei.cz\/index.php\/wp-json\/wp\/v2\/comments?post=1840"}],"version-history":[{"count":14,"href":"https:\/\/spei.cz\/index.php\/wp-json\/wp\/v2\/pages\/1840\/revisions"}],"predecessor-version":[{"id":2410,"href":"https:\/\/spei.cz\/index.php\/wp-json\/wp\/v2\/pages\/1840\/revisions\/2410"}],"wp:attachment":[{"href":"https:\/\/spei.cz\/index.php\/wp-json\/wp\/v2\/media?parent=1840"}],"curies":[{"name":"wp","href":"https:\/\/api.w.org\/{rel}","templated":true}]}}