{"id":372,"date":"2019-03-14T10:05:13","date_gmt":"2019-03-14T09:05:13","guid":{"rendered":"https:\/\/beta.spei.cz\/?page_id=372"},"modified":"2024-03-21T16:26:08","modified_gmt":"2024-03-21T15:26:08","slug":"autoservis","status":"publish","type":"page","link":"https:\/\/spei.cz\/index.php\/autoservis\/","title":{"rendered":"Autoservis"},"content":{"rendered":"\t\t<div data-elementor-type=\"wp-post\" data-elementor-id=\"372\" class=\"elementor elementor-372\" data-elementor-post-type=\"page\">\n\t\t\t\t\t\t<section class=\"elementor-section elementor-top-section elementor-element elementor-element-eaf3d23 elementor-section-boxed elementor-section-height-default elementor-section-height-default\" data-id=\"eaf3d23\" data-element_type=\"section\" data-e-type=\"section\">\n\t\t\t\t\t\t<div class=\"elementor-container elementor-column-gap-default\">\n\t\t\t\t\t<div class=\"elementor-column elementor-col-100 elementor-top-column elementor-element elementor-element-f9a7305\" data-id=\"f9a7305\" data-element_type=\"column\" data-e-type=\"column\">\n\t\t\t<div class=\"elementor-widget-wrap elementor-element-populated\">\n\t\t\t\t\t\t<div class=\"elementor-element elementor-element-bda22b5 elementor-widget elementor-widget-heading\" data-id=\"bda22b5\" data-element_type=\"widget\" data-e-type=\"widget\" data-widget_type=\"heading.default\">\n\t\t\t\t<div class=\"elementor-widget-container\">\n\t\t\t\t\t<h4 class=\"elementor-heading-title elementor-size-default\">Autoservis<\/h4>\t\t\t\t<\/div>\n\t\t\t\t<\/div>\n\t\t\t\t\t<\/div>\n\t\t<\/div>\n\t\t\t\t\t<\/div>\n\t\t<\/section>\n\t\t\t\t<section class=\"elementor-section elementor-top-section elementor-element elementor-element-2590201 elementor-section-boxed elementor-section-height-default elementor-section-height-default\" data-id=\"2590201\" data-element_type=\"section\" data-e-type=\"section\">\n\t\t\t\t\t\t<div class=\"elementor-container elementor-column-gap-default\">\n\t\t\t\t\t<div class=\"elementor-column elementor-col-50 elementor-top-column elementor-element elementor-element-32c6e80\" data-id=\"32c6e80\" data-element_type=\"column\" data-e-type=\"column\">\n\t\t\t<div class=\"elementor-widget-wrap elementor-element-populated\">\n\t\t\t\t\t\t<div class=\"elementor-element elementor-element-6d8daa4 elementor-widget elementor-widget-text-editor\" data-id=\"6d8daa4\" data-element_type=\"widget\" data-e-type=\"widget\" data-widget_type=\"text-editor.default\">\n\t\t\t\t<div class=\"elementor-widget-container\">\n\t\t\t\t\t\t\t\t\t<p><strong>SPEI SERVIS<\/strong>, to jsou komplexn\u00ed slu\u017eby pro motoristy od mechanick\u00fdch, pneuservisn\u00edch, karos\u00e1\u0159sk\u00fdch a lak\u00fdrnick\u00fdch prac\u00ed a\u017e po autoelektriku a modern\u00ed diagnostiku. Opravujeme vozy v\u0161ech zna\u010dek. Prov\u00e1d\u00edme tak\u00e9 opravy klimatizac\u00ed, se\u0159izov\u00e1n\u00ed geometrie a \u010di\u0161t\u011bn\u00ed vozidel.<\/p>\n<p>Disponuje t\u00fdmem zku\u0161en\u00fdch mechanik\u016f, diagnostik\u016f, karos\u00e1\u0159\u016f a lak\u00fdrn\u00edk\u016f. V\u0161em klient\u016fm se v\u011bnujeme individu\u00e1ln\u011b a v\u017edy se pro n\u011b sna\u017e\u00edme naj\u00edt to nejlep\u0161\u00ed \u0159e\u0161en\u00ed. Na\u0161\u00edm c\u00edlem je kvalita, vysok\u00e1 \u00farove\u0148 slu\u017eeb, f\u00e9rovost a spolehlivost.<\/p>\n<p><strong>V na\u0161em autoservisu nab\u00edz\u00edme:<\/strong><\/p>\n<ul>\n<li><strong>Rychloservis\u00a0specializovan\u00fd na<\/strong>\u00a0<strong>v\u00fdfukov\u00e9\u00a0syst\u00e9my<\/strong>:\u00a0\n<ul>\n<li><strong>V\u00fdfuky<\/strong>\u00a0\u00a0<\/li>\n<li><strong>Sportovn\u00ed v\u00fdfuky<\/strong>\u00a0\u00a0<\/li>\n<li><strong>Katalyz\u00e1tory<\/strong>\u00a0\u00a0<\/li>\n<li><strong>Koncovky v\u00fdfuk\u016f<\/strong><\/li>\n<\/ul>\n<\/li>\n<li>Servis voz\u016f v z\u00e1ruce (garan\u010dn\u00ed\/servisn\u00ed prohl\u00eddka)<\/li>\n<li><a href=\"https:\/\/spei.cz\/index.php\/pneuservis\/\" target=\"_blank\" rel=\"noopener\">Pneuservis\u00a0(mo\u017enost uskladn\u011bn\u00ed\u00a0pneumatik)<\/a><\/li>\n<li>Podvozkov\u00e9 centrum:\n<ul>\n<li>Me\u0159en\u00ed a se\u0159izov\u00e1n\u00ed geometrie vozu<\/li>\n<li>V\u00fdm\u011bna\u00a0tlumi\u010d\u016f p\u00e9rov\u00e1n\u00ed\u00a0(test tlumi\u010d\u016f ZDARMA)<\/li>\n<li>\u010cepy, ramena, zav\u011b\u0161en\u00ed n\u00e1pravy, poloosy<\/li>\n<\/ul>\n<\/li>\n<li>Brzdov\u00e9 syst\u00e9my<\/li>\n<li>Mechanick\u00e9 pr\u00e1ce (v\u00fdm\u011bna \u0159emene, spojky atd.)<\/li>\n<li><a href=\"https:\/\/spei.cz\/index.php\/diagnostika\/\" target=\"_blank\" rel=\"noopener\">Diagnostika motor\u016f<\/a><\/li>\n<li>V\u00fdm\u011bna oleje\u00a0<\/li>\n<li><a href=\"https:\/\/spei.cz\/index.php\/pujcovna-aut\/\" target=\"_blank\" rel=\"noopener\">Autop\u016fj\u010dovna<\/a><\/li>\n<li><a href=\"https:\/\/spei.cz\/index.php\/autoskla\/\" target=\"_blank\" rel=\"noopener\">Autoskla &#8211; opravy a v\u00fdm\u011bna<\/a>\u00a0<\/li>\n<li>Klemp\u00ed\u0159sk\u00e9 pr\u00e1ce<\/li>\n<li><a href=\"https:\/\/spei.cz\/index.php\/lakovani\/\" target=\"_blank\" rel=\"noopener\">Lakovna<\/a><\/li>\n<li>Pravideln\u00e1 \u00fadr\u017eba vozu a sezonn\u00ed prohl\u00eddky (\u010di\u0161t\u011bn\u00ed vozu, renovace laku)\u00a0<\/li>\n<li>P\u0159\u00edprava a zaji\u0161t\u011bn\u00ed STK a emis\u00ed\u00a0<\/li>\n<li>Autobaterie\u00a0a provozn\u00ed kapaliny<\/li>\n<li><a href=\"https:\/\/spei.cz\/index.php\/klimatizace\/\" target=\"_blank\" rel=\"noopener\">Pln\u011bn\u00ed, dezinfekce, kontrola net\u011bsnosti a mo\u017en\u00e1 oprava klimatizace<\/a><\/li>\n<li>\u0160irok\u00e1 nab\u00eddka autodopl\u0148k\u016f a p\u0159\u00edslu\u0161enstv\u00ed<\/li>\n<li>B\u011b\u017en\u00e9 opravy a v\u00fdm\u011bny autod\u00edl\u016f<\/li>\n<li>Odtahov\u00e1 slu\u017eba<\/li>\n<li>Nadstandardn\u00ed a speci\u00e1ln\u00ed slu\u017eby<\/li>\n<\/ul>\n<p><strong>V\u011b\u0159te Va\u0161emu vozu, v\u011b\u0159te SPEI SERVISu.<\/strong>\u00a0<\/p>\t\t\t\t\t\t\t\t<\/div>\n\t\t\t\t<\/div>\n\t\t\t\t\t<\/div>\n\t\t<\/div>\n\t\t\t\t<div class=\"elementor-column elementor-col-50 elementor-top-column elementor-element elementor-element-8395e32\" data-id=\"8395e32\" data-element_type=\"column\" data-e-type=\"column\">\n\t\t\t<div class=\"elementor-widget-wrap\">\n\t\t\t\t\t\t\t<\/div>\n\t\t<\/div>\n\t\t\t\t\t<\/div>\n\t\t<\/section>\n\t\t\t\t<\/div>\n\t\t","protected":false},"excerpt":{"rendered":"<p>Autoservis SPEI SERVIS, to jsou komplexn\u00ed slu\u017eby pro motoristy od mechanick\u00fdch, pneuservisn\u00edch, karos\u00e1\u0159sk\u00fdch a lak\u00fdrnick\u00fdch prac\u00ed a\u017e po autoelektriku a<\/p>\n","protected":false},"author":1,"featured_media":0,"parent":0,"menu_order":0,"comment_status":"closed","ping_status":"closed","template":"elementor_header_footer","meta":{"colormag_page_container_layout":"default_layout","colormag_page_sidebar_layout":"default_layout","footnotes":""},"class_list":["post-372","page","type-page","status-publish","hentry"],"yoast_head":"<!-- This site is optimized with the Yoast SEO plugin v27.5 - https:\/\/yoast.com\/product\/yoast-seo-wordpress\/ -->\r\n<title>Autoservis - SPEI SERVIS<\/title>\r\n<meta name=\"robots\" content=\"index, follow, max-snippet:-1, max-image-preview:large, max-video-preview:-1\" \/>\r\n<link rel=\"canonical\" href=\"https:\/\/spei.cz\/index.php\/autoservis\/\" \/>\r\n<meta property=\"og:locale\" content=\"cs_CZ\" \/>\r\n<meta property=\"og:type\" content=\"article\" \/>\r\n<meta property=\"og:title\" content=\"Autoservis - SPEI SERVIS\" \/>\r\n<meta property=\"og:description\" content=\"Autoservis SPEI SERVIS, to jsou komplexn\u00ed slu\u017eby pro motoristy od mechanick\u00fdch, pneuservisn\u00edch, karos\u00e1\u0159sk\u00fdch a lak\u00fdrnick\u00fdch prac\u00ed a\u017e po autoelektriku a\" \/>\r\n<meta property=\"og:url\" content=\"https:\/\/spei.cz\/index.php\/autoservis\/\" \/>\r\n<meta property=\"og:site_name\" content=\"SPEI SERVIS\" \/>\r\n<meta property=\"article:publisher\" content=\"https:\/\/www.facebook.com\/spei.servis\" \/>\r\n<meta property=\"article:modified_time\" content=\"2024-03-21T15:26:08+00:00\" \/>\r\n<meta name=\"twitter:card\" content=\"summary_large_image\" \/>\r\n<meta name=\"twitter:label1\" content=\"Odhadovan\u00e1 doba \u010dten\u00ed\" \/>\n\t<meta name=\"twitter:data1\" content=\"1 minuta\" \/>\r\n<script type=\"application\/ld+json\" class=\"yoast-schema-graph\">{\"@context\":\"https:\\\/\\\/schema.org\",\"@graph\":[{\"@type\":\"WebPage\",\"@id\":\"https:\\\/\\\/spei.cz\\\/index.php\\\/autoservis\\\/\",\"url\":\"https:\\\/\\\/spei.cz\\\/index.php\\\/autoservis\\\/\",\"name\":\"Autoservis - SPEI SERVIS\",\"isPartOf\":{\"@id\":\"https:\\\/\\\/spei.cz\\\/#website\"},\"datePublished\":\"2019-03-14T09:05:13+00:00\",\"dateModified\":\"2024-03-21T15:26:08+00:00\",\"breadcrumb\":{\"@id\":\"https:\\\/\\\/spei.cz\\\/index.php\\\/autoservis\\\/#breadcrumb\"},\"inLanguage\":\"cs\",\"potentialAction\":[{\"@type\":\"ReadAction\",\"target\":[\"https:\\\/\\\/spei.cz\\\/index.php\\\/autoservis\\\/\"]}]},{\"@type\":\"BreadcrumbList\",\"@id\":\"https:\\\/\\\/spei.cz\\\/index.php\\\/autoservis\\\/#breadcrumb\",\"itemListElement\":[{\"@type\":\"ListItem\",\"position\":1,\"name\":\"Dom\u016f\",\"item\":\"https:\\\/\\\/spei.cz\\\/\"},{\"@type\":\"ListItem\",\"position\":2,\"name\":\"Autoservis\"}]},{\"@type\":\"WebSite\",\"@id\":\"https:\\\/\\\/spei.cz\\\/#website\",\"url\":\"https:\\\/\\\/spei.cz\\\/\",\"name\":\"SPEI SERVIS\",\"description\":\"Autoservis v\u0161ech zna\u010dek!\",\"publisher\":{\"@id\":\"https:\\\/\\\/spei.cz\\\/#organization\"},\"potentialAction\":[{\"@type\":\"SearchAction\",\"target\":{\"@type\":\"EntryPoint\",\"urlTemplate\":\"https:\\\/\\\/spei.cz\\\/?s={search_term_string}\"},\"query-input\":{\"@type\":\"PropertyValueSpecification\",\"valueRequired\":true,\"valueName\":\"search_term_string\"}}],\"inLanguage\":\"cs\"},{\"@type\":\"Organization\",\"@id\":\"https:\\\/\\\/spei.cz\\\/#organization\",\"name\":\"SPEI SERVIS\",\"url\":\"https:\\\/\\\/spei.cz\\\/\",\"logo\":{\"@type\":\"ImageObject\",\"inLanguage\":\"cs\",\"@id\":\"https:\\\/\\\/spei.cz\\\/#\\\/schema\\\/logo\\\/image\\\/\",\"url\":\"https:\\\/\\\/spei.cz\\\/wp-content\\\/uploads\\\/2020\\\/01\\\/cropped-big_logo_SPEI30_high.png\",\"contentUrl\":\"https:\\\/\\\/spei.cz\\\/wp-content\\\/uploads\\\/2020\\\/01\\\/cropped-big_logo_SPEI30_high.png\",\"width\":3615,\"height\":851,\"caption\":\"SPEI SERVIS\"},\"image\":{\"@id\":\"https:\\\/\\\/spei.cz\\\/#\\\/schema\\\/logo\\\/image\\\/\"},\"sameAs\":[\"https:\\\/\\\/www.facebook.com\\\/spei.servis\"]}]}<\/script>\r\n<!-- \/ Yoast SEO plugin. -->","yoast_head_json":{"title":"Autoservis - SPEI SERVIS","robots":{"index":"index","follow":"follow","max-snippet":"max-snippet:-1","max-image-preview":"max-image-preview:large","max-video-preview":"max-video-preview:-1"},"canonical":"https:\/\/spei.cz\/index.php\/autoservis\/","og_locale":"cs_CZ","og_type":"article","og_title":"Autoservis - SPEI SERVIS","og_description":"Autoservis SPEI SERVIS, to jsou komplexn\u00ed slu\u017eby pro motoristy od mechanick\u00fdch, pneuservisn\u00edch, karos\u00e1\u0159sk\u00fdch a lak\u00fdrnick\u00fdch prac\u00ed a\u017e po autoelektriku a","og_url":"https:\/\/spei.cz\/index.php\/autoservis\/","og_site_name":"SPEI SERVIS","article_publisher":"https:\/\/www.facebook.com\/spei.servis","article_modified_time":"2024-03-21T15:26:08+00:00","twitter_card":"summary_large_image","twitter_misc":{"Odhadovan\u00e1 doba \u010dten\u00ed":"1 minuta"},"schema":{"@context":"https:\/\/schema.org","@graph":[{"@type":"WebPage","@id":"https:\/\/spei.cz\/index.php\/autoservis\/","url":"https:\/\/spei.cz\/index.php\/autoservis\/","name":"Autoservis - SPEI SERVIS","isPartOf":{"@id":"https:\/\/spei.cz\/#website"},"datePublished":"2019-03-14T09:05:13+00:00","dateModified":"2024-03-21T15:26:08+00:00","breadcrumb":{"@id":"https:\/\/spei.cz\/index.php\/autoservis\/#breadcrumb"},"inLanguage":"cs","potentialAction":[{"@type":"ReadAction","target":["https:\/\/spei.cz\/index.php\/autoservis\/"]}]},{"@type":"BreadcrumbList","@id":"https:\/\/spei.cz\/index.php\/autoservis\/#breadcrumb","itemListElement":[{"@type":"ListItem","position":1,"name":"Dom\u016f","item":"https:\/\/spei.cz\/"},{"@type":"ListItem","position":2,"name":"Autoservis"}]},{"@type":"WebSite","@id":"https:\/\/spei.cz\/#website","url":"https:\/\/spei.cz\/","name":"SPEI SERVIS","description":"Autoservis v\u0161ech zna\u010dek!","publisher":{"@id":"https:\/\/spei.cz\/#organization"},"potentialAction":[{"@type":"SearchAction","target":{"@type":"EntryPoint","urlTemplate":"https:\/\/spei.cz\/?s={search_term_string}"},"query-input":{"@type":"PropertyValueSpecification","valueRequired":true,"valueName":"search_term_string"}}],"inLanguage":"cs"},{"@type":"Organization","@id":"https:\/\/spei.cz\/#organization","name":"SPEI SERVIS","url":"https:\/\/spei.cz\/","logo":{"@type":"ImageObject","inLanguage":"cs","@id":"https:\/\/spei.cz\/#\/schema\/logo\/image\/","url":"https:\/\/spei.cz\/wp-content\/uploads\/2020\/01\/cropped-big_logo_SPEI30_high.png","contentUrl":"https:\/\/spei.cz\/wp-content\/uploads\/2020\/01\/cropped-big_logo_SPEI30_high.png","width":3615,"height":851,"caption":"SPEI SERVIS"},"image":{"@id":"https:\/\/spei.cz\/#\/schema\/logo\/image\/"},"sameAs":["https:\/\/www.facebook.com\/spei.servis"]}]}},"_links":{"self":[{"href":"https:\/\/spei.cz\/index.php\/wp-json\/wp\/v2\/pages\/372","targetHints":{"allow":["GET"]}}],"collection":[{"href":"https:\/\/spei.cz\/index.php\/wp-json\/wp\/v2\/pages"}],"about":[{"href":"https:\/\/spei.cz\/index.php\/wp-json\/wp\/v2\/types\/page"}],"author":[{"embeddable":true,"href":"https:\/\/spei.cz\/index.php\/wp-json\/wp\/v2\/users\/1"}],"replies":[{"embeddable":true,"href":"https:\/\/spei.cz\/index.php\/wp-json\/wp\/v2\/comments?post=372"}],"version-history":[{"count":37,"href":"https:\/\/spei.cz\/index.php\/wp-json\/wp\/v2\/pages\/372\/revisions"}],"predecessor-version":[{"id":2383,"href":"https:\/\/spei.cz\/index.php\/wp-json\/wp\/v2\/pages\/372\/revisions\/2383"}],"wp:attachment":[{"href":"https:\/\/spei.cz\/index.php\/wp-json\/wp\/v2\/media?parent=372"}],"curies":[{"name":"wp","href":"https:\/\/api.w.org\/{rel}","templated":true}]}}