{"id":386,"date":"2019-03-14T10:09:54","date_gmt":"2019-03-14T09:09:54","guid":{"rendered":"https:\/\/beta.spei.cz\/?page_id=386"},"modified":"2024-03-21T16:44:36","modified_gmt":"2024-03-21T15:44:36","slug":"pneuservis","status":"publish","type":"page","link":"https:\/\/spei.cz\/index.php\/pneuservis\/","title":{"rendered":"Pneuservis"},"content":{"rendered":"\t\t<div data-elementor-type=\"wp-post\" data-elementor-id=\"386\" class=\"elementor elementor-386\" data-elementor-post-type=\"page\">\n\t\t\t\t\t\t<section class=\"elementor-section elementor-top-section elementor-element elementor-element-3e70e42 elementor-section-boxed elementor-section-height-default elementor-section-height-default\" data-id=\"3e70e42\" data-element_type=\"section\" data-e-type=\"section\">\n\t\t\t\t\t\t<div class=\"elementor-container elementor-column-gap-default\">\n\t\t\t\t\t<div class=\"elementor-column elementor-col-100 elementor-top-column elementor-element elementor-element-6dec61c\" data-id=\"6dec61c\" data-element_type=\"column\" data-e-type=\"column\">\n\t\t\t<div class=\"elementor-widget-wrap elementor-element-populated\">\n\t\t\t\t\t\t<div class=\"elementor-element elementor-element-9d33bf9 elementor-widget elementor-widget-heading\" data-id=\"9d33bf9\" data-element_type=\"widget\" data-e-type=\"widget\" data-widget_type=\"heading.default\">\n\t\t\t\t<div class=\"elementor-widget-container\">\n\t\t\t\t\t<h4 class=\"elementor-heading-title elementor-size-default\">Pneuservis<\/h4>\t\t\t\t<\/div>\n\t\t\t\t<\/div>\n\t\t\t\t<div class=\"elementor-element elementor-element-d508ed9 elementor-widget elementor-widget-text-editor\" data-id=\"d508ed9\" data-element_type=\"widget\" data-e-type=\"widget\" data-widget_type=\"text-editor.default\">\n\t\t\t\t<div class=\"elementor-widget-container\">\n\t\t\t\t\t\t\t\t\t<p>Prod\u00e1v\u00e1me a montujeme\u00a0<strong>pneumatiky<\/strong>\u00a0v\u0161ech zna\u010dek, v\u010detn\u011b\u00a0<strong>du\u0161\u00ed<\/strong>\u00a0a p\u0159\u00edslu\u0161enstv\u00ed. V \u0161irok\u00e9 nab\u00eddce jsou zastoupeny v\u0161echny renomovan\u00e9 zna\u010dky od b\u011b\u017en\u00fdch po m\u00e9n\u011b zn\u00e1m\u00e9. V\u00fdb\u011br vhodn\u00e9 pneumatiky s V\u00e1mi v\u017edy ochotn\u011b zkonzultujeme a porad\u00edme s v\u00fdb\u011brem vhodn\u00e9ho typu odpov\u00eddaj\u00edc\u00edho Va\u0161im po\u017eadavk\u016fm.<br \/>Pneumatiky v\u010detn\u011b sez\u00f3nn\u00edch novinek m\u00e1me skladem, specifick\u00e9 typy nejpozd\u011bji do druh\u00e9ho dne.<\/p>\n<h4><strong>Pneuservis a slu\u017eby:<\/strong><\/h4>\n<ul>\n<li>kompletn\u00ed pneuservis\u00a0<strong>na objedn\u00e1n\u00ed &#8211; <\/strong>+420 602 363 819\u00a0<\/li>\n<li>p\u0159ezouv\u00e1me pneu 12&#8220; &#8211; 23&#8220;<\/li>\n<li>mont\u00e1\u017ee, demont\u00e1\u017ee a vyva\u017eov\u00e1n\u00ed kol<\/li>\n<li>hu\u0161t\u011bn\u00ed vzduchem nebo sm\u011bs\u00ed dus\u00edku<\/li>\n<li>kontroly t\u011bsnosti a opravy pneu<\/li>\n<li>lepen\u00ed du\u0161\u00ed<\/li>\n<li>rovn\u00e1n\u00ed r\u00e1fk\u016f + opravy<\/li>\n<li>likvidace pneu<\/li>\n<li>prodej p\u0159\u00edslu\u0161enstv\u00ed &#8211; z\u00e1va\u017e\u00ed, du\u0161e, ventilky, a dal\u0161\u00ed<\/li>\n<li>prodej opravn\u00fdch sad umo\u017e\u0148uj\u00edc\u00edch dojet\u00ed po defektu<\/li>\n<li>mont\u00e1\u017ee nestandardn\u00edch typ\u016f pneu &#8211; pro desty, off roady, dod\u00e1vky a dal\u0161\u00ed (rudl, vlek, apod.)<\/li>\n<li>individu\u00e1ln\u00ed objedn\u00e1n\u00ed<\/li>\n<\/ul>\n<h4><strong>Rady a doporu\u010den\u00ed<\/strong><\/h4>\n<p><strong>Povinn\u00e1 zimn\u00ed v\u00fdbava\u00a0\u00a0\u00a0<\/strong><\/p>\n<p>Dle platn\u00e9 \u010desk\u00e9 legislativy jsou motorist\u00e9 povinni v obdob\u00ed\u00a0<strong>od 1. listopadu do 30. dubna\u00a0\u00a0\u00a0<\/strong>na\u00a0\u00a0\u00a0\u00a0m\u00edstech ozna\u010den\u00fdch zna\u010dkou &#8222;Zimn\u00ed v\u00fdbava&#8220; pokra\u010dovat v j\u00edzd\u011b pouze za pou\u017eit\u00ed\u00a0<strong>zimn\u00edch<\/strong>\u00a0<strong>pneumatik<\/strong>. Tento p\u0159edpis se vztahuje\u00a0na motorov\u00e1 vozidla o maxim\u00e1ln\u00ed p\u0159\u00edpustn\u00e9 hmotnosti nep\u0159evy\u0161uj\u00edc\u00ed 3 500 kg s hloubkou dez\u00e9nu hlavn\u00edch dez\u00e9nov\u00fdch dr\u00e1\u017eek nebo z\u00e1\u0159ez\u016f nejm\u00e9n\u011b\u00a0<strong>4 mm<\/strong>\u00a0na v\u0161ech kolech. U motorov\u00fdch vozidel o maxim\u00e1ln\u00ed p\u0159\u00edpustn\u00e9 hmotnosti p\u0159evy\u0161uj\u00edc\u00ed 3 500 kg s hloubkou dez\u00e9nov\u00fdch dr\u00e1\u017eek nebo z\u00e1\u0159ez\u016f nejm\u00e9n\u011b\u00a0<strong>6 mm<\/strong>\u00a0na v\u0161ech kolech.<\/p>\n<p><strong>Kdy p\u0159ezout pneumatiky?<\/strong><\/p>\n<p>Krit\u00e9riem pro p\u0159ezut\u00ed pneumatik je pr\u016fm\u011brn\u00e1 denn\u00ed teplota. Pokud poklesne\u00a0<strong>pod 7<sup>o<\/sup>C<\/strong>, doporu\u010dujeme vym\u011bnit letn\u00ed pneumatiky na zimn\u00ed. Letn\u00ed pneumatiky jsou vyrobeny z tvrd\u0161\u00ed sm\u011bsi ne\u017e pneumatiky zimn\u00ed, a proto p\u0159i t\u00e9to teplot\u011b doch\u00e1z\u00ed k v\u00fdrazn\u00e9mu sn\u00ed\u017een\u00ed jejich p\u0159ilnavosti k vozovce. Naopak p\u0159i teplot\u00e1ch\u00a0<strong>nad 7<sup>o<\/sup>C\u00a0<\/strong>je vhodn\u00e9 pou\u017e\u00edt letn\u00ed pneumatiky nebo\u0165 nad touto hranic\u00ed teplot doch\u00e1z\u00ed ke zv\u00fd\u0161en\u00e9mu opot\u0159eben\u00ed zimn\u00edch pneumatik.<\/p>\n<p><strong>Pln\u011bn\u00ed pneu dus\u00edkem<\/strong><\/p>\n<p>Z d\u016fvodu \u00faspornosti a vynikaj\u00edc\u00edch vlastnost\u00ed doporu\u010dujeme plnit pneumatiky sm\u011bs\u00ed dus\u00edku. V\u00edce o pln\u011bn\u00ed pneu dus\u00edkem naleznete\u00a0<a href=\"http:\/\/eshop.spei.cz\/images\/stories\/download\/plneni_pneu.pdf\">zde. (pdf, 19 kB)<\/a><\/p>\n<p><strong>Opravn\u00e9 sady &#8222;dojezdov\u00e9&#8220;<\/strong><\/p>\n<p>Doporu\u010dujeme vybavit V\u00e1\u0161 v\u016fz opravn\u00fdm sprejem pro aplikaci p\u0159i po\u0161kozen\u00ed pneumatiky. Pou\u017eit\u00ed spreje je velmi jednoduch\u00e9 a umo\u017e\u0148uje okam\u017eitou j\u00edzdu na pneumatice s pl\u00e1\u0161t\u011bm po\u0161kozen\u00fdm prop\u00edchnut\u00edm nebo prora\u017een\u00edm. Jednodu\u0161e nahust\u00edte sm\u011bs ze spreje ventilkem do po\u0161kozen\u00e9 pneumatiky. Sm\u011bs se po rozjet\u00ed plynule rozprost\u0159e v pneumatice a po\u0161kozen\u00ed ut\u011bsn\u00ed a vy m\u016f\u017eete pokra\u010dovat v j\u00edzd\u011b.<\/p>\n<h4><strong>V\u00fdb\u011br pneumatik<\/strong><\/h4>\n<p><strong>Pro dlouh\u00e9 trat\u011b<\/strong><\/p>\n<p>Jezd\u00edte-li dlouh\u00e9 trat\u011b a jste-li zvykl\u00ed na tichou a pohodlnou j\u00edzdu, zcela jist\u011b bychom V\u00e1m doporu\u010dili pneumatiky zna\u010dky GOOD YEAR, DUNLOP, FULDA, SAVA, CONTINENTAL, MICHELIN nebo ty, kter\u00e9 jsou doporu\u010dov\u00e1ny i pro svi\u017en\u011bj\u0161\u00ed j\u00edzdu.<\/p>\n<p><strong>Pro bezpe\u010dnou j\u00edzdu na vod\u011b<\/strong><\/p>\n<p>M\u00e1te-li r\u00e1di dynami\u010dt\u011bj\u0161\u00ed j\u00edzdu, doporu\u010d\u00edme V\u00e1m tvrd\u0161\u00ed a sportovn\u011bj\u0161\u00ed pneumatiky zna\u010dky UNIROYAL. Tyto pneumatiky jsou sv\u00fdmi parametry tak\u00e9 obzvl\u00e1\u0161t\u011b vhodn\u00e9 pro bezpe\u010dnou j\u00edzdu v de\u0161ti.<br \/>Obdobnou ochranu proti aquaplaningu zaru\u010d\u00ed tak\u00e9 pneumatiky zna\u010dky SEMPERIT, kter\u00e9 lze doporu\u010dit i pro j\u00edzdu v horsk\u00fdch oblastech.<\/p>\n<p><strong>Pro sportovn\u00ed j\u00edzdu<\/strong><\/p>\n<p>Extra tvrd\u00fdmi pneumatikami pro tuningov\u00e9 vozy, kter\u00e9 velmi dob\u0159e sed\u00ed na silnici jsou pneumatiky zna\u010dek PIRELLI, MICHELIN a DUNLOP.<\/p>\n<p><strong>Pro kvalitn\u00ed a spolehlivou j\u00edzdu<\/strong><\/p>\n<p>Nejv\u011bt\u0161\u00ed oblib\u011b u z\u00e1kazn\u00edk\u016f se st\u00e1le t\u011b\u0161\u00ed kvalitn\u00ed pneumatiky SAVA + BARUM. V\u00fdroba t\u011bchto pneumatik m\u00e1 mnohaletou tradici. Pneumatiky vynikaj\u00ed l\u00e9ty prov\u011b\u0159enou kvalitou, vynikaj\u00edc\u00edmi vlastnostmi a p\u0159\u00edznivou cenou.<\/p>\n<p>\u00a0<\/p>\t\t\t\t\t\t\t\t<\/div>\n\t\t\t\t<\/div>\n\t\t\t\t\t<\/div>\n\t\t<\/div>\n\t\t\t\t\t<\/div>\n\t\t<\/section>\n\t\t\t\t<\/div>\n\t\t","protected":false},"excerpt":{"rendered":"<p>Pneuservis Prod\u00e1v\u00e1me a montujeme\u00a0pneumatiky\u00a0v\u0161ech zna\u010dek, v\u010detn\u011b\u00a0du\u0161\u00ed\u00a0a p\u0159\u00edslu\u0161enstv\u00ed. V \u0161irok\u00e9 nab\u00eddce jsou zastoupeny v\u0161echny renomovan\u00e9 zna\u010dky od b\u011b\u017en\u00fdch po m\u00e9n\u011b zn\u00e1m\u00e9.<\/p>\n","protected":false},"author":1,"featured_media":0,"parent":0,"menu_order":0,"comment_status":"closed","ping_status":"closed","template":"","meta":{"colormag_page_container_layout":"default_layout","colormag_page_sidebar_layout":"default_layout","footnotes":""},"class_list":["post-386","page","type-page","status-publish","hentry"],"yoast_head":"<!-- This site is optimized with the Yoast SEO plugin v27.5 - https:\/\/yoast.com\/product\/yoast-seo-wordpress\/ -->\r\n<title>Pneuservis - SPEI SERVIS<\/title>\r\n<meta name=\"robots\" content=\"index, follow, max-snippet:-1, max-image-preview:large, max-video-preview:-1\" \/>\r\n<link rel=\"canonical\" href=\"https:\/\/spei.cz\/index.php\/pneuservis\/\" \/>\r\n<meta property=\"og:locale\" content=\"cs_CZ\" \/>\r\n<meta property=\"og:type\" content=\"article\" \/>\r\n<meta property=\"og:title\" content=\"Pneuservis - SPEI SERVIS\" \/>\r\n<meta property=\"og:description\" content=\"Pneuservis Prod\u00e1v\u00e1me a montujeme\u00a0pneumatiky\u00a0v\u0161ech zna\u010dek, v\u010detn\u011b\u00a0du\u0161\u00ed\u00a0a p\u0159\u00edslu\u0161enstv\u00ed. V \u0161irok\u00e9 nab\u00eddce jsou zastoupeny v\u0161echny renomovan\u00e9 zna\u010dky od b\u011b\u017en\u00fdch po m\u00e9n\u011b zn\u00e1m\u00e9.\" \/>\r\n<meta property=\"og:url\" content=\"https:\/\/spei.cz\/index.php\/pneuservis\/\" \/>\r\n<meta property=\"og:site_name\" content=\"SPEI SERVIS\" \/>\r\n<meta property=\"article:publisher\" content=\"https:\/\/www.facebook.com\/spei.servis\" \/>\r\n<meta property=\"article:modified_time\" content=\"2024-03-21T15:44:36+00:00\" \/>\r\n<meta name=\"twitter:card\" content=\"summary_large_image\" \/>\r\n<meta name=\"twitter:label1\" content=\"Odhadovan\u00e1 doba \u010dten\u00ed\" \/>\n\t<meta name=\"twitter:data1\" content=\"3 minuty\" \/>\r\n<script type=\"application\/ld+json\" class=\"yoast-schema-graph\">{\"@context\":\"https:\\\/\\\/schema.org\",\"@graph\":[{\"@type\":\"WebPage\",\"@id\":\"https:\\\/\\\/spei.cz\\\/index.php\\\/pneuservis\\\/\",\"url\":\"https:\\\/\\\/spei.cz\\\/index.php\\\/pneuservis\\\/\",\"name\":\"Pneuservis - SPEI SERVIS\",\"isPartOf\":{\"@id\":\"https:\\\/\\\/spei.cz\\\/#website\"},\"datePublished\":\"2019-03-14T09:09:54+00:00\",\"dateModified\":\"2024-03-21T15:44:36+00:00\",\"breadcrumb\":{\"@id\":\"https:\\\/\\\/spei.cz\\\/index.php\\\/pneuservis\\\/#breadcrumb\"},\"inLanguage\":\"cs\",\"potentialAction\":[{\"@type\":\"ReadAction\",\"target\":[\"https:\\\/\\\/spei.cz\\\/index.php\\\/pneuservis\\\/\"]}]},{\"@type\":\"BreadcrumbList\",\"@id\":\"https:\\\/\\\/spei.cz\\\/index.php\\\/pneuservis\\\/#breadcrumb\",\"itemListElement\":[{\"@type\":\"ListItem\",\"position\":1,\"name\":\"Dom\u016f\",\"item\":\"https:\\\/\\\/spei.cz\\\/\"},{\"@type\":\"ListItem\",\"position\":2,\"name\":\"Pneuservis\"}]},{\"@type\":\"WebSite\",\"@id\":\"https:\\\/\\\/spei.cz\\\/#website\",\"url\":\"https:\\\/\\\/spei.cz\\\/\",\"name\":\"SPEI SERVIS\",\"description\":\"Autoservis v\u0161ech zna\u010dek!\",\"publisher\":{\"@id\":\"https:\\\/\\\/spei.cz\\\/#organization\"},\"potentialAction\":[{\"@type\":\"SearchAction\",\"target\":{\"@type\":\"EntryPoint\",\"urlTemplate\":\"https:\\\/\\\/spei.cz\\\/?s={search_term_string}\"},\"query-input\":{\"@type\":\"PropertyValueSpecification\",\"valueRequired\":true,\"valueName\":\"search_term_string\"}}],\"inLanguage\":\"cs\"},{\"@type\":\"Organization\",\"@id\":\"https:\\\/\\\/spei.cz\\\/#organization\",\"name\":\"SPEI SERVIS\",\"url\":\"https:\\\/\\\/spei.cz\\\/\",\"logo\":{\"@type\":\"ImageObject\",\"inLanguage\":\"cs\",\"@id\":\"https:\\\/\\\/spei.cz\\\/#\\\/schema\\\/logo\\\/image\\\/\",\"url\":\"https:\\\/\\\/spei.cz\\\/wp-content\\\/uploads\\\/2020\\\/01\\\/cropped-big_logo_SPEI30_high.png\",\"contentUrl\":\"https:\\\/\\\/spei.cz\\\/wp-content\\\/uploads\\\/2020\\\/01\\\/cropped-big_logo_SPEI30_high.png\",\"width\":3615,\"height\":851,\"caption\":\"SPEI SERVIS\"},\"image\":{\"@id\":\"https:\\\/\\\/spei.cz\\\/#\\\/schema\\\/logo\\\/image\\\/\"},\"sameAs\":[\"https:\\\/\\\/www.facebook.com\\\/spei.servis\"]}]}<\/script>\r\n<!-- \/ Yoast SEO plugin. -->","yoast_head_json":{"title":"Pneuservis - SPEI SERVIS","robots":{"index":"index","follow":"follow","max-snippet":"max-snippet:-1","max-image-preview":"max-image-preview:large","max-video-preview":"max-video-preview:-1"},"canonical":"https:\/\/spei.cz\/index.php\/pneuservis\/","og_locale":"cs_CZ","og_type":"article","og_title":"Pneuservis - SPEI SERVIS","og_description":"Pneuservis Prod\u00e1v\u00e1me a montujeme\u00a0pneumatiky\u00a0v\u0161ech zna\u010dek, v\u010detn\u011b\u00a0du\u0161\u00ed\u00a0a p\u0159\u00edslu\u0161enstv\u00ed. V \u0161irok\u00e9 nab\u00eddce jsou zastoupeny v\u0161echny renomovan\u00e9 zna\u010dky od b\u011b\u017en\u00fdch po m\u00e9n\u011b zn\u00e1m\u00e9.","og_url":"https:\/\/spei.cz\/index.php\/pneuservis\/","og_site_name":"SPEI SERVIS","article_publisher":"https:\/\/www.facebook.com\/spei.servis","article_modified_time":"2024-03-21T15:44:36+00:00","twitter_card":"summary_large_image","twitter_misc":{"Odhadovan\u00e1 doba \u010dten\u00ed":"3 minuty"},"schema":{"@context":"https:\/\/schema.org","@graph":[{"@type":"WebPage","@id":"https:\/\/spei.cz\/index.php\/pneuservis\/","url":"https:\/\/spei.cz\/index.php\/pneuservis\/","name":"Pneuservis - SPEI SERVIS","isPartOf":{"@id":"https:\/\/spei.cz\/#website"},"datePublished":"2019-03-14T09:09:54+00:00","dateModified":"2024-03-21T15:44:36+00:00","breadcrumb":{"@id":"https:\/\/spei.cz\/index.php\/pneuservis\/#breadcrumb"},"inLanguage":"cs","potentialAction":[{"@type":"ReadAction","target":["https:\/\/spei.cz\/index.php\/pneuservis\/"]}]},{"@type":"BreadcrumbList","@id":"https:\/\/spei.cz\/index.php\/pneuservis\/#breadcrumb","itemListElement":[{"@type":"ListItem","position":1,"name":"Dom\u016f","item":"https:\/\/spei.cz\/"},{"@type":"ListItem","position":2,"name":"Pneuservis"}]},{"@type":"WebSite","@id":"https:\/\/spei.cz\/#website","url":"https:\/\/spei.cz\/","name":"SPEI SERVIS","description":"Autoservis v\u0161ech zna\u010dek!","publisher":{"@id":"https:\/\/spei.cz\/#organization"},"potentialAction":[{"@type":"SearchAction","target":{"@type":"EntryPoint","urlTemplate":"https:\/\/spei.cz\/?s={search_term_string}"},"query-input":{"@type":"PropertyValueSpecification","valueRequired":true,"valueName":"search_term_string"}}],"inLanguage":"cs"},{"@type":"Organization","@id":"https:\/\/spei.cz\/#organization","name":"SPEI SERVIS","url":"https:\/\/spei.cz\/","logo":{"@type":"ImageObject","inLanguage":"cs","@id":"https:\/\/spei.cz\/#\/schema\/logo\/image\/","url":"https:\/\/spei.cz\/wp-content\/uploads\/2020\/01\/cropped-big_logo_SPEI30_high.png","contentUrl":"https:\/\/spei.cz\/wp-content\/uploads\/2020\/01\/cropped-big_logo_SPEI30_high.png","width":3615,"height":851,"caption":"SPEI SERVIS"},"image":{"@id":"https:\/\/spei.cz\/#\/schema\/logo\/image\/"},"sameAs":["https:\/\/www.facebook.com\/spei.servis"]}]}},"_links":{"self":[{"href":"https:\/\/spei.cz\/index.php\/wp-json\/wp\/v2\/pages\/386","targetHints":{"allow":["GET"]}}],"collection":[{"href":"https:\/\/spei.cz\/index.php\/wp-json\/wp\/v2\/pages"}],"about":[{"href":"https:\/\/spei.cz\/index.php\/wp-json\/wp\/v2\/types\/page"}],"author":[{"embeddable":true,"href":"https:\/\/spei.cz\/index.php\/wp-json\/wp\/v2\/users\/1"}],"replies":[{"embeddable":true,"href":"https:\/\/spei.cz\/index.php\/wp-json\/wp\/v2\/comments?post=386"}],"version-history":[{"count":34,"href":"https:\/\/spei.cz\/index.php\/wp-json\/wp\/v2\/pages\/386\/revisions"}],"predecessor-version":[{"id":2464,"href":"https:\/\/spei.cz\/index.php\/wp-json\/wp\/v2\/pages\/386\/revisions\/2464"}],"wp:attachment":[{"href":"https:\/\/spei.cz\/index.php\/wp-json\/wp\/v2\/media?parent=386"}],"curies":[{"name":"wp","href":"https:\/\/api.w.org\/{rel}","templated":true}]}}