{"id":398,"date":"2019-03-14T10:11:11","date_gmt":"2019-03-14T09:11:11","guid":{"rendered":"https:\/\/beta.spei.cz\/?page_id=398"},"modified":"2024-03-21T16:38:27","modified_gmt":"2024-03-21T15:38:27","slug":"pujcovna-aut","status":"publish","type":"page","link":"https:\/\/spei.cz\/index.php\/pujcovna-aut\/","title":{"rendered":"P\u016fj\u010dovna aut"},"content":{"rendered":"\t\t<div data-elementor-type=\"wp-post\" data-elementor-id=\"398\" class=\"elementor elementor-398\" data-elementor-post-type=\"page\">\n\t\t\t\t\t\t<section class=\"elementor-section elementor-top-section elementor-element elementor-element-320c2e5 elementor-section-boxed elementor-section-height-default elementor-section-height-default\" data-id=\"320c2e5\" data-element_type=\"section\" data-e-type=\"section\">\n\t\t\t\t\t\t<div class=\"elementor-container elementor-column-gap-default\">\n\t\t\t\t\t<div class=\"elementor-column elementor-col-100 elementor-top-column elementor-element elementor-element-685aacd\" data-id=\"685aacd\" data-element_type=\"column\" data-e-type=\"column\">\n\t\t\t<div class=\"elementor-widget-wrap elementor-element-populated\">\n\t\t\t\t\t\t<div class=\"elementor-element elementor-element-b9ebc5c elementor-widget elementor-widget-heading\" data-id=\"b9ebc5c\" data-element_type=\"widget\" data-e-type=\"widget\" data-widget_type=\"heading.default\">\n\t\t\t\t<div class=\"elementor-widget-container\">\n\t\t\t\t\t<h4 class=\"elementor-heading-title elementor-size-default\">P\u016fj\u010dovna vozidel<\/h4>\t\t\t\t<\/div>\n\t\t\t\t<\/div>\n\t\t\t\t<div class=\"elementor-element elementor-element-6baa684 elementor-widget elementor-widget-text-editor\" data-id=\"6baa684\" data-element_type=\"widget\" data-e-type=\"widget\" data-widget_type=\"text-editor.default\">\n\t\t\t\t<div class=\"elementor-widget-container\">\n\t\t\t\t\t\t\t\t\t<p><strong>Po dobu opravy Va\u0161eho vozu nab\u00edz\u00edme n\u00e1hradn\u00ed v\u016fz!<\/strong><\/p>\n<h6><strong>V\u00fdhody<\/strong><\/h6>\n<ul>\n<li>\u00faspora Va\u0161eho \u010dasu a nez\u00e1vislost<\/li>\n<li>spolehliv\u00e9 a kompletn\u011b poji\u0161t\u011bn\u00e9 vozy<\/li>\n<li>kvalitn\u00ed v\u00fdbava, sez\u00f3nn\u00ed pneu, d\u00e1lni\u010dn\u00ed zn\u00e1mka<\/li>\n<li>spolu\u00fa\u010dast v p\u0159\u00edpad\u011b po\u0161kozen\u00ed pouze 5 000,- K\u010d, resp. 5%<\/li>\n<li>mo\u017enost reservace osobn\u011b, telefonicky, on-line<\/li>\n<li>individu\u00e1ln\u00ed podm\u00ednky pro partnersk\u00e9 firmy<\/li>\n<\/ul>\n<table class=\"input_box\" border=\"1\">\n<tbody>\n<tr>\n<td><strong>Vozidlo<\/strong><\/td>\n<td><strong>1-5 dn\u016f<\/strong><\/td>\n<td><strong>6-20 dn\u016f<\/strong><\/td>\n<td><strong>21 a v\u00edce dn\u016f<\/strong><\/td>\n<\/tr>\n<tr>\n<td>\u0160koda Octavia III combi<\/td>\n<td>1 162,- K\u010d<\/td>\n<td>929,- K\u010d<\/td>\n<td>697,- K\u010d<\/td>\n<\/tr>\n<tr>\n<td>Volkswagen Golf combi<\/td>\n<td>1 162,- K\u010d<\/td>\n<td>929,- K\u010d<\/td>\n<td>697,- K\u010d<\/td>\n<\/tr>\n<tr>\n<td>\u0160koda Superb III (automat)<\/td>\n<td>1 948,- K\u010d<\/td>\n<td>1 392,- K\u010d<\/td>\n<td>1 182,- K\u010d<\/td>\n<\/tr>\n<tr>\n<td>Mercedes Sprinter<\/td>\n<td>1 162,- K\u010d<\/td>\n<td>1 162,- K\u010d<\/td>\n<td>1 162,- K\u010d<\/td>\n<\/tr>\n<\/tbody>\n<\/table>\n<p>Ceny jsou uvedeny v\u010detn\u011b DPH.<\/p>\n<p>\u00a0<\/p>\n<h6><strong>Podm\u00ednky<\/strong><\/h6>\n<ul>\n<li>minim\u00e1ln\u00ed doba zap\u016fj\u010den\u00ed je 0,5 dne (resp. 4 hodiny)<\/li>\n<li>v\u016fz mus\u00ed b\u00fdt vr\u00e1cen se stejn\u00fdm stavem paliva v n\u00e1dr\u017ei s jak\u00fdm byl zap\u016fj\u010den, v opa\u010dn\u00e9m p\u0159\u00edpad\u011b bude \u00fa\u010dtov\u00e1na cena za dotankov\u00e1ni 200,- K\u010d + zb\u00fdvaj\u00edc\u00ed litry pohonn\u00fdch hmot dle aktu\u00e1ln\u00ed tr\u017en\u00ed hodnoty<\/li>\n<li>denn\u00ed limit ujet\u00fdch kilometr\u016f &#8211; 200 km\/den nebo 3 000 km\/m\u011bs\u00edc. Kilometry ujet\u00e9 nad limit se \u00fa\u010dtuj\u00ed sazbou 5,- K\u010d\/1 km<\/li>\n<li>kompletn\u00ed podm\u00ednky p\u016fj\u010dovny naleznete <a href=\"https:\/\/spei.cz\/wp-content\/uploads\/2022\/06\/Podminky-pujcovna.pdf\">ZDE.<\/a><\/li>\n<\/ul>\t\t\t\t\t\t\t\t<\/div>\n\t\t\t\t<\/div>\n\t\t\t\t\t<\/div>\n\t\t<\/div>\n\t\t\t\t\t<\/div>\n\t\t<\/section>\n\t\t\t\t<\/div>\n\t\t","protected":false},"excerpt":{"rendered":"<p>P\u016fj\u010dovna vozidel Po dobu opravy Va\u0161eho vozu nab\u00edz\u00edme n\u00e1hradn\u00ed v\u016fz! V\u00fdhody \u00faspora Va\u0161eho \u010dasu a nez\u00e1vislost spolehliv\u00e9 a kompletn\u011b poji\u0161t\u011bn\u00e9<\/p>\n","protected":false},"author":1,"featured_media":0,"parent":0,"menu_order":0,"comment_status":"closed","ping_status":"closed","template":"","meta":{"colormag_page_container_layout":"default_layout","colormag_page_sidebar_layout":"default_layout","footnotes":""},"class_list":["post-398","page","type-page","status-publish","hentry"],"yoast_head":"<!-- This site is optimized with the Yoast SEO plugin v27.5 - https:\/\/yoast.com\/product\/yoast-seo-wordpress\/ -->\r\n<title>P\u016fj\u010dovna aut - SPEI SERVIS<\/title>\r\n<meta name=\"robots\" content=\"index, follow, max-snippet:-1, max-image-preview:large, max-video-preview:-1\" \/>\r\n<link rel=\"canonical\" href=\"https:\/\/spei.cz\/index.php\/pujcovna-aut\/\" \/>\r\n<meta property=\"og:locale\" content=\"cs_CZ\" \/>\r\n<meta property=\"og:type\" content=\"article\" \/>\r\n<meta property=\"og:title\" content=\"P\u016fj\u010dovna aut - SPEI SERVIS\" \/>\r\n<meta property=\"og:description\" content=\"P\u016fj\u010dovna vozidel Po dobu opravy Va\u0161eho vozu nab\u00edz\u00edme n\u00e1hradn\u00ed v\u016fz! V\u00fdhody \u00faspora Va\u0161eho \u010dasu a nez\u00e1vislost spolehliv\u00e9 a kompletn\u011b poji\u0161t\u011bn\u00e9\" \/>\r\n<meta property=\"og:url\" content=\"https:\/\/spei.cz\/index.php\/pujcovna-aut\/\" \/>\r\n<meta property=\"og:site_name\" content=\"SPEI SERVIS\" \/>\r\n<meta property=\"article:publisher\" content=\"https:\/\/www.facebook.com\/spei.servis\" \/>\r\n<meta property=\"article:modified_time\" content=\"2024-03-21T15:38:27+00:00\" \/>\r\n<meta name=\"twitter:card\" content=\"summary_large_image\" \/>\r\n<meta name=\"twitter:label1\" content=\"Odhadovan\u00e1 doba \u010dten\u00ed\" \/>\n\t<meta name=\"twitter:data1\" content=\"1 minuta\" \/>\r\n<script type=\"application\/ld+json\" class=\"yoast-schema-graph\">{\"@context\":\"https:\\\/\\\/schema.org\",\"@graph\":[{\"@type\":\"WebPage\",\"@id\":\"https:\\\/\\\/spei.cz\\\/index.php\\\/pujcovna-aut\\\/\",\"url\":\"https:\\\/\\\/spei.cz\\\/index.php\\\/pujcovna-aut\\\/\",\"name\":\"P\u016fj\u010dovna aut - SPEI SERVIS\",\"isPartOf\":{\"@id\":\"https:\\\/\\\/spei.cz\\\/#website\"},\"datePublished\":\"2019-03-14T09:11:11+00:00\",\"dateModified\":\"2024-03-21T15:38:27+00:00\",\"breadcrumb\":{\"@id\":\"https:\\\/\\\/spei.cz\\\/index.php\\\/pujcovna-aut\\\/#breadcrumb\"},\"inLanguage\":\"cs\",\"potentialAction\":[{\"@type\":\"ReadAction\",\"target\":[\"https:\\\/\\\/spei.cz\\\/index.php\\\/pujcovna-aut\\\/\"]}]},{\"@type\":\"BreadcrumbList\",\"@id\":\"https:\\\/\\\/spei.cz\\\/index.php\\\/pujcovna-aut\\\/#breadcrumb\",\"itemListElement\":[{\"@type\":\"ListItem\",\"position\":1,\"name\":\"Dom\u016f\",\"item\":\"https:\\\/\\\/spei.cz\\\/\"},{\"@type\":\"ListItem\",\"position\":2,\"name\":\"P\u016fj\u010dovna aut\"}]},{\"@type\":\"WebSite\",\"@id\":\"https:\\\/\\\/spei.cz\\\/#website\",\"url\":\"https:\\\/\\\/spei.cz\\\/\",\"name\":\"SPEI SERVIS\",\"description\":\"Autoservis v\u0161ech zna\u010dek!\",\"publisher\":{\"@id\":\"https:\\\/\\\/spei.cz\\\/#organization\"},\"potentialAction\":[{\"@type\":\"SearchAction\",\"target\":{\"@type\":\"EntryPoint\",\"urlTemplate\":\"https:\\\/\\\/spei.cz\\\/?s={search_term_string}\"},\"query-input\":{\"@type\":\"PropertyValueSpecification\",\"valueRequired\":true,\"valueName\":\"search_term_string\"}}],\"inLanguage\":\"cs\"},{\"@type\":\"Organization\",\"@id\":\"https:\\\/\\\/spei.cz\\\/#organization\",\"name\":\"SPEI SERVIS\",\"url\":\"https:\\\/\\\/spei.cz\\\/\",\"logo\":{\"@type\":\"ImageObject\",\"inLanguage\":\"cs\",\"@id\":\"https:\\\/\\\/spei.cz\\\/#\\\/schema\\\/logo\\\/image\\\/\",\"url\":\"https:\\\/\\\/spei.cz\\\/wp-content\\\/uploads\\\/2020\\\/01\\\/cropped-big_logo_SPEI30_high.png\",\"contentUrl\":\"https:\\\/\\\/spei.cz\\\/wp-content\\\/uploads\\\/2020\\\/01\\\/cropped-big_logo_SPEI30_high.png\",\"width\":3615,\"height\":851,\"caption\":\"SPEI SERVIS\"},\"image\":{\"@id\":\"https:\\\/\\\/spei.cz\\\/#\\\/schema\\\/logo\\\/image\\\/\"},\"sameAs\":[\"https:\\\/\\\/www.facebook.com\\\/spei.servis\"]}]}<\/script>\r\n<!-- \/ Yoast SEO plugin. -->","yoast_head_json":{"title":"P\u016fj\u010dovna aut - SPEI SERVIS","robots":{"index":"index","follow":"follow","max-snippet":"max-snippet:-1","max-image-preview":"max-image-preview:large","max-video-preview":"max-video-preview:-1"},"canonical":"https:\/\/spei.cz\/index.php\/pujcovna-aut\/","og_locale":"cs_CZ","og_type":"article","og_title":"P\u016fj\u010dovna aut - SPEI SERVIS","og_description":"P\u016fj\u010dovna vozidel Po dobu opravy Va\u0161eho vozu nab\u00edz\u00edme n\u00e1hradn\u00ed v\u016fz! V\u00fdhody \u00faspora Va\u0161eho \u010dasu a nez\u00e1vislost spolehliv\u00e9 a kompletn\u011b poji\u0161t\u011bn\u00e9","og_url":"https:\/\/spei.cz\/index.php\/pujcovna-aut\/","og_site_name":"SPEI SERVIS","article_publisher":"https:\/\/www.facebook.com\/spei.servis","article_modified_time":"2024-03-21T15:38:27+00:00","twitter_card":"summary_large_image","twitter_misc":{"Odhadovan\u00e1 doba \u010dten\u00ed":"1 minuta"},"schema":{"@context":"https:\/\/schema.org","@graph":[{"@type":"WebPage","@id":"https:\/\/spei.cz\/index.php\/pujcovna-aut\/","url":"https:\/\/spei.cz\/index.php\/pujcovna-aut\/","name":"P\u016fj\u010dovna aut - SPEI SERVIS","isPartOf":{"@id":"https:\/\/spei.cz\/#website"},"datePublished":"2019-03-14T09:11:11+00:00","dateModified":"2024-03-21T15:38:27+00:00","breadcrumb":{"@id":"https:\/\/spei.cz\/index.php\/pujcovna-aut\/#breadcrumb"},"inLanguage":"cs","potentialAction":[{"@type":"ReadAction","target":["https:\/\/spei.cz\/index.php\/pujcovna-aut\/"]}]},{"@type":"BreadcrumbList","@id":"https:\/\/spei.cz\/index.php\/pujcovna-aut\/#breadcrumb","itemListElement":[{"@type":"ListItem","position":1,"name":"Dom\u016f","item":"https:\/\/spei.cz\/"},{"@type":"ListItem","position":2,"name":"P\u016fj\u010dovna aut"}]},{"@type":"WebSite","@id":"https:\/\/spei.cz\/#website","url":"https:\/\/spei.cz\/","name":"SPEI SERVIS","description":"Autoservis v\u0161ech zna\u010dek!","publisher":{"@id":"https:\/\/spei.cz\/#organization"},"potentialAction":[{"@type":"SearchAction","target":{"@type":"EntryPoint","urlTemplate":"https:\/\/spei.cz\/?s={search_term_string}"},"query-input":{"@type":"PropertyValueSpecification","valueRequired":true,"valueName":"search_term_string"}}],"inLanguage":"cs"},{"@type":"Organization","@id":"https:\/\/spei.cz\/#organization","name":"SPEI SERVIS","url":"https:\/\/spei.cz\/","logo":{"@type":"ImageObject","inLanguage":"cs","@id":"https:\/\/spei.cz\/#\/schema\/logo\/image\/","url":"https:\/\/spei.cz\/wp-content\/uploads\/2020\/01\/cropped-big_logo_SPEI30_high.png","contentUrl":"https:\/\/spei.cz\/wp-content\/uploads\/2020\/01\/cropped-big_logo_SPEI30_high.png","width":3615,"height":851,"caption":"SPEI SERVIS"},"image":{"@id":"https:\/\/spei.cz\/#\/schema\/logo\/image\/"},"sameAs":["https:\/\/www.facebook.com\/spei.servis"]}]}},"_links":{"self":[{"href":"https:\/\/spei.cz\/index.php\/wp-json\/wp\/v2\/pages\/398","targetHints":{"allow":["GET"]}}],"collection":[{"href":"https:\/\/spei.cz\/index.php\/wp-json\/wp\/v2\/pages"}],"about":[{"href":"https:\/\/spei.cz\/index.php\/wp-json\/wp\/v2\/types\/page"}],"author":[{"embeddable":true,"href":"https:\/\/spei.cz\/index.php\/wp-json\/wp\/v2\/users\/1"}],"replies":[{"embeddable":true,"href":"https:\/\/spei.cz\/index.php\/wp-json\/wp\/v2\/comments?post=398"}],"version-history":[{"count":52,"href":"https:\/\/spei.cz\/index.php\/wp-json\/wp\/v2\/pages\/398\/revisions"}],"predecessor-version":[{"id":2437,"href":"https:\/\/spei.cz\/index.php\/wp-json\/wp\/v2\/pages\/398\/revisions\/2437"}],"wp:attachment":[{"href":"https:\/\/spei.cz\/index.php\/wp-json\/wp\/v2\/media?parent=398"}],"curies":[{"name":"wp","href":"https:\/\/api.w.org\/{rel}","templated":true}]}}