{"id":551,"date":"2019-05-30T10:33:29","date_gmt":"2019-05-30T08:33:29","guid":{"rendered":"https:\/\/spei.cz\/?page_id=551"},"modified":"2024-03-21T16:32:46","modified_gmt":"2024-03-21T15:32:46","slug":"klimatizace","status":"publish","type":"page","link":"https:\/\/spei.cz\/index.php\/klimatizace\/","title":{"rendered":"Klimatizace"},"content":{"rendered":"\t\t<div data-elementor-type=\"wp-post\" data-elementor-id=\"551\" class=\"elementor elementor-551\" data-elementor-post-type=\"page\">\n\t\t\t\t\t\t<section class=\"elementor-section elementor-top-section elementor-element elementor-element-b9fc34c elementor-section-boxed elementor-section-height-default elementor-section-height-default\" data-id=\"b9fc34c\" data-element_type=\"section\" data-e-type=\"section\">\n\t\t\t\t\t\t<div class=\"elementor-container elementor-column-gap-default\">\n\t\t\t\t\t<div class=\"elementor-column elementor-col-100 elementor-top-column elementor-element elementor-element-f3b84d2\" data-id=\"f3b84d2\" data-element_type=\"column\" data-e-type=\"column\">\n\t\t\t<div class=\"elementor-widget-wrap elementor-element-populated\">\n\t\t\t\t\t\t<div class=\"elementor-element elementor-element-8fc4218 elementor-widget elementor-widget-heading\" data-id=\"8fc4218\" data-element_type=\"widget\" data-e-type=\"widget\" data-widget_type=\"heading.default\">\n\t\t\t\t<div class=\"elementor-widget-container\">\n\t\t\t\t\t<h4 class=\"elementor-heading-title elementor-size-default\">Klimatizace<\/h4>\t\t\t\t<\/div>\n\t\t\t\t<\/div>\n\t\t\t\t<div class=\"elementor-element elementor-element-698b472 elementor-widget elementor-widget-text-editor\" data-id=\"698b472\" data-element_type=\"widget\" data-e-type=\"widget\" data-widget_type=\"text-editor.default\">\n\t\t\t\t<div class=\"elementor-widget-container\">\n\t\t\t\t\t\t\t\t\t<p>Pln\u011bn\u00ed chladivem <strong>R134a<\/strong>, nov\u011b <strong>1234yf<\/strong><\/p><p><img fetchpriority=\"high\" decoding=\"async\" class=\"size-medium wp-image-559 alignright\" src=\"https:\/\/spei.cz\/wp-content\/uploads\/2019\/05\/air-conditioning-3383186_960_720-300x225.png\" alt=\"\" width=\"300\" height=\"225\" srcset=\"https:\/\/spei.cz\/wp-content\/uploads\/2019\/05\/air-conditioning-3383186_960_720-300x225.png 300w, https:\/\/spei.cz\/wp-content\/uploads\/2019\/05\/air-conditioning-3383186_960_720-768x576.png 768w, https:\/\/spei.cz\/wp-content\/uploads\/2019\/05\/air-conditioning-3383186_960_720.png 960w\" sizes=\"(max-width: 300px) 100vw, 300px\" \/><\/p><p><strong>Cena pln\u011bn\u00ed:<\/strong><\/p><p>Servis klimatizace (pln\u011bn\u00ed, regenerace)\u00a0 &#8211; <i>1 815<\/i><em>\u00a0K\u010d s DPH<\/em><\/p><p>Dezinfekce oz\u00f3nem &#8211; 666<em>\u00a0K\u010d s DPH<\/em><\/p><p><strong>Cena chladiva:<\/strong><\/p><p><strong>R134a &#8211;<\/strong>\u00a0<em>2,50 K\u010d\/1 gram<\/em><span class=\"text_exposed_show\"><br \/><strong>1234yf &#8211;<\/strong>\u00a0<em>9,70 K\u010d\/1 gram<\/em><\/span><\/p><p><strong><span class=\"text_exposed_show\">*\u00fa\u010dtuje se dle mno\u017estv\u00ed dopln\u011bn\u00e9ho c<\/span><\/strong><strong><span class=\"text_exposed_show\">hladiva.<\/span><\/strong><\/p><div class=\"text_exposed_show\"><p>Ozonov\u00e9 \u010di\u0161t\u011bn\u00ed interi\u00e9ru a klimatizace je nejnov\u011bj\u0161\u00ed technologi\u00ed v oblasti dezinfekce klimatizace.<\/p><p>Va\u0161\u00ed klimatizaci a interi\u00e9r vozu zbav\u00ed zdrav\u00ed \u0161kodliv\u00fdch mikroorganizm\u016f, bakteri\u00ed, pl\u00edsn\u00ed zp\u016fsobuj\u00edc\u00ed nep\u0159\u00edjemn\u00fd z\u00e1pach.<\/p><p>Ned\u00fdchejte bakterie a pl\u00edsn\u011b, kter\u00e9 se v klimatizaci automobilu dob\u0159e mno\u017e\u00ed.<\/p><\/div>\t\t\t\t\t\t\t\t<\/div>\n\t\t\t\t<\/div>\n\t\t\t\t<div class=\"elementor-element elementor-element-3ee3ee9 elementor-widget elementor-widget-image\" data-id=\"3ee3ee9\" data-element_type=\"widget\" data-e-type=\"widget\" data-widget_type=\"image.default\">\n\t\t\t\t<div class=\"elementor-widget-container\">\n\t\t\t\t\t\t\t\t\t\t\t\t\t\t\t<img decoding=\"async\" width=\"800\" height=\"512\" src=\"https:\/\/spei.cz\/wp-content\/uploads\/2021\/05\/shutterstock_602853122-1024x655.jpg\" class=\"attachment-large size-large wp-image-1442\" alt=\"\" srcset=\"https:\/\/spei.cz\/wp-content\/uploads\/2021\/05\/shutterstock_602853122-1024x655.jpg 1024w, https:\/\/spei.cz\/wp-content\/uploads\/2021\/05\/shutterstock_602853122-300x192.jpg 300w, https:\/\/spei.cz\/wp-content\/uploads\/2021\/05\/shutterstock_602853122-768x491.jpg 768w, https:\/\/spei.cz\/wp-content\/uploads\/2021\/05\/shutterstock_602853122-1536x982.jpg 1536w, https:\/\/spei.cz\/wp-content\/uploads\/2021\/05\/shutterstock_602853122-2048x1310.jpg 2048w\" sizes=\"(max-width: 800px) 100vw, 800px\" \/>\t\t\t\t\t\t\t\t\t\t\t\t\t\t\t<\/div>\n\t\t\t\t<\/div>\n\t\t\t\t\t<\/div>\n\t\t<\/div>\n\t\t\t\t\t<\/div>\n\t\t<\/section>\n\t\t\t\t<\/div>\n\t\t","protected":false},"excerpt":{"rendered":"<p>Klimatizace Pln\u011bn\u00ed chladivem R134a, nov\u011b 1234yf Cena pln\u011bn\u00ed: Servis klimatizace (pln\u011bn\u00ed, regenerace)\u00a0 &#8211; 1 815\u00a0K\u010d s DPH Dezinfekce oz\u00f3nem &#8211;<\/p>\n","protected":false},"author":1,"featured_media":0,"parent":0,"menu_order":0,"comment_status":"closed","ping_status":"closed","template":"","meta":{"colormag_page_container_layout":"default_layout","colormag_page_sidebar_layout":"default_layout","footnotes":""},"class_list":["post-551","page","type-page","status-publish","hentry"],"yoast_head":"<!-- This site is optimized with the Yoast SEO plugin v27.5 - https:\/\/yoast.com\/product\/yoast-seo-wordpress\/ -->\r\n<title>Klimatizace - SPEI SERVIS<\/title>\r\n<meta name=\"robots\" content=\"index, follow, max-snippet:-1, max-image-preview:large, max-video-preview:-1\" \/>\r\n<link rel=\"canonical\" href=\"https:\/\/spei.cz\/index.php\/klimatizace\/\" \/>\r\n<meta property=\"og:locale\" content=\"cs_CZ\" \/>\r\n<meta property=\"og:type\" content=\"article\" \/>\r\n<meta property=\"og:title\" content=\"Klimatizace - SPEI SERVIS\" \/>\r\n<meta property=\"og:description\" content=\"Klimatizace Pln\u011bn\u00ed chladivem R134a, nov\u011b 1234yf Cena pln\u011bn\u00ed: Servis klimatizace (pln\u011bn\u00ed, regenerace)\u00a0 &#8211; 1 815\u00a0K\u010d s DPH Dezinfekce oz\u00f3nem &#8211;\" \/>\r\n<meta property=\"og:url\" content=\"https:\/\/spei.cz\/index.php\/klimatizace\/\" \/>\r\n<meta property=\"og:site_name\" content=\"SPEI SERVIS\" \/>\r\n<meta property=\"article:publisher\" content=\"https:\/\/www.facebook.com\/spei.servis\" \/>\r\n<meta property=\"article:modified_time\" content=\"2024-03-21T15:32:46+00:00\" \/>\r\n<meta property=\"og:image\" content=\"https:\/\/spei.cz\/wp-content\/uploads\/2019\/05\/air-conditioning-3383186_960_720-300x225.png\" \/>\r\n<meta name=\"twitter:card\" content=\"summary_large_image\" \/>\r\n<meta name=\"twitter:label1\" content=\"Odhadovan\u00e1 doba \u010dten\u00ed\" \/>\n\t<meta name=\"twitter:data1\" content=\"1 minuta\" \/>\r\n<script type=\"application\/ld+json\" class=\"yoast-schema-graph\">{\"@context\":\"https:\\\/\\\/schema.org\",\"@graph\":[{\"@type\":\"WebPage\",\"@id\":\"https:\\\/\\\/spei.cz\\\/index.php\\\/klimatizace\\\/\",\"url\":\"https:\\\/\\\/spei.cz\\\/index.php\\\/klimatizace\\\/\",\"name\":\"Klimatizace - SPEI SERVIS\",\"isPartOf\":{\"@id\":\"https:\\\/\\\/spei.cz\\\/#website\"},\"primaryImageOfPage\":{\"@id\":\"https:\\\/\\\/spei.cz\\\/index.php\\\/klimatizace\\\/#primaryimage\"},\"image\":{\"@id\":\"https:\\\/\\\/spei.cz\\\/index.php\\\/klimatizace\\\/#primaryimage\"},\"thumbnailUrl\":\"https:\\\/\\\/spei.cz\\\/wp-content\\\/uploads\\\/2019\\\/05\\\/air-conditioning-3383186_960_720-300x225.png\",\"datePublished\":\"2019-05-30T08:33:29+00:00\",\"dateModified\":\"2024-03-21T15:32:46+00:00\",\"breadcrumb\":{\"@id\":\"https:\\\/\\\/spei.cz\\\/index.php\\\/klimatizace\\\/#breadcrumb\"},\"inLanguage\":\"cs\",\"potentialAction\":[{\"@type\":\"ReadAction\",\"target\":[\"https:\\\/\\\/spei.cz\\\/index.php\\\/klimatizace\\\/\"]}]},{\"@type\":\"ImageObject\",\"inLanguage\":\"cs\",\"@id\":\"https:\\\/\\\/spei.cz\\\/index.php\\\/klimatizace\\\/#primaryimage\",\"url\":\"https:\\\/\\\/spei.cz\\\/wp-content\\\/uploads\\\/2019\\\/05\\\/air-conditioning-3383186_960_720.png\",\"contentUrl\":\"https:\\\/\\\/spei.cz\\\/wp-content\\\/uploads\\\/2019\\\/05\\\/air-conditioning-3383186_960_720.png\",\"width\":960,\"height\":720},{\"@type\":\"BreadcrumbList\",\"@id\":\"https:\\\/\\\/spei.cz\\\/index.php\\\/klimatizace\\\/#breadcrumb\",\"itemListElement\":[{\"@type\":\"ListItem\",\"position\":1,\"name\":\"Dom\u016f\",\"item\":\"https:\\\/\\\/spei.cz\\\/\"},{\"@type\":\"ListItem\",\"position\":2,\"name\":\"Klimatizace\"}]},{\"@type\":\"WebSite\",\"@id\":\"https:\\\/\\\/spei.cz\\\/#website\",\"url\":\"https:\\\/\\\/spei.cz\\\/\",\"name\":\"SPEI SERVIS\",\"description\":\"Autoservis v\u0161ech zna\u010dek!\",\"publisher\":{\"@id\":\"https:\\\/\\\/spei.cz\\\/#organization\"},\"potentialAction\":[{\"@type\":\"SearchAction\",\"target\":{\"@type\":\"EntryPoint\",\"urlTemplate\":\"https:\\\/\\\/spei.cz\\\/?s={search_term_string}\"},\"query-input\":{\"@type\":\"PropertyValueSpecification\",\"valueRequired\":true,\"valueName\":\"search_term_string\"}}],\"inLanguage\":\"cs\"},{\"@type\":\"Organization\",\"@id\":\"https:\\\/\\\/spei.cz\\\/#organization\",\"name\":\"SPEI SERVIS\",\"url\":\"https:\\\/\\\/spei.cz\\\/\",\"logo\":{\"@type\":\"ImageObject\",\"inLanguage\":\"cs\",\"@id\":\"https:\\\/\\\/spei.cz\\\/#\\\/schema\\\/logo\\\/image\\\/\",\"url\":\"https:\\\/\\\/spei.cz\\\/wp-content\\\/uploads\\\/2020\\\/01\\\/cropped-big_logo_SPEI30_high.png\",\"contentUrl\":\"https:\\\/\\\/spei.cz\\\/wp-content\\\/uploads\\\/2020\\\/01\\\/cropped-big_logo_SPEI30_high.png\",\"width\":3615,\"height\":851,\"caption\":\"SPEI SERVIS\"},\"image\":{\"@id\":\"https:\\\/\\\/spei.cz\\\/#\\\/schema\\\/logo\\\/image\\\/\"},\"sameAs\":[\"https:\\\/\\\/www.facebook.com\\\/spei.servis\"]}]}<\/script>\r\n<!-- \/ Yoast SEO plugin. -->","yoast_head_json":{"title":"Klimatizace - SPEI SERVIS","robots":{"index":"index","follow":"follow","max-snippet":"max-snippet:-1","max-image-preview":"max-image-preview:large","max-video-preview":"max-video-preview:-1"},"canonical":"https:\/\/spei.cz\/index.php\/klimatizace\/","og_locale":"cs_CZ","og_type":"article","og_title":"Klimatizace - SPEI SERVIS","og_description":"Klimatizace Pln\u011bn\u00ed chladivem R134a, nov\u011b 1234yf Cena pln\u011bn\u00ed: Servis klimatizace (pln\u011bn\u00ed, regenerace)\u00a0 &#8211; 1 815\u00a0K\u010d s DPH Dezinfekce oz\u00f3nem &#8211;","og_url":"https:\/\/spei.cz\/index.php\/klimatizace\/","og_site_name":"SPEI SERVIS","article_publisher":"https:\/\/www.facebook.com\/spei.servis","article_modified_time":"2024-03-21T15:32:46+00:00","og_image":[{"url":"https:\/\/spei.cz\/wp-content\/uploads\/2019\/05\/air-conditioning-3383186_960_720-300x225.png","type":"","width":"","height":""}],"twitter_card":"summary_large_image","twitter_misc":{"Odhadovan\u00e1 doba \u010dten\u00ed":"1 minuta"},"schema":{"@context":"https:\/\/schema.org","@graph":[{"@type":"WebPage","@id":"https:\/\/spei.cz\/index.php\/klimatizace\/","url":"https:\/\/spei.cz\/index.php\/klimatizace\/","name":"Klimatizace - SPEI SERVIS","isPartOf":{"@id":"https:\/\/spei.cz\/#website"},"primaryImageOfPage":{"@id":"https:\/\/spei.cz\/index.php\/klimatizace\/#primaryimage"},"image":{"@id":"https:\/\/spei.cz\/index.php\/klimatizace\/#primaryimage"},"thumbnailUrl":"https:\/\/spei.cz\/wp-content\/uploads\/2019\/05\/air-conditioning-3383186_960_720-300x225.png","datePublished":"2019-05-30T08:33:29+00:00","dateModified":"2024-03-21T15:32:46+00:00","breadcrumb":{"@id":"https:\/\/spei.cz\/index.php\/klimatizace\/#breadcrumb"},"inLanguage":"cs","potentialAction":[{"@type":"ReadAction","target":["https:\/\/spei.cz\/index.php\/klimatizace\/"]}]},{"@type":"ImageObject","inLanguage":"cs","@id":"https:\/\/spei.cz\/index.php\/klimatizace\/#primaryimage","url":"https:\/\/spei.cz\/wp-content\/uploads\/2019\/05\/air-conditioning-3383186_960_720.png","contentUrl":"https:\/\/spei.cz\/wp-content\/uploads\/2019\/05\/air-conditioning-3383186_960_720.png","width":960,"height":720},{"@type":"BreadcrumbList","@id":"https:\/\/spei.cz\/index.php\/klimatizace\/#breadcrumb","itemListElement":[{"@type":"ListItem","position":1,"name":"Dom\u016f","item":"https:\/\/spei.cz\/"},{"@type":"ListItem","position":2,"name":"Klimatizace"}]},{"@type":"WebSite","@id":"https:\/\/spei.cz\/#website","url":"https:\/\/spei.cz\/","name":"SPEI SERVIS","description":"Autoservis v\u0161ech zna\u010dek!","publisher":{"@id":"https:\/\/spei.cz\/#organization"},"potentialAction":[{"@type":"SearchAction","target":{"@type":"EntryPoint","urlTemplate":"https:\/\/spei.cz\/?s={search_term_string}"},"query-input":{"@type":"PropertyValueSpecification","valueRequired":true,"valueName":"search_term_string"}}],"inLanguage":"cs"},{"@type":"Organization","@id":"https:\/\/spei.cz\/#organization","name":"SPEI SERVIS","url":"https:\/\/spei.cz\/","logo":{"@type":"ImageObject","inLanguage":"cs","@id":"https:\/\/spei.cz\/#\/schema\/logo\/image\/","url":"https:\/\/spei.cz\/wp-content\/uploads\/2020\/01\/cropped-big_logo_SPEI30_high.png","contentUrl":"https:\/\/spei.cz\/wp-content\/uploads\/2020\/01\/cropped-big_logo_SPEI30_high.png","width":3615,"height":851,"caption":"SPEI SERVIS"},"image":{"@id":"https:\/\/spei.cz\/#\/schema\/logo\/image\/"},"sameAs":["https:\/\/www.facebook.com\/spei.servis"]}]}},"_links":{"self":[{"href":"https:\/\/spei.cz\/index.php\/wp-json\/wp\/v2\/pages\/551","targetHints":{"allow":["GET"]}}],"collection":[{"href":"https:\/\/spei.cz\/index.php\/wp-json\/wp\/v2\/pages"}],"about":[{"href":"https:\/\/spei.cz\/index.php\/wp-json\/wp\/v2\/types\/page"}],"author":[{"embeddable":true,"href":"https:\/\/spei.cz\/index.php\/wp-json\/wp\/v2\/users\/1"}],"replies":[{"embeddable":true,"href":"https:\/\/spei.cz\/index.php\/wp-json\/wp\/v2\/comments?post=551"}],"version-history":[{"count":43,"href":"https:\/\/spei.cz\/index.php\/wp-json\/wp\/v2\/pages\/551\/revisions"}],"predecessor-version":[{"id":2415,"href":"https:\/\/spei.cz\/index.php\/wp-json\/wp\/v2\/pages\/551\/revisions\/2415"}],"wp:attachment":[{"href":"https:\/\/spei.cz\/index.php\/wp-json\/wp\/v2\/media?parent=551"}],"curies":[{"name":"wp","href":"https:\/\/api.w.org\/{rel}","templated":true}]}}