{"id":957,"date":"2020-03-19T16:30:47","date_gmt":"2020-03-19T15:30:47","guid":{"rendered":"https:\/\/spei.cz\/?page_id=957"},"modified":"2024-03-21T16:28:57","modified_gmt":"2024-03-21T15:28:57","slug":"geometrie","status":"publish","type":"page","link":"https:\/\/spei.cz\/index.php\/geometrie\/","title":{"rendered":"Geometrie"},"content":{"rendered":"\t\t<div data-elementor-type=\"wp-page\" data-elementor-id=\"957\" class=\"elementor elementor-957\" data-elementor-post-type=\"page\">\n\t\t\t\t\t\t<section class=\"elementor-section elementor-top-section elementor-element elementor-element-c049192 elementor-section-boxed elementor-section-height-default elementor-section-height-default\" data-id=\"c049192\" data-element_type=\"section\" data-e-type=\"section\">\n\t\t\t\t\t\t<div class=\"elementor-container elementor-column-gap-default\">\n\t\t\t\t\t<div class=\"elementor-column elementor-col-100 elementor-top-column elementor-element elementor-element-c16af2e\" data-id=\"c16af2e\" data-element_type=\"column\" data-e-type=\"column\">\n\t\t\t<div class=\"elementor-widget-wrap elementor-element-populated\">\n\t\t\t\t\t\t<div class=\"elementor-element elementor-element-4645928 elementor-widget elementor-widget-heading\" data-id=\"4645928\" data-element_type=\"widget\" data-e-type=\"widget\" data-widget_type=\"heading.default\">\n\t\t\t\t<div class=\"elementor-widget-container\">\n\t\t\t\t\t<h5 class=\"elementor-heading-title elementor-size-default\">Geometrie<\/h5>\t\t\t\t<\/div>\n\t\t\t\t<\/div>\n\t\t\t\t<div class=\"elementor-element elementor-element-e56ca4c elementor-widget elementor-widget-text-editor\" data-id=\"e56ca4c\" data-element_type=\"widget\" data-e-type=\"widget\" data-widget_type=\"text-editor.default\">\n\t\t\t\t<div class=\"elementor-widget-container\">\n\t\t\t\t\t\t\t\t\t<p>Po ujet\u00ed ur\u010dit\u00e9ho po\u010dtu kilometr\u016f, po vjet\u00ed do kan\u00e1lu, d\u00edry, \u010di sjet\u00ed obrubn\u00edku &#8211; ve v\u0161ech t\u011bchto p\u0159\u00edpadech (a n\u011bkter\u00fdch dal\u0161\u00edch) doch\u00e1z\u00ed k po\u0161kozeni n\u00e1prav a Va\u0161e kola je nutn\u00e9 znovu se\u0159\u00eddit. V opa\u010dn\u00e9m p\u0159\u00edpad\u011b doch\u00e1z\u00ed ke zhor\u0161en\u00ed j\u00edzdn\u00edch vlastnosti vozidla a ni\u010den\u00ed pneumatik.<\/p><p>Pokud Va\u0161e vozidlo za\u010dalo t\u00e1hnout do stran p\u0159i p\u0159\u00edm\u00e9 j\u00edzd\u011b, \u010di c\u00edt\u00edte vibrace volantu, je nejvy\u0161\u0161\u00ed \u010das se\u0159\u00eddit geometrii kol Va\u0161eho vozidla.<\/p><p>S vyu\u017eit\u00edm modern\u00edch po\u010d\u00edta\u010dov\u00fdch technologi\u00ed se\u0159\u00edd\u00edme geometrii kol na p\u0159edn\u00ed i zadn\u00ed n\u00e1prav\u011b Va\u0161eho vozidla tak, aby nedoch\u00e1zelo k po\u0161kozov\u00e1n\u00ed pneumatik a zhor\u0161ov\u00e1n\u00ed j\u00edzdn\u00edch vlastnost\u00ed.<\/p>\t\t\t\t\t\t\t\t<\/div>\n\t\t\t\t<\/div>\n\t\t\t\t\t<\/div>\n\t\t<\/div>\n\t\t\t\t\t<\/div>\n\t\t<\/section>\n\t\t\t\t<\/div>\n\t\t","protected":false},"excerpt":{"rendered":"<p>Geometrie Po ujet\u00ed ur\u010dit\u00e9ho po\u010dtu kilometr\u016f, po vjet\u00ed do kan\u00e1lu, d\u00edry, \u010di sjet\u00ed obrubn\u00edku &#8211; ve v\u0161ech t\u011bchto p\u0159\u00edpadech (a<\/p>\n","protected":false},"author":1,"featured_media":0,"parent":0,"menu_order":0,"comment_status":"closed","ping_status":"closed","template":"","meta":{"colormag_page_container_layout":"default_layout","colormag_page_sidebar_layout":"default_layout","footnotes":""},"class_list":["post-957","page","type-page","status-publish","hentry"],"yoast_head":"<!-- This site is optimized with the Yoast SEO plugin v27.5 - https:\/\/yoast.com\/product\/yoast-seo-wordpress\/ -->\r\n<title>Geometrie - SPEI SERVIS<\/title>\r\n<meta name=\"robots\" content=\"index, follow, max-snippet:-1, max-image-preview:large, max-video-preview:-1\" \/>\r\n<link rel=\"canonical\" href=\"https:\/\/spei.cz\/index.php\/geometrie\/\" \/>\r\n<meta property=\"og:locale\" content=\"cs_CZ\" \/>\r\n<meta property=\"og:type\" content=\"article\" \/>\r\n<meta property=\"og:title\" content=\"Geometrie - SPEI SERVIS\" \/>\r\n<meta property=\"og:description\" content=\"Geometrie Po ujet\u00ed ur\u010dit\u00e9ho po\u010dtu kilometr\u016f, po vjet\u00ed do kan\u00e1lu, d\u00edry, \u010di sjet\u00ed obrubn\u00edku &#8211; ve v\u0161ech t\u011bchto p\u0159\u00edpadech (a\" \/>\r\n<meta property=\"og:url\" content=\"https:\/\/spei.cz\/index.php\/geometrie\/\" \/>\r\n<meta property=\"og:site_name\" content=\"SPEI SERVIS\" \/>\r\n<meta property=\"article:publisher\" content=\"https:\/\/www.facebook.com\/spei.servis\" \/>\r\n<meta property=\"article:modified_time\" content=\"2024-03-21T15:28:57+00:00\" \/>\r\n<meta name=\"twitter:card\" content=\"summary_large_image\" \/>\r\n<meta name=\"twitter:label1\" content=\"Odhadovan\u00e1 doba \u010dten\u00ed\" \/>\n\t<meta name=\"twitter:data1\" content=\"1 minuta\" \/>\r\n<script type=\"application\/ld+json\" class=\"yoast-schema-graph\">{\"@context\":\"https:\\\/\\\/schema.org\",\"@graph\":[{\"@type\":\"WebPage\",\"@id\":\"https:\\\/\\\/spei.cz\\\/index.php\\\/geometrie\\\/\",\"url\":\"https:\\\/\\\/spei.cz\\\/index.php\\\/geometrie\\\/\",\"name\":\"Geometrie - SPEI SERVIS\",\"isPartOf\":{\"@id\":\"https:\\\/\\\/spei.cz\\\/#website\"},\"datePublished\":\"2020-03-19T15:30:47+00:00\",\"dateModified\":\"2024-03-21T15:28:57+00:00\",\"breadcrumb\":{\"@id\":\"https:\\\/\\\/spei.cz\\\/index.php\\\/geometrie\\\/#breadcrumb\"},\"inLanguage\":\"cs\",\"potentialAction\":[{\"@type\":\"ReadAction\",\"target\":[\"https:\\\/\\\/spei.cz\\\/index.php\\\/geometrie\\\/\"]}]},{\"@type\":\"BreadcrumbList\",\"@id\":\"https:\\\/\\\/spei.cz\\\/index.php\\\/geometrie\\\/#breadcrumb\",\"itemListElement\":[{\"@type\":\"ListItem\",\"position\":1,\"name\":\"Dom\u016f\",\"item\":\"https:\\\/\\\/spei.cz\\\/\"},{\"@type\":\"ListItem\",\"position\":2,\"name\":\"Geometrie\"}]},{\"@type\":\"WebSite\",\"@id\":\"https:\\\/\\\/spei.cz\\\/#website\",\"url\":\"https:\\\/\\\/spei.cz\\\/\",\"name\":\"SPEI SERVIS\",\"description\":\"Autoservis v\u0161ech zna\u010dek!\",\"publisher\":{\"@id\":\"https:\\\/\\\/spei.cz\\\/#organization\"},\"potentialAction\":[{\"@type\":\"SearchAction\",\"target\":{\"@type\":\"EntryPoint\",\"urlTemplate\":\"https:\\\/\\\/spei.cz\\\/?s={search_term_string}\"},\"query-input\":{\"@type\":\"PropertyValueSpecification\",\"valueRequired\":true,\"valueName\":\"search_term_string\"}}],\"inLanguage\":\"cs\"},{\"@type\":\"Organization\",\"@id\":\"https:\\\/\\\/spei.cz\\\/#organization\",\"name\":\"SPEI SERVIS\",\"url\":\"https:\\\/\\\/spei.cz\\\/\",\"logo\":{\"@type\":\"ImageObject\",\"inLanguage\":\"cs\",\"@id\":\"https:\\\/\\\/spei.cz\\\/#\\\/schema\\\/logo\\\/image\\\/\",\"url\":\"https:\\\/\\\/spei.cz\\\/wp-content\\\/uploads\\\/2020\\\/01\\\/cropped-big_logo_SPEI30_high.png\",\"contentUrl\":\"https:\\\/\\\/spei.cz\\\/wp-content\\\/uploads\\\/2020\\\/01\\\/cropped-big_logo_SPEI30_high.png\",\"width\":3615,\"height\":851,\"caption\":\"SPEI SERVIS\"},\"image\":{\"@id\":\"https:\\\/\\\/spei.cz\\\/#\\\/schema\\\/logo\\\/image\\\/\"},\"sameAs\":[\"https:\\\/\\\/www.facebook.com\\\/spei.servis\"]}]}<\/script>\r\n<!-- \/ Yoast SEO plugin. -->","yoast_head_json":{"title":"Geometrie - SPEI SERVIS","robots":{"index":"index","follow":"follow","max-snippet":"max-snippet:-1","max-image-preview":"max-image-preview:large","max-video-preview":"max-video-preview:-1"},"canonical":"https:\/\/spei.cz\/index.php\/geometrie\/","og_locale":"cs_CZ","og_type":"article","og_title":"Geometrie - SPEI SERVIS","og_description":"Geometrie Po ujet\u00ed ur\u010dit\u00e9ho po\u010dtu kilometr\u016f, po vjet\u00ed do kan\u00e1lu, d\u00edry, \u010di sjet\u00ed obrubn\u00edku &#8211; ve v\u0161ech t\u011bchto p\u0159\u00edpadech (a","og_url":"https:\/\/spei.cz\/index.php\/geometrie\/","og_site_name":"SPEI SERVIS","article_publisher":"https:\/\/www.facebook.com\/spei.servis","article_modified_time":"2024-03-21T15:28:57+00:00","twitter_card":"summary_large_image","twitter_misc":{"Odhadovan\u00e1 doba \u010dten\u00ed":"1 minuta"},"schema":{"@context":"https:\/\/schema.org","@graph":[{"@type":"WebPage","@id":"https:\/\/spei.cz\/index.php\/geometrie\/","url":"https:\/\/spei.cz\/index.php\/geometrie\/","name":"Geometrie - SPEI SERVIS","isPartOf":{"@id":"https:\/\/spei.cz\/#website"},"datePublished":"2020-03-19T15:30:47+00:00","dateModified":"2024-03-21T15:28:57+00:00","breadcrumb":{"@id":"https:\/\/spei.cz\/index.php\/geometrie\/#breadcrumb"},"inLanguage":"cs","potentialAction":[{"@type":"ReadAction","target":["https:\/\/spei.cz\/index.php\/geometrie\/"]}]},{"@type":"BreadcrumbList","@id":"https:\/\/spei.cz\/index.php\/geometrie\/#breadcrumb","itemListElement":[{"@type":"ListItem","position":1,"name":"Dom\u016f","item":"https:\/\/spei.cz\/"},{"@type":"ListItem","position":2,"name":"Geometrie"}]},{"@type":"WebSite","@id":"https:\/\/spei.cz\/#website","url":"https:\/\/spei.cz\/","name":"SPEI SERVIS","description":"Autoservis v\u0161ech zna\u010dek!","publisher":{"@id":"https:\/\/spei.cz\/#organization"},"potentialAction":[{"@type":"SearchAction","target":{"@type":"EntryPoint","urlTemplate":"https:\/\/spei.cz\/?s={search_term_string}"},"query-input":{"@type":"PropertyValueSpecification","valueRequired":true,"valueName":"search_term_string"}}],"inLanguage":"cs"},{"@type":"Organization","@id":"https:\/\/spei.cz\/#organization","name":"SPEI SERVIS","url":"https:\/\/spei.cz\/","logo":{"@type":"ImageObject","inLanguage":"cs","@id":"https:\/\/spei.cz\/#\/schema\/logo\/image\/","url":"https:\/\/spei.cz\/wp-content\/uploads\/2020\/01\/cropped-big_logo_SPEI30_high.png","contentUrl":"https:\/\/spei.cz\/wp-content\/uploads\/2020\/01\/cropped-big_logo_SPEI30_high.png","width":3615,"height":851,"caption":"SPEI SERVIS"},"image":{"@id":"https:\/\/spei.cz\/#\/schema\/logo\/image\/"},"sameAs":["https:\/\/www.facebook.com\/spei.servis"]}]}},"_links":{"self":[{"href":"https:\/\/spei.cz\/index.php\/wp-json\/wp\/v2\/pages\/957","targetHints":{"allow":["GET"]}}],"collection":[{"href":"https:\/\/spei.cz\/index.php\/wp-json\/wp\/v2\/pages"}],"about":[{"href":"https:\/\/spei.cz\/index.php\/wp-json\/wp\/v2\/types\/page"}],"author":[{"embeddable":true,"href":"https:\/\/spei.cz\/index.php\/wp-json\/wp\/v2\/users\/1"}],"replies":[{"embeddable":true,"href":"https:\/\/spei.cz\/index.php\/wp-json\/wp\/v2\/comments?post=957"}],"version-history":[{"count":14,"href":"https:\/\/spei.cz\/index.php\/wp-json\/wp\/v2\/pages\/957\/revisions"}],"predecessor-version":[{"id":2395,"href":"https:\/\/spei.cz\/index.php\/wp-json\/wp\/v2\/pages\/957\/revisions\/2395"}],"wp:attachment":[{"href":"https:\/\/spei.cz\/index.php\/wp-json\/wp\/v2\/media?parent=957"}],"curies":[{"name":"wp","href":"https:\/\/api.w.org\/{rel}","templated":true}]}}